{"id":96,"date":"2025-10-03T13:04:52","date_gmt":"2025-10-03T13:04:52","guid":{"rendered":"https:\/\/demo.webbankasi.com\/137\/?page_id=96"},"modified":"2025-10-03T13:09:55","modified_gmt":"2025-10-03T13:09:55","slug":"hizmetlerimiz","status":"publish","type":"page","link":"https:\/\/demo.webbankasi.com\/137\/hizmetlerimiz\/","title":{"rendered":"Hizmetlerimiz"},"content":{"rendered":"\t\t<div data-elementor-type=\"wp-page\" data-elementor-id=\"96\" class=\"elementor elementor-96\" data-elementor-post-type=\"page\">\n\t\t\t\t<div class=\"elementor-element elementor-element-63d183c e-flex e-con-boxed e-con e-parent\" data-id=\"63d183c\" data-element_type=\"container\" data-settings=\"{&quot;background_background&quot;:&quot;classic&quot;}\">\n\t\t\t\t\t<div class=\"e-con-inner\">\n\t\t\t\t<div class=\"elementor-element elementor-element-2cb22330 elementor-widget-divider--view-line elementor-widget elementor-widget-divider\" data-id=\"2cb22330\" data-element_type=\"widget\" data-widget_type=\"divider.default\">\n\t\t\t\t\t\t\t<div class=\"elementor-divider\">\n\t\t\t<span class=\"elementor-divider-separator\">\n\t\t\t\t\t\t<\/span>\n\t\t<\/div>\n\t\t\t\t\t\t<\/div>\n\t\t\t\t<div class=\"elementor-element elementor-element-64cadff3 elementor-widget elementor-widget-heading\" data-id=\"64cadff3\" data-element_type=\"widget\" data-widget_type=\"heading.default\">\n\t\t\t\t\t<h2 class=\"elementor-heading-title elementor-size-default\">Hizmetlerimiz<\/h2>\t\t\t\t<\/div>\n\t\t\t\t<div class=\"elementor-element elementor-element-1c88e85 elementor-widget elementor-widget-heading\" data-id=\"1c88e85\" data-element_type=\"widget\" data-widget_type=\"heading.default\">\n\t\t\t\t\t<div class=\"elementor-heading-title elementor-size-default\">anasayfa \/ Hizmetlerimiz<\/div>\t\t\t\t<\/div>\n\t\t\t\t\t<\/div>\n\t\t\t\t<\/div>\n\t\t<div class=\"elementor-element elementor-element-5826486a e-flex e-con-boxed e-con e-parent\" data-id=\"5826486a\" data-element_type=\"container\" data-settings=\"{&quot;background_background&quot;:&quot;classic&quot;}\">\n\t\t\t\t\t<div class=\"e-con-inner\">\n\t\t<div class=\"elementor-element elementor-element-935a919 e-con-full e-flex e-con e-child\" data-id=\"935a919\" data-element_type=\"container\" data-settings=\"{&quot;background_background&quot;:&quot;classic&quot;}\">\n\t\t\t\t<div class=\"elementor-element elementor-element-7b4e0ed elementor-widget-divider--view-line elementor-widget elementor-widget-divider\" data-id=\"7b4e0ed\" data-element_type=\"widget\" data-widget_type=\"divider.default\">\n\t\t\t\t\t\t\t<div class=\"elementor-divider\">\n\t\t\t<span class=\"elementor-divider-separator\">\n\t\t\t\t\t\t<\/span>\n\t\t<\/div>\n\t\t\t\t\t\t<\/div>\n\t\t\t\t<div class=\"elementor-element elementor-element-332235b elementor-widget elementor-widget-heading\" data-id=\"332235b\" data-element_type=\"widget\" data-widget_type=\"heading.default\">\n\t\t\t\t\t<div class=\"elementor-heading-title elementor-size-default\">Ne Yap\u0131yoruz<\/div>\t\t\t\t<\/div>\n\t\t\t\t<div class=\"elementor-element elementor-element-4091261 animated-slow elementor-invisible elementor-widget elementor-widget-heading\" data-id=\"4091261\" data-element_type=\"widget\" data-settings=\"{&quot;_animation&quot;:&quot;fadeInUp&quot;}\" data-widget_type=\"heading.default\">\n\t\t\t\t\t<h3 class=\"elementor-heading-title elementor-size-default\">Daha \u0130yi Bir Yolculuk \u0130\u00e7in Bak\u0131m<\/h3>\t\t\t\t<\/div>\n\t\t<div class=\"elementor-element elementor-element-31d5328 e-con-full e-flex e-con e-child\" data-id=\"31d5328\" data-element_type=\"container\">\n\t\t\t\t<div class=\"elementor-element elementor-element-fc61a51 elementor-widget__width-initial animated-slow ekit-equal-height-disable elementor-invisible elementor-widget elementor-widget-elementskit-icon-box\" data-id=\"fc61a51\" data-element_type=\"widget\" data-settings=\"{&quot;_animation&quot;:&quot;fadeInLeft&quot;}\" data-widget_type=\"elementskit-icon-box.default\">\n\t\t\t\t\t<div class=\"ekit-wid-con\" >        <!-- link opening -->\n                <!-- end link opening -->\n\n        <div class=\"elementskit-infobox text-left text-left icon-top-align elementor-animation-   \">\n                            <div class=\"elementskit-box-header\">\n                <div class=\"elementskit-info-box-icon \">\n                    <img fetchpriority=\"high\" decoding=\"async\" width=\"300\" height=\"300\" src=\"https:\/\/demo.webbankasi.com\/137\/wp-content\/uploads\/2025\/10\/Service-1.png\" class=\"attachment- size-\" alt=\"\" srcset=\"https:\/\/demo.webbankasi.com\/137\/wp-content\/uploads\/2025\/10\/Service-1.png 300w, https:\/\/demo.webbankasi.com\/137\/wp-content\/uploads\/2025\/10\/Service-1-150x150.png 150w\" sizes=\"(max-width: 300px) 100vw, 300px\" \/>                <\/div>\n          <\/div>\n                <div class=\"box-body\">\n                            <h4 class=\"elementskit-info-box-title\">\n                    Poli\u00e7e D\u00fczenleme                 <\/h4>\n                        \t\t  \t<p>\"\u0130htiyac\u0131n\u0131za uygun sigortan\u0131z\u0131 h\u0131zl\u0131, g\u00fcvenilir ve \u015feffaf \u015fekilde d\u00fczenleyin; her ad\u0131mda yan\u0131n\u0131zday\u0131z. S\u00fcre\u00e7 boyunca uzman ekibimiz sizinle.\"<\/p>\n                                        <div class=\"box-footer disable_hover_button\">\n                    <div class=\"btn-wraper\">\n                                                            <a class=\"elementskit-btn whitespace--normal\" href=\"#\">\n                                        Daha fazla bilgi edinin                                        <i aria-hidden=\"true\" class=\"icon icon-arrow-right\"><\/i>                                    <\/a>\n                                                        <\/div>\n                <\/div>\n                    <\/div>\n        \n        \n                <\/div>\n        <\/div>\t\t\t\t<\/div>\n\t\t\t\t<div class=\"elementor-element elementor-element-b8e70ae elementor-widget__width-initial animated-slow ekit-equal-height-disable elementor-invisible elementor-widget elementor-widget-elementskit-icon-box\" data-id=\"b8e70ae\" data-element_type=\"widget\" data-settings=\"{&quot;_animation&quot;:&quot;fadeInUp&quot;}\" data-widget_type=\"elementskit-icon-box.default\">\n\t\t\t\t\t<div class=\"ekit-wid-con\" >        <!-- link opening -->\n                <!-- end link opening -->\n\n        <div class=\"elementskit-infobox text-left text-left icon-top-align elementor-animation-   \">\n                            <div class=\"elementskit-box-header\">\n                <div class=\"elementskit-info-box-icon \">\n                    <img decoding=\"async\" width=\"300\" height=\"300\" src=\"https:\/\/demo.webbankasi.com\/137\/wp-content\/uploads\/2025\/10\/Service-4.png\" class=\"attachment- size-\" alt=\"\" srcset=\"https:\/\/demo.webbankasi.com\/137\/wp-content\/uploads\/2025\/10\/Service-4.png 300w, https:\/\/demo.webbankasi.com\/137\/wp-content\/uploads\/2025\/10\/Service-4-150x150.png 150w\" sizes=\"(max-width: 300px) 100vw, 300px\" \/>                <\/div>\n          <\/div>\n                <div class=\"box-body\">\n                            <h4 class=\"elementskit-info-box-title\">\n                    Kapsam \u00d6zelle\u015ftirme                <\/h4>\n                        \t\t  \t<p>\"Sigortan\u0131z\u0131 ihtiya\u00e7lar\u0131n\u0131za g\u00f6re \u00f6zelle\u015ftirerek, sadece size \u00f6zel teminatlarla kapsaml\u0131 ve tam koruma sa\u011flay\u0131n.\"<\/p>\n                                        <div class=\"box-footer disable_hover_button\">\n                    <div class=\"btn-wraper\">\n                                                            <a class=\"elementskit-btn whitespace--normal\" href=\"#\">\n                                        Daha fazla bilgi edinin                                        <i aria-hidden=\"true\" class=\"icon icon-arrow-right\"><\/i>                                    <\/a>\n                                                        <\/div>\n                <\/div>\n                    <\/div>\n        \n        \n                <\/div>\n        <\/div>\t\t\t\t<\/div>\n\t\t\t\t<div class=\"elementor-element elementor-element-ceb7391 elementor-widget__width-initial animated-slow ekit-equal-height-disable elementor-invisible elementor-widget elementor-widget-elementskit-icon-box\" data-id=\"ceb7391\" data-element_type=\"widget\" data-settings=\"{&quot;_animation&quot;:&quot;fadeInRight&quot;}\" data-widget_type=\"elementskit-icon-box.default\">\n\t\t\t\t\t<div class=\"ekit-wid-con\" >        <!-- link opening -->\n                <!-- end link opening -->\n\n        <div class=\"elementskit-infobox text-left text-left icon-top-align elementor-animation-   \">\n                            <div class=\"elementskit-box-header\">\n                <div class=\"elementskit-info-box-icon \">\n                    <img decoding=\"async\" width=\"300\" height=\"300\" src=\"https:\/\/demo.webbankasi.com\/137\/wp-content\/uploads\/2025\/10\/Service-2.png\" class=\"attachment- size-\" alt=\"\" srcset=\"https:\/\/demo.webbankasi.com\/137\/wp-content\/uploads\/2025\/10\/Service-2.png 300w, https:\/\/demo.webbankasi.com\/137\/wp-content\/uploads\/2025\/10\/Service-2-150x150.png 150w\" sizes=\"(max-width: 300px) 100vw, 300px\" \/>                <\/div>\n          <\/div>\n                <div class=\"box-body\">\n                            <h4 class=\"elementskit-info-box-title\">\n                    Talep \u0130\u015fleme                <\/h4>\n                        \t\t  \t<p>\"Sigorta taleplerinizi h\u0131zl\u0131, \u015feffaf ve g\u00fcvenilir bir \u015fekilde i\u015fleyerek, hak etti\u011finiz deste\u011fe zaman\u0131nda ula\u015fman\u0131z\u0131 sa\u011fl\u0131yoruz.\"<\/p>\n                                        <div class=\"box-footer disable_hover_button\">\n                    <div class=\"btn-wraper\">\n                                                            <a class=\"elementskit-btn whitespace--normal\" href=\"#\">\n                                        Daha fazla bilgi edinin                                        <i aria-hidden=\"true\" class=\"icon icon-arrow-right\"><\/i>                                    <\/a>\n                                                        <\/div>\n                <\/div>\n                    <\/div>\n        \n        \n                <\/div>\n        <\/div>\t\t\t\t<\/div>\n\t\t\t\t<div class=\"elementor-element elementor-element-b45c998 elementor-widget__width-initial animated-slow ekit-equal-height-disable elementor-invisible elementor-widget elementor-widget-elementskit-icon-box\" data-id=\"b45c998\" data-element_type=\"widget\" data-settings=\"{&quot;_animation&quot;:&quot;fadeInLeft&quot;}\" data-widget_type=\"elementskit-icon-box.default\">\n\t\t\t\t\t<div class=\"ekit-wid-con\" >        <!-- link opening -->\n                <!-- end link opening -->\n\n        <div class=\"elementskit-infobox text-left text-left icon-top-align elementor-animation-   \">\n                            <div class=\"elementskit-box-header\">\n                <div class=\"elementskit-info-box-icon \">\n                    <img loading=\"lazy\" decoding=\"async\" width=\"300\" height=\"300\" src=\"https:\/\/demo.webbankasi.com\/137\/wp-content\/uploads\/2025\/10\/Service-3.png\" class=\"attachment- size-\" alt=\"\" srcset=\"https:\/\/demo.webbankasi.com\/137\/wp-content\/uploads\/2025\/10\/Service-3.png 300w, https:\/\/demo.webbankasi.com\/137\/wp-content\/uploads\/2025\/10\/Service-3-150x150.png 150w\" sizes=\"(max-width: 300px) 100vw, 300px\" \/>                <\/div>\n          <\/div>\n                <div class=\"box-body\">\n                            <h4 class=\"elementskit-info-box-title\">\n                    M\u00fc\u015fteri Deste\u011fi                <\/h4>\n                        \t\t  \t<p>\"Her sorunuz ve ihtiyac\u0131n\u0131z i\u00e7in 7\/24 yan\u0131n\u0131zda, h\u0131zl\u0131 ve g\u00fcvenilir destek sunuyoruz.\"<\/p>\n                                        <div class=\"box-footer disable_hover_button\">\n                    <div class=\"btn-wraper\">\n                                                            <a class=\"elementskit-btn whitespace--normal\" href=\"#\">\n                                        Daha fazla bilgi edinin                                        <i aria-hidden=\"true\" class=\"icon icon-arrow-right\"><\/i>                                    <\/a>\n                                                        <\/div>\n                <\/div>\n                    <\/div>\n        \n        \n                <\/div>\n        <\/div>\t\t\t\t<\/div>\n\t\t\t\t<div class=\"elementor-element elementor-element-e6c8993 elementor-widget__width-initial animated-slow ekit-equal-height-disable elementor-invisible elementor-widget elementor-widget-elementskit-icon-box\" data-id=\"e6c8993\" data-element_type=\"widget\" data-settings=\"{&quot;_animation&quot;:&quot;fadeInUp&quot;}\" data-widget_type=\"elementskit-icon-box.default\">\n\t\t\t\t\t<div class=\"ekit-wid-con\" >        <!-- link opening -->\n                <!-- end link opening -->\n\n        <div class=\"elementskit-infobox text-left text-left icon-top-align elementor-animation-   \">\n                            <div class=\"elementskit-box-header\">\n                <div class=\"elementskit-info-box-icon \">\n                    <img loading=\"lazy\" decoding=\"async\" width=\"300\" height=\"300\" src=\"https:\/\/demo.webbankasi.com\/137\/wp-content\/uploads\/2025\/10\/Service-5.png\" class=\"attachment- size-\" alt=\"\" srcset=\"https:\/\/demo.webbankasi.com\/137\/wp-content\/uploads\/2025\/10\/Service-5.png 300w, https:\/\/demo.webbankasi.com\/137\/wp-content\/uploads\/2025\/10\/Service-5-150x150.png 150w\" sizes=\"(max-width: 300px) 100vw, 300px\" \/>                <\/div>\n          <\/div>\n                <div class=\"box-body\">\n                            <h4 class=\"elementskit-info-box-title\">\n                    Al\u0131nt\u0131 Kar\u015f\u0131la\u015ft\u0131rma                <\/h4>\n                        \t\t  \t<p>\"Farkl\u0131 sigorta tekliflerini kolayca kar\u015f\u0131la\u015ft\u0131r\u0131n, en uygun ve avantajl\u0131 poli\u00e7eyi se\u00e7in.\"<\/p>\n                                        <div class=\"box-footer disable_hover_button\">\n                    <div class=\"btn-wraper\">\n                                                            <a class=\"elementskit-btn whitespace--normal\" href=\"#\">\n                                        Daha fazla bilgi edinin                                        <i aria-hidden=\"true\" class=\"icon icon-arrow-right\"><\/i>                                    <\/a>\n                                                        <\/div>\n                <\/div>\n                    <\/div>\n        \n        \n                <\/div>\n        <\/div>\t\t\t\t<\/div>\n\t\t\t\t<div class=\"elementor-element elementor-element-11191c8 elementor-widget__width-initial animated-slow ekit-equal-height-disable elementor-invisible elementor-widget elementor-widget-elementskit-icon-box\" data-id=\"11191c8\" data-element_type=\"widget\" data-settings=\"{&quot;_animation&quot;:&quot;fadeInRight&quot;}\" data-widget_type=\"elementskit-icon-box.default\">\n\t\t\t\t\t<div class=\"ekit-wid-con\" >        <!-- link opening -->\n                <!-- end link opening -->\n\n        <div class=\"elementskit-infobox text-left text-left icon-top-align elementor-animation-   \">\n                            <div class=\"elementskit-box-header\">\n                <div class=\"elementskit-info-box-icon \">\n                    <img loading=\"lazy\" decoding=\"async\" width=\"300\" height=\"300\" src=\"https:\/\/demo.webbankasi.com\/137\/wp-content\/uploads\/2025\/10\/Service-6.png\" class=\"attachment- size-\" alt=\"\" srcset=\"https:\/\/demo.webbankasi.com\/137\/wp-content\/uploads\/2025\/10\/Service-6.png 300w, https:\/\/demo.webbankasi.com\/137\/wp-content\/uploads\/2025\/10\/Service-6-150x150.png 150w\" sizes=\"(max-width: 300px) 100vw, 300px\" \/>                <\/div>\n          <\/div>\n                <div class=\"box-body\">\n                            <h4 class=\"elementskit-info-box-title\">\n                    Risk De\u011ferlendirmesi                <\/h4>\n                        \t\t  \t<p>\"Olas\u0131 riskleri \u00f6nceden tespit ederek, size en uygun ve g\u00fcvenli sigorta \u00e7\u00f6z\u00fcmlerini sunuyoruz.\"<\/p>\n                                        <div class=\"box-footer disable_hover_button\">\n                    <div class=\"btn-wraper\">\n                                                            <a class=\"elementskit-btn whitespace--normal\" href=\"#\">\n                                        Daha fazla bilgi edinin                                        <i aria-hidden=\"true\" class=\"icon icon-arrow-right\"><\/i>                                    <\/a>\n                                                        <\/div>\n                <\/div>\n                    <\/div>\n        \n        \n                <\/div>\n        <\/div>\t\t\t\t<\/div>\n\t\t\t\t<\/div>\n\t\t\t\t<\/div>\n\t\t\t\t\t<\/div>\n\t\t\t\t<\/div>\n\t\t<div class=\"elementor-element elementor-element-237be003 e-flex e-con-boxed e-con e-parent\" data-id=\"237be003\" data-element_type=\"container\" data-settings=\"{&quot;background_background&quot;:&quot;classic&quot;}\">\n\t\t\t\t\t<div class=\"e-con-inner\">\n\t\t<div class=\"elementor-element elementor-element-913a9e2 e-con-full e-flex e-con e-child\" data-id=\"913a9e2\" data-element_type=\"container\" data-settings=\"{&quot;background_background&quot;:&quot;classic&quot;}\">\n\t\t<div class=\"elementor-element elementor-element-aaca0a1 e-con-full e-flex e-con e-child\" data-id=\"aaca0a1\" data-element_type=\"container\">\n\t\t<div class=\"elementor-element elementor-element-36c42c1 e-con-full e-flex e-con e-child\" data-id=\"36c42c1\" data-element_type=\"container\">\n\t\t\t\t<div class=\"elementor-element elementor-element-c3ecf8b elementor-widget-divider--view-line elementor-widget elementor-widget-divider\" data-id=\"c3ecf8b\" data-element_type=\"widget\" data-widget_type=\"divider.default\">\n\t\t\t\t\t\t\t<div class=\"elementor-divider\">\n\t\t\t<span class=\"elementor-divider-separator\">\n\t\t\t\t\t\t<\/span>\n\t\t<\/div>\n\t\t\t\t\t\t<\/div>\n\t\t\t\t<div class=\"elementor-element elementor-element-faa1841 elementor-widget elementor-widget-heading\" data-id=\"faa1841\" data-element_type=\"widget\" data-widget_type=\"heading.default\">\n\t\t\t\t\t<div class=\"elementor-heading-title elementor-size-default\">Nas\u0131l \u00c7al\u0131\u015f\u0131yoruz<\/div>\t\t\t\t<\/div>\n\t\t\t\t<div class=\"elementor-element elementor-element-2fbb642 animated-slow elementor-invisible elementor-widget elementor-widget-heading\" data-id=\"2fbb642\" data-element_type=\"widget\" data-settings=\"{&quot;_animation&quot;:&quot;fadeInUp&quot;}\" data-widget_type=\"heading.default\">\n\t\t\t\t\t<h3 class=\"elementor-heading-title elementor-size-default\">Tekliften Teminata<\/h3>\t\t\t\t<\/div>\n\t\t\t\t<\/div>\n\t\t<div class=\"elementor-element elementor-element-42cde52 e-con-full e-flex e-con e-child\" data-id=\"42cde52\" data-element_type=\"container\">\n\t\t\t\t<div class=\"elementor-element elementor-element-197a0ae elementor-widget elementor-widget-text-editor\" data-id=\"197a0ae\" data-element_type=\"widget\" data-widget_type=\"text-editor.default\">\n\t\t\t\t\t\t\t\t\t<p data-start=\"56\" data-end=\"155\"><strong data-start=\"56\" data-end=\"153\">&#8220;Sigorta teklifinizi kolayca olu\u015fturun ve h\u0131zl\u0131ca teminata d\u00f6n\u00fc\u015ft\u00fcrerek g\u00fcvence alt\u0131na al\u0131n.&#8221;<\/strong><\/p><p data-start=\"157\" data-end=\"227\" data-is-last-node=\"\" data-is-only-node=\"\">\u00a0<\/p>\t\t\t\t\t\t\t\t<\/div>\n\t\t\t\t<\/div>\n\t\t\t\t<\/div>\n\t\t<div class=\"elementor-element elementor-element-d413171 e-con-full e-flex e-con e-child\" data-id=\"d413171\" data-element_type=\"container\">\n\t\t\t\t<div class=\"elementor-element elementor-element-f8a5ac6 animated-slow elementor-widget-tablet__width-initial elementor-position-top elementor-invisible elementor-widget elementor-widget-image-box\" data-id=\"f8a5ac6\" data-element_type=\"widget\" data-settings=\"{&quot;_animation&quot;:&quot;fadeInRight&quot;}\" data-widget_type=\"image-box.default\">\n\t\t\t\t\t<div class=\"elementor-image-box-wrapper\"><figure class=\"elementor-image-box-img\"><img loading=\"lazy\" decoding=\"async\" width=\"300\" height=\"300\" src=\"https:\/\/demo.webbankasi.com\/137\/wp-content\/uploads\/2025\/10\/Step-1.png\" class=\"attachment-full size-full wp-image-53\" alt=\"\" srcset=\"https:\/\/demo.webbankasi.com\/137\/wp-content\/uploads\/2025\/10\/Step-1.png 300w, https:\/\/demo.webbankasi.com\/137\/wp-content\/uploads\/2025\/10\/Step-1-150x150.png 150w\" sizes=\"(max-width: 300px) 100vw, 300px\" \/><\/figure><div class=\"elementor-image-box-content\"><h5 class=\"elementor-image-box-title\">Olay\u0131 Bildirin<\/h5><\/div><\/div>\t\t\t\t<\/div>\n\t\t\t\t<div class=\"elementor-element elementor-element-5b3cdee animated-slow elementor-widget-tablet__width-initial elementor-position-top elementor-invisible elementor-widget elementor-widget-image-box\" data-id=\"5b3cdee\" data-element_type=\"widget\" data-settings=\"{&quot;_animation&quot;:&quot;fadeInRight&quot;,&quot;_animation_delay&quot;:200}\" data-widget_type=\"image-box.default\">\n\t\t\t\t\t<div class=\"elementor-image-box-wrapper\"><figure class=\"elementor-image-box-img\"><img loading=\"lazy\" decoding=\"async\" width=\"300\" height=\"300\" src=\"https:\/\/demo.webbankasi.com\/137\/wp-content\/uploads\/2025\/10\/Service-2.png\" class=\"attachment-full size-full wp-image-57\" alt=\"\" srcset=\"https:\/\/demo.webbankasi.com\/137\/wp-content\/uploads\/2025\/10\/Service-2.png 300w, https:\/\/demo.webbankasi.com\/137\/wp-content\/uploads\/2025\/10\/Service-2-150x150.png 150w\" sizes=\"(max-width: 300px) 100vw, 300px\" \/><\/figure><div class=\"elementor-image-box-content\"><h5 class=\"elementor-image-box-title\">Talepte Bulunun<\/h5><\/div><\/div>\t\t\t\t<\/div>\n\t\t\t\t<div class=\"elementor-element elementor-element-499e0bd animated-slow elementor-widget-tablet__width-initial elementor-position-top elementor-invisible elementor-widget elementor-widget-image-box\" data-id=\"499e0bd\" data-element_type=\"widget\" data-settings=\"{&quot;_animation&quot;:&quot;fadeInRight&quot;,&quot;_animation_delay&quot;:400}\" data-widget_type=\"image-box.default\">\n\t\t\t\t\t<div class=\"elementor-image-box-wrapper\"><figure class=\"elementor-image-box-img\"><img loading=\"lazy\" decoding=\"async\" width=\"300\" height=\"300\" src=\"https:\/\/demo.webbankasi.com\/137\/wp-content\/uploads\/2025\/10\/Step-3.png\" class=\"attachment-full size-full wp-image-65\" alt=\"\" srcset=\"https:\/\/demo.webbankasi.com\/137\/wp-content\/uploads\/2025\/10\/Step-3.png 300w, https:\/\/demo.webbankasi.com\/137\/wp-content\/uploads\/2025\/10\/Step-3-150x150.png 150w\" sizes=\"(max-width: 300px) 100vw, 300px\" \/><\/figure><div class=\"elementor-image-box-content\"><h5 class=\"elementor-image-box-title\">De\u011ferlendirme<\/h5><\/div><\/div>\t\t\t\t<\/div>\n\t\t\t\t<div class=\"elementor-element elementor-element-2bb9d87 animated-slow elementor-widget-tablet__width-initial elementor-position-top elementor-invisible elementor-widget elementor-widget-image-box\" data-id=\"2bb9d87\" data-element_type=\"widget\" data-settings=\"{&quot;_animation&quot;:&quot;fadeInRight&quot;,&quot;_animation_delay&quot;:600}\" data-widget_type=\"image-box.default\">\n\t\t\t\t\t<div class=\"elementor-image-box-wrapper\"><figure class=\"elementor-image-box-img\"><img loading=\"lazy\" decoding=\"async\" width=\"300\" height=\"300\" src=\"https:\/\/demo.webbankasi.com\/137\/wp-content\/uploads\/2025\/10\/Service-5.png\" class=\"attachment-full size-full wp-image-64\" alt=\"\" srcset=\"https:\/\/demo.webbankasi.com\/137\/wp-content\/uploads\/2025\/10\/Service-5.png 300w, https:\/\/demo.webbankasi.com\/137\/wp-content\/uploads\/2025\/10\/Service-5-150x150.png 150w\" sizes=\"(max-width: 300px) 100vw, 300px\" \/><\/figure><div class=\"elementor-image-box-content\"><h5 class=\"elementor-image-box-title\">Onay<\/h5><\/div><\/div>\t\t\t\t<\/div>\n\t\t\t\t<\/div>\n\t\t\t\t<\/div>\n\t\t\t\t\t<\/div>\n\t\t\t\t<\/div>\n\t\t\t\t<\/div>\n\t\t","protected":false},"excerpt":{"rendered":"<p>Hizmetlerimiz anasayfa \/ Hizmetlerimiz Ne Yap\u0131yoruz Daha \u0130yi Bir Yolculuk \u0130\u00e7in Bak\u0131m Poli\u00e7e D\u00fczenleme &#8220;\u0130htiyac\u0131n\u0131za uygun sigortan\u0131z\u0131 h\u0131zl\u0131, g\u00fcvenilir ve \u015feffaf \u015fekilde d\u00fczenleyin; her ad\u0131mda yan\u0131n\u0131zday\u0131z. S\u00fcre\u00e7 boyunca uzman ekibimiz sizinle.&#8221; Daha fazla bilgi edinin Kapsam \u00d6zelle\u015ftirme &#8220;Sigortan\u0131z\u0131 ihtiya\u00e7lar\u0131n\u0131za g\u00f6re \u00f6zelle\u015ftirerek, sadece size \u00f6zel teminatlarla kapsaml\u0131 ve tam koruma sa\u011flay\u0131n.&#8221; Daha fazla bilgi edinin Talep [&hellip;]<\/p>\n","protected":false},"author":3,"featured_media":0,"parent":0,"menu_order":0,"comment_status":"closed","ping_status":"closed","template":"elementor_header_footer","meta":{"footnotes":""},"class_list":["post-96","page","type-page","status-publish","hentry"],"_links":{"self":[{"href":"https:\/\/demo.webbankasi.com\/137\/wp-json\/wp\/v2\/pages\/96","targetHints":{"allow":["GET"]}}],"collection":[{"href":"https:\/\/demo.webbankasi.com\/137\/wp-json\/wp\/v2\/pages"}],"about":[{"href":"https:\/\/demo.webbankasi.com\/137\/wp-json\/wp\/v2\/types\/page"}],"author":[{"embeddable":true,"href":"https:\/\/demo.webbankasi.com\/137\/wp-json\/wp\/v2\/users\/3"}],"replies":[{"embeddable":true,"href":"https:\/\/demo.webbankasi.com\/137\/wp-json\/wp\/v2\/comments?post=96"}],"version-history":[{"count":4,"href":"https:\/\/demo.webbankasi.com\/137\/wp-json\/wp\/v2\/pages\/96\/revisions"}],"predecessor-version":[{"id":101,"href":"https:\/\/demo.webbankasi.com\/137\/wp-json\/wp\/v2\/pages\/96\/revisions\/101"}],"wp:attachment":[{"href":"https:\/\/demo.webbankasi.com\/137\/wp-json\/wp\/v2\/media?parent=96"}],"curies":[{"name":"wp","href":"https:\/\/api.w.org\/{rel}","templated":true}]}}