{"id":235,"date":"2025-08-11T11:02:53","date_gmt":"2025-08-11T11:02:53","guid":{"rendered":"https:\/\/demo.webbankasi.com\/129\/?page_id=235"},"modified":"2025-08-12T10:07:09","modified_gmt":"2025-08-12T10:07:09","slug":"servis-kiralama","status":"publish","type":"page","link":"https:\/\/demo.webbankasi.com\/129\/servis-kiralama\/","title":{"rendered":"Servis Kiralama"},"content":{"rendered":"\t\t<div data-elementor-type=\"wp-page\" data-elementor-id=\"235\" class=\"elementor elementor-235\" data-elementor-post-type=\"page\">\n\t\t\t\t<div class=\"elementor-element elementor-element-4d4f493e e-flex e-con-boxed e-con e-parent\" data-id=\"4d4f493e\" data-element_type=\"container\" data-settings=\"{&quot;background_background&quot;:&quot;classic&quot;}\">\n\t\t\t\t\t<div class=\"e-con-inner\">\n\t\t\t\t<div class=\"elementor-element elementor-element-5d10bb8a elementor-invisible elementor-widget elementor-widget-heading\" data-id=\"5d10bb8a\" data-element_type=\"widget\" data-settings=\"{&quot;_animation&quot;:&quot;fadeInUp&quot;}\" data-widget_type=\"heading.default\">\n\t\t\t\t\t<h1 class=\"elementor-heading-title elementor-size-default\">Servis Kiralama<\/h1>\t\t\t\t<\/div>\n\t\t\t\t<div class=\"elementor-element elementor-element-1bded573 elementor-widget__width-initial elementor-widget elementor-widget-spacer\" data-id=\"1bded573\" data-element_type=\"widget\" data-widget_type=\"spacer.default\">\n\t\t\t\t\t\t\t<div class=\"elementor-spacer\">\n\t\t\t<div class=\"elementor-spacer-inner\"><\/div>\n\t\t<\/div>\n\t\t\t\t\t\t<\/div>\n\t\t\t\t\t<\/div>\n\t\t\t\t<\/div>\n\t\t<div class=\"elementor-element elementor-element-184c2fe0 e-flex e-con-boxed e-con e-parent\" data-id=\"184c2fe0\" data-element_type=\"container\" data-settings=\"{&quot;background_background&quot;:&quot;classic&quot;,&quot;shape_divider_bottom&quot;:&quot;split&quot;}\">\n\t\t\t\t\t<div class=\"e-con-inner\">\n\t\t\t\t<div class=\"elementor-shape elementor-shape-bottom\" aria-hidden=\"true\" data-negative=\"false\">\n\t\t\t<svg xmlns=\"http:\/\/www.w3.org\/2000\/svg\" viewBox=\"0 0 1000 20\" preserveAspectRatio=\"none\">\n\t<path class=\"elementor-shape-fill\" d=\"M0,0v3c0,0,393.8,0,483.4,0c9.2,0,16.6,7.4,16.6,16.6c0-9.1,7.4-16.6,16.6-16.6C606.2,3,1000,3,1000,3V0H0z\"\/>\n<\/svg>\t\t<\/div>\n\t\t\t\t<div class=\"elementor-element elementor-element-17838d1d elementor-widget__width-inherit elementor-widget elementor-widget-heading\" data-id=\"17838d1d\" data-element_type=\"widget\" data-widget_type=\"heading.default\">\n\t\t\t\t\t<div class=\"elementor-heading-title elementor-size-default\">Elit Seyahat<\/div>\t\t\t\t<\/div>\n\t\t\t\t<div class=\"elementor-element elementor-element-6ebedfa5 elementor-widget__width-initial elementor-widget-mobile__width-inherit elementor-widget elementor-widget-heading\" data-id=\"6ebedfa5\" data-element_type=\"widget\" data-widget_type=\"heading.default\">\n\t\t\t\t\t<h2 class=\"elementor-heading-title elementor-size-default\">\u0130htiyac\u0131n\u0131za \u00d6zel Servis \u00c7\u00f6z\u00fcmleri<\/h2>\t\t\t\t<\/div>\n\t\t<div class=\"elementor-element elementor-element-4f3ca9c3 e-con-full e-flex e-con e-child\" data-id=\"4f3ca9c3\" data-element_type=\"container\">\n\t\t<div class=\"elementor-element elementor-element-4f827d9 e-con-full e-transform e-flex elementor-invisible e-con e-child\" data-id=\"4f827d9\" data-element_type=\"container\" data-settings=\"{&quot;animation&quot;:&quot;fadeInUp&quot;,&quot;_transform_translateY_effect_hover&quot;:{&quot;unit&quot;:&quot;px&quot;,&quot;size&quot;:-20,&quot;sizes&quot;:[]},&quot;_transform_translateX_effect_hover&quot;:{&quot;unit&quot;:&quot;px&quot;,&quot;size&quot;:&quot;&quot;,&quot;sizes&quot;:[]},&quot;_transform_translateX_effect_hover_widescreen&quot;:{&quot;unit&quot;:&quot;px&quot;,&quot;size&quot;:&quot;&quot;,&quot;sizes&quot;:[]},&quot;_transform_translateX_effect_hover_laptop&quot;:{&quot;unit&quot;:&quot;px&quot;,&quot;size&quot;:&quot;&quot;,&quot;sizes&quot;:[]},&quot;_transform_translateX_effect_hover_tablet_extra&quot;:{&quot;unit&quot;:&quot;px&quot;,&quot;size&quot;:&quot;&quot;,&quot;sizes&quot;:[]},&quot;_transform_translateX_effect_hover_tablet&quot;:{&quot;unit&quot;:&quot;px&quot;,&quot;size&quot;:&quot;&quot;,&quot;sizes&quot;:[]},&quot;_transform_translateX_effect_hover_mobile_extra&quot;:{&quot;unit&quot;:&quot;px&quot;,&quot;size&quot;:&quot;&quot;,&quot;sizes&quot;:[]},&quot;_transform_translateX_effect_hover_mobile&quot;:{&quot;unit&quot;:&quot;px&quot;,&quot;size&quot;:&quot;&quot;,&quot;sizes&quot;:[]},&quot;_transform_translateY_effect_hover_widescreen&quot;:{&quot;unit&quot;:&quot;px&quot;,&quot;size&quot;:&quot;&quot;,&quot;sizes&quot;:[]},&quot;_transform_translateY_effect_hover_laptop&quot;:{&quot;unit&quot;:&quot;px&quot;,&quot;size&quot;:&quot;&quot;,&quot;sizes&quot;:[]},&quot;_transform_translateY_effect_hover_tablet_extra&quot;:{&quot;unit&quot;:&quot;px&quot;,&quot;size&quot;:&quot;&quot;,&quot;sizes&quot;:[]},&quot;_transform_translateY_effect_hover_tablet&quot;:{&quot;unit&quot;:&quot;px&quot;,&quot;size&quot;:&quot;&quot;,&quot;sizes&quot;:[]},&quot;_transform_translateY_effect_hover_mobile_extra&quot;:{&quot;unit&quot;:&quot;px&quot;,&quot;size&quot;:&quot;&quot;,&quot;sizes&quot;:[]},&quot;_transform_translateY_effect_hover_mobile&quot;:{&quot;unit&quot;:&quot;px&quot;,&quot;size&quot;:&quot;&quot;,&quot;sizes&quot;:[]}}\">\n\t\t\t\t<div class=\"elementor-element elementor-element-5f5ef3eb elementor-widget elementor-widget-heading\" data-id=\"5f5ef3eb\" data-element_type=\"widget\" data-widget_type=\"heading.default\">\n\t\t\t\t\t<h3 class=\"elementor-heading-title elementor-size-default\">\u015fehir \u0130\u00e7i ve d\u0131\u015f\u0131 geziler<\/h3>\t\t\t\t<\/div>\n\t\t\t\t<div class=\"elementor-element elementor-element-4ff5f2cd elementor-widget elementor-widget-image\" data-id=\"4ff5f2cd\" data-element_type=\"widget\" data-widget_type=\"image.default\">\n\t\t\t\t\t\t\t\t\t\t\t\t\t\t\t<img decoding=\"async\" src=\"https:\/\/demo.webbankasi.com\/129\/wp-content\/uploads\/elementor\/thumbs\/6-1-ra3jl3s0z57ck78o4xhyrr73dj3kkic9mtynqnio3s.png\" title=\"6\" alt=\"6\" loading=\"lazy\" \/>\t\t\t\t\t\t\t\t\t\t\t\t\t\t\t<\/div>\n\t\t\t\t<div class=\"elementor-element elementor-element-6e27108 elementor-widget elementor-widget-text-editor\" data-id=\"6e27108\" data-element_type=\"widget\" data-widget_type=\"text-editor.default\">\n\t\t\t\t\t\t\t\t\t<p>G\u00fcnl\u00fck\/hafta sonu rotalarda esnek saatler, deneyimli \u015fof\u00f6r ve konforlu ara\u00e7lar. Rehber ve ikram opsiyonlar\u0131yla keyifli ke\u015fif.<\/p>\t\t\t\t\t\t\t\t<\/div>\n\t\t\t\t<\/div>\n\t\t<div class=\"elementor-element elementor-element-12f42ffc e-con-full e-transform e-flex elementor-invisible e-con e-child\" data-id=\"12f42ffc\" data-element_type=\"container\" data-settings=\"{&quot;animation&quot;:&quot;fadeInUp&quot;,&quot;animation_delay&quot;:200,&quot;_transform_translateY_effect_hover&quot;:{&quot;unit&quot;:&quot;px&quot;,&quot;size&quot;:-20,&quot;sizes&quot;:[]},&quot;_transform_translateX_effect_hover&quot;:{&quot;unit&quot;:&quot;px&quot;,&quot;size&quot;:&quot;&quot;,&quot;sizes&quot;:[]},&quot;_transform_translateX_effect_hover_widescreen&quot;:{&quot;unit&quot;:&quot;px&quot;,&quot;size&quot;:&quot;&quot;,&quot;sizes&quot;:[]},&quot;_transform_translateX_effect_hover_laptop&quot;:{&quot;unit&quot;:&quot;px&quot;,&quot;size&quot;:&quot;&quot;,&quot;sizes&quot;:[]},&quot;_transform_translateX_effect_hover_tablet_extra&quot;:{&quot;unit&quot;:&quot;px&quot;,&quot;size&quot;:&quot;&quot;,&quot;sizes&quot;:[]},&quot;_transform_translateX_effect_hover_tablet&quot;:{&quot;unit&quot;:&quot;px&quot;,&quot;size&quot;:&quot;&quot;,&quot;sizes&quot;:[]},&quot;_transform_translateX_effect_hover_mobile_extra&quot;:{&quot;unit&quot;:&quot;px&quot;,&quot;size&quot;:&quot;&quot;,&quot;sizes&quot;:[]},&quot;_transform_translateX_effect_hover_mobile&quot;:{&quot;unit&quot;:&quot;px&quot;,&quot;size&quot;:&quot;&quot;,&quot;sizes&quot;:[]},&quot;_transform_translateY_effect_hover_widescreen&quot;:{&quot;unit&quot;:&quot;px&quot;,&quot;size&quot;:&quot;&quot;,&quot;sizes&quot;:[]},&quot;_transform_translateY_effect_hover_laptop&quot;:{&quot;unit&quot;:&quot;px&quot;,&quot;size&quot;:&quot;&quot;,&quot;sizes&quot;:[]},&quot;_transform_translateY_effect_hover_tablet_extra&quot;:{&quot;unit&quot;:&quot;px&quot;,&quot;size&quot;:&quot;&quot;,&quot;sizes&quot;:[]},&quot;_transform_translateY_effect_hover_tablet&quot;:{&quot;unit&quot;:&quot;px&quot;,&quot;size&quot;:&quot;&quot;,&quot;sizes&quot;:[]},&quot;_transform_translateY_effect_hover_mobile_extra&quot;:{&quot;unit&quot;:&quot;px&quot;,&quot;size&quot;:&quot;&quot;,&quot;sizes&quot;:[]},&quot;_transform_translateY_effect_hover_mobile&quot;:{&quot;unit&quot;:&quot;px&quot;,&quot;size&quot;:&quot;&quot;,&quot;sizes&quot;:[]}}\">\n\t\t\t\t<div class=\"elementor-element elementor-element-54f24566 elementor-widget elementor-widget-heading\" data-id=\"54f24566\" data-element_type=\"widget\" data-widget_type=\"heading.default\">\n\t\t\t\t\t<h3 class=\"elementor-heading-title elementor-size-default\">okul turlar\u0131<\/h3>\t\t\t\t<\/div>\n\t\t\t\t<div class=\"elementor-element elementor-element-24e6a8b8 elementor-widget elementor-widget-image\" data-id=\"24e6a8b8\" data-element_type=\"widget\" data-widget_type=\"image.default\">\n\t\t\t\t\t\t\t\t\t\t\t\t\t\t\t<img decoding=\"async\" src=\"https:\/\/demo.webbankasi.com\/129\/wp-content\/uploads\/elementor\/thumbs\/4-1-ra3jiu02gk3ei4jgeg5f8ttzp0amyubmbl7ezkvx54.png\" title=\"4\" alt=\"4\" loading=\"lazy\" \/>\t\t\t\t\t\t\t\t\t\t\t\t\t\t\t<\/div>\n\t\t\t\t<div class=\"elementor-element elementor-element-34978c74 elementor-widget elementor-widget-text-editor\" data-id=\"34978c74\" data-element_type=\"widget\" data-widget_type=\"text-editor.default\">\n\t\t\t\t\t\t\t\t\t<p>MEB standartlar\u0131na uygun g\u00fcvenli ula\u015f\u0131m. Yoklama, emniyet kemeri ve rehber\/\u00f6\u011fretmen koordinasyonu ile sorunsuz organizasyon.<\/p>\t\t\t\t\t\t\t\t<\/div>\n\t\t\t\t<\/div>\n\t\t<div class=\"elementor-element elementor-element-5fa3accf e-con-full e-transform e-flex elementor-invisible e-con e-child\" data-id=\"5fa3accf\" data-element_type=\"container\" data-settings=\"{&quot;background_background&quot;:&quot;classic&quot;,&quot;animation&quot;:&quot;fadeInUp&quot;,&quot;animation_delay&quot;:400,&quot;_transform_translateY_effect_hover&quot;:{&quot;unit&quot;:&quot;px&quot;,&quot;size&quot;:-20,&quot;sizes&quot;:[]},&quot;_transform_translateX_effect_hover&quot;:{&quot;unit&quot;:&quot;px&quot;,&quot;size&quot;:&quot;&quot;,&quot;sizes&quot;:[]},&quot;_transform_translateX_effect_hover_widescreen&quot;:{&quot;unit&quot;:&quot;px&quot;,&quot;size&quot;:&quot;&quot;,&quot;sizes&quot;:[]},&quot;_transform_translateX_effect_hover_laptop&quot;:{&quot;unit&quot;:&quot;px&quot;,&quot;size&quot;:&quot;&quot;,&quot;sizes&quot;:[]},&quot;_transform_translateX_effect_hover_tablet_extra&quot;:{&quot;unit&quot;:&quot;px&quot;,&quot;size&quot;:&quot;&quot;,&quot;sizes&quot;:[]},&quot;_transform_translateX_effect_hover_tablet&quot;:{&quot;unit&quot;:&quot;px&quot;,&quot;size&quot;:&quot;&quot;,&quot;sizes&quot;:[]},&quot;_transform_translateX_effect_hover_mobile_extra&quot;:{&quot;unit&quot;:&quot;px&quot;,&quot;size&quot;:&quot;&quot;,&quot;sizes&quot;:[]},&quot;_transform_translateX_effect_hover_mobile&quot;:{&quot;unit&quot;:&quot;px&quot;,&quot;size&quot;:&quot;&quot;,&quot;sizes&quot;:[]},&quot;_transform_translateY_effect_hover_widescreen&quot;:{&quot;unit&quot;:&quot;px&quot;,&quot;size&quot;:&quot;&quot;,&quot;sizes&quot;:[]},&quot;_transform_translateY_effect_hover_laptop&quot;:{&quot;unit&quot;:&quot;px&quot;,&quot;size&quot;:&quot;&quot;,&quot;sizes&quot;:[]},&quot;_transform_translateY_effect_hover_tablet_extra&quot;:{&quot;unit&quot;:&quot;px&quot;,&quot;size&quot;:&quot;&quot;,&quot;sizes&quot;:[]},&quot;_transform_translateY_effect_hover_tablet&quot;:{&quot;unit&quot;:&quot;px&quot;,&quot;size&quot;:&quot;&quot;,&quot;sizes&quot;:[]},&quot;_transform_translateY_effect_hover_mobile_extra&quot;:{&quot;unit&quot;:&quot;px&quot;,&quot;size&quot;:&quot;&quot;,&quot;sizes&quot;:[]},&quot;_transform_translateY_effect_hover_mobile&quot;:{&quot;unit&quot;:&quot;px&quot;,&quot;size&quot;:&quot;&quot;,&quot;sizes&quot;:[]}}\">\n\t\t\t\t<div class=\"elementor-element elementor-element-18a88601 elementor-widget elementor-widget-heading\" data-id=\"18a88601\" data-element_type=\"widget\" data-widget_type=\"heading.default\">\n\t\t\t\t\t<h3 class=\"elementor-heading-title elementor-size-default\">\u00f6zel turlar<\/h3>\t\t\t\t<\/div>\n\t\t\t\t<div class=\"elementor-element elementor-element-6fa7c368 elementor-widget elementor-widget-image\" data-id=\"6fa7c368\" data-element_type=\"widget\" data-widget_type=\"image.default\">\n\t\t\t\t\t\t\t\t\t\t\t\t\t\t\t<img decoding=\"async\" src=\"https:\/\/demo.webbankasi.com\/129\/wp-content\/uploads\/elementor\/thumbs\/bentur-bursa-viptasimacilik-43568-ra3jpft8hn4y3gy0tsy19ntlzhqi29jpka99el3bew.webp\" title=\"bentur-bursa-viptasimacilik-43568\" alt=\"bentur-bursa-viptasimacilik-43568\" loading=\"lazy\" \/>\t\t\t\t\t\t\t\t\t\t\t\t\t\t\t<\/div>\n\t\t\t\t<div class=\"elementor-element elementor-element-5dc5fe1b elementor-widget elementor-widget-text-editor\" data-id=\"5dc5fe1b\" data-element_type=\"widget\" data-widget_type=\"text-editor.default\">\n\t\t\t\t\t\t\t\t\t<p>Aile, \u015firket veya VIP misafirler i\u00e7in ki\u015fiye \u00f6zel planlama. Kap\u0131dan kap\u0131ya servis, saatlik bekleme ve \u00f6ncelikli destek.<\/p>\t\t\t\t\t\t\t\t<\/div>\n\t\t\t\t<\/div>\n\t\t\t\t<\/div>\n\t\t\t\t\t<\/div>\n\t\t\t\t<\/div>\n\t\t<div class=\"elementor-element elementor-element-5ba7a45d e-flex e-con-boxed e-con e-parent\" data-id=\"5ba7a45d\" data-element_type=\"container\">\n\t\t\t\t\t<div class=\"e-con-inner\">\n\t\t<div class=\"elementor-element elementor-element-26a4b326 e-con-full e-flex e-con e-child\" data-id=\"26a4b326\" data-element_type=\"container\">\n\t\t\t\t<div class=\"elementor-element elementor-element-73b0f461 elementor-widget__width-inherit elementor-widget elementor-widget-heading\" data-id=\"73b0f461\" data-element_type=\"widget\" data-widget_type=\"heading.default\">\n\t\t\t\t\t<div class=\"elementor-heading-title elementor-size-default\">Konforla Yolculuk<\/div>\t\t\t\t<\/div>\n\t\t\t\t<div class=\"elementor-element elementor-element-5e6a9742 elementor-widget__width-initial elementor-widget-mobile__width-inherit elementor-widget elementor-widget-heading\" data-id=\"5e6a9742\" data-element_type=\"widget\" data-widget_type=\"heading.default\">\n\t\t\t\t\t<h2 class=\"elementor-heading-title elementor-size-default\">\u015eehrinizde Konforlu Servis Ta\u015f\u0131mac\u0131l\u0131\u011f\u0131<\/h2>\t\t\t\t<\/div>\n\t\t\t\t<\/div>\n\t\t<div class=\"elementor-element elementor-element-1c026d4c e-con-full e-flex e-con e-child\" data-id=\"1c026d4c\" data-element_type=\"container\">\n\t\t<div class=\"elementor-element elementor-element-56c27d5 e-con-full e-flex elementor-invisible e-con e-child\" data-id=\"56c27d5\" data-element_type=\"container\" data-settings=\"{&quot;background_background&quot;:&quot;classic&quot;,&quot;animation&quot;:&quot;fadeInLeft&quot;}\">\n\t\t\t\t<div class=\"elementor-element elementor-element-364b245c elementor-view-default elementor-widget elementor-widget-icon\" data-id=\"364b245c\" data-element_type=\"widget\" data-widget_type=\"icon.default\">\n\t\t\t\t\t\t\t<div class=\"elementor-icon-wrapper\">\n\t\t\t<div class=\"elementor-icon\">\n\t\t\t<i aria-hidden=\"true\" class=\"icon icon-quote\"><\/i>\t\t\t<\/div>\n\t\t<\/div>\n\t\t\t\t\t\t<\/div>\n\t\t\t\t<div class=\"elementor-element elementor-element-6cdf6e19 elementor-widget elementor-widget-text-editor\" data-id=\"6cdf6e19\" data-element_type=\"widget\" data-widget_type=\"text-editor.default\">\n\t\t\t\t\t\t\t\t\t<p>Personel, okul ve \u00f6zel etkinlik ta\u015f\u0131malar\u0131nda g\u00fcvenli ve konforlu servis \u00e7\u00f6z\u00fcmleri sunuyoruz. Planl\u0131 g\u00fczerg\u00e2hlar, dakik kalk\u0131\u015flar ve \u015fof\u00f6rl\u00fc minib\u00fcs-midib\u00fcs se\u00e7enekleriyle ekiplerinizi sorunsuz ta\u015f\u0131r\u0131z. \u015eeffaf fiyat ve kolay rezervasyonla s\u00fcre\u00e7 zahmetsizdir.<\/p>\t\t\t\t\t\t\t\t<\/div>\n\t\t<div class=\"elementor-element elementor-element-1683ba6d e-con-full e-flex e-con e-child\" data-id=\"1683ba6d\" data-element_type=\"container\">\n\t\t\t\t<div class=\"elementor-element elementor-element-6511216 elementor-widget elementor-widget-image\" data-id=\"6511216\" data-element_type=\"widget\" data-widget_type=\"image.default\">\n\t\t\t\t\t\t\t\t\t\t\t\t\t\t\t<img decoding=\"async\" src=\"https:\/\/demo.webbankasi.com\/129\/wp-content\/uploads\/elementor\/thumbs\/new-luxury-car-on-black-2023-11-27-05-30-56-utc-1-ra38rkhthz6o0c8to7o6dkwwajb4a9o9si2cv34vpk.jpg\" title=\"new-luxury-car-on-black-2023-11-27-05-30-56-utc-1.jpg\" alt=\"new-luxury-car-on-black-2023-11-27-05-30-56-utc-1.jpg\" loading=\"lazy\" \/>\t\t\t\t\t\t\t\t\t\t\t\t\t\t\t<\/div>\n\t\t\t\t<div class=\"elementor-element elementor-element-baaf77e elementor-widget elementor-widget-image\" data-id=\"baaf77e\" data-element_type=\"widget\" data-widget_type=\"image.default\">\n\t\t\t\t\t\t\t\t\t\t\t\t\t\t\t<img decoding=\"async\" src=\"https:\/\/demo.webbankasi.com\/129\/wp-content\/uploads\/elementor\/thumbs\/detail-shot-of-modern-black-premium-car-2023-11-27-05-30-52-utc-1-ra38ro969bbtas3d29aonjyqo2sl523750oas6zb0o.jpg\" title=\"detail-shot-of-modern-black-premium-car-2023-11-27-05-30-52-utc-1.jpg\" alt=\"detail-shot-of-modern-black-premium-car-2023-11-27-05-30-52-utc-1.jpg\" loading=\"lazy\" \/>\t\t\t\t\t\t\t\t\t\t\t\t\t\t\t<\/div>\n\t\t\t\t<div class=\"elementor-element elementor-element-1f7c287d elementor-widget elementor-widget-image\" data-id=\"1f7c287d\" data-element_type=\"widget\" data-widget_type=\"image.default\">\n\t\t\t\t\t\t\t\t\t\t\t\t\t\t\t<img decoding=\"async\" src=\"https:\/\/demo.webbankasi.com\/129\/wp-content\/uploads\/elementor\/thumbs\/outline-of-modern-black-premium-car-in-studio-ligh-2023-11-27-05-32-06-utc-1-ra38rsyd7hi8wtwjatbti0s1n05f7jlutnxq6ksc5k.jpg\" title=\"outline-of-modern-black-premium-car-in-studio-ligh-2023-11-27-05-32-06-utc-1.jpg\" alt=\"outline-of-modern-black-premium-car-in-studio-ligh-2023-11-27-05-32-06-utc-1.jpg\" loading=\"lazy\" \/>\t\t\t\t\t\t\t\t\t\t\t\t\t\t\t<\/div>\n\t\t\t\t<\/div>\n\t\t\t\t<div class=\"elementor-element elementor-element-369ef877 elementor-widget elementor-widget-heading\" data-id=\"369ef877\" data-element_type=\"widget\" data-widget_type=\"heading.default\">\n\t\t\t\t\t<div class=\"elementor-heading-title elementor-size-default\">Profesyonel \u015eof\u00f6rler<\/div>\t\t\t\t<\/div>\n\t\t\t\t<div class=\"elementor-element elementor-element-351c1310 elementor-widget elementor-widget-heading\" data-id=\"351c1310\" data-element_type=\"widget\" data-widget_type=\"heading.default\">\n\t\t\t\t\t<div class=\"elementor-heading-title elementor-size-default\">Bak\u0131ml\u0131 Ara\u00e7lar <\/div>\t\t\t\t<\/div>\n\t\t\t\t<div class=\"elementor-element elementor-element-7d5531e8 elementor-widget elementor-widget-heading\" data-id=\"7d5531e8\" data-element_type=\"widget\" data-widget_type=\"heading.default\">\n\t\t\t\t\t<div class=\"elementor-heading-title elementor-size-default\">Her Seferde Zaman\u0131nda<\/div>\t\t\t\t<\/div>\n\t\t\t\t<div class=\"elementor-element elementor-element-480eb806 elementor-widget elementor-widget-heading\" data-id=\"480eb806\" data-element_type=\"widget\" data-widget_type=\"heading.default\">\n\t\t\t\t\t<div class=\"elementor-heading-title elementor-size-default\">Kolay Rezervasyon<\/div>\t\t\t\t<\/div>\n\t\t\t\t<div class=\"elementor-element elementor-element-630c5b54 elementor-widget__width-inherit elementor-mobile-align-justify elementor-widget elementor-widget-button\" data-id=\"630c5b54\" data-element_type=\"widget\" data-widget_type=\"button.default\">\n\t\t\t\t\t\t\t\t\t\t<a class=\"elementor-button elementor-button-link elementor-size-sm\" href=\"tel:+902245049404\">\n\t\t\t\t\t\t<span class=\"elementor-button-content-wrapper\">\n\t\t\t\t\t\t\t\t\t<span class=\"elementor-button-text\">Rezervasyon yap<\/span>\n\t\t\t\t\t<\/span>\n\t\t\t\t\t<\/a>\n\t\t\t\t\t\t\t\t<\/div>\n\t\t\t\t<\/div>\n\t\t<div class=\"elementor-element elementor-element-2c6581bf e-con-full e-flex e-con e-child\" data-id=\"2c6581bf\" data-element_type=\"container\" data-settings=\"{&quot;background_background&quot;:&quot;classic&quot;}\">\n\t\t\t\t<\/div>\n\t\t\t\t<\/div>\n\t\t<div class=\"elementor-element elementor-element-bc3db57 e-con-full e-flex e-con e-child\" data-id=\"bc3db57\" data-element_type=\"container\">\n\t\t<div class=\"elementor-element elementor-element-f15a84a e-con-full e-flex e-con e-child\" data-id=\"f15a84a\" data-element_type=\"container\" data-settings=\"{&quot;background_background&quot;:&quot;classic&quot;}\">\n\t\t\t\t<div class=\"elementor-element elementor-element-fac5350 elementor-widget__width-inherit elementor-widget elementor-widget-heading\" data-id=\"fac5350\" data-element_type=\"widget\" data-widget_type=\"heading.default\">\n\t\t\t\t\t<div class=\"elementor-heading-title elementor-size-default\">Sizin yolculu\u011funuz, bizim \u00f6nceli\u011fimiz<\/div>\t\t\t\t<\/div>\n\t\t\t\t<div class=\"elementor-element elementor-element-5a1d3e9 elementor-widget elementor-widget-heading\" data-id=\"5a1d3e9\" data-element_type=\"widget\" data-widget_type=\"heading.default\">\n\t\t\t\t\t<h3 class=\"elementor-heading-title elementor-size-default\">E\u015fsiz konfor, ola\u011fan\u00fcst\u00fc hizmet<\/h3>\t\t\t\t<\/div>\n\t\t\t\t<div class=\"elementor-element elementor-element-e0f1940 elementor-widget elementor-widget-text-editor\" data-id=\"e0f1940\" data-element_type=\"widget\" data-widget_type=\"text-editor.default\">\n\t\t\t\t\t\t\t\t\t<p>Gen\u00e7 filomuz ve profesyonel \u015fof\u00f6rlerle \u015fehir i\u00e7i\/\u015fehirleraras\u0131 yolculuklar daha rahat.<\/p>\t\t\t\t\t\t\t\t<\/div>\n\t\t\t\t<div class=\"elementor-element elementor-element-66cfb44 elementor-widget elementor-widget-spacer\" data-id=\"66cfb44\" data-element_type=\"widget\" data-widget_type=\"spacer.default\">\n\t\t\t\t\t\t\t<div class=\"elementor-spacer\">\n\t\t\t<div class=\"elementor-spacer-inner\"><\/div>\n\t\t<\/div>\n\t\t\t\t\t\t<\/div>\n\t\t\t\t<\/div>\n\t\t<div class=\"elementor-element elementor-element-e31a2a0 e-con-full e-flex elementor-invisible e-con e-child\" data-id=\"e31a2a0\" data-element_type=\"container\" data-settings=\"{&quot;background_background&quot;:&quot;classic&quot;,&quot;animation&quot;:&quot;fadeInRight&quot;}\">\n\t\t\t\t<div class=\"elementor-element elementor-element-6db6946 elementor-widget elementor-widget-heading\" data-id=\"6db6946\" data-element_type=\"widget\" data-widget_type=\"heading.default\">\n\t\t\t\t\t<h4 class=\"elementor-heading-title elementor-size-default\">Ki\u015fiselle\u015ftirilmi\u015f deneyim<\/h4>\t\t\t\t<\/div>\n\t\t\t\t<div class=\"elementor-element elementor-element-8af2926 elementor-widget elementor-widget-text-editor\" data-id=\"8af2926\" data-element_type=\"widget\" data-widget_type=\"text-editor.default\">\n\t\t\t\t\t\t\t\t\t<p>Rota, ara\u00e7 ve hizmet tercihlerinizi size \u00f6zel planlar\u0131z; m\u00fczikten s\u0131cakl\u0131\u011fa, bebek koltu\u011fundan bekleme s\u00fcresine kadar her ayr\u0131nt\u0131y\u0131 d\u00fc\u015f\u00fcn\u00fcr\u00fcz.<\/p>\t\t\t\t\t\t\t\t<\/div>\n\t\t\t\t<div class=\"elementor-element elementor-element-e8382b3 elementor-widget elementor-widget-heading\" data-id=\"e8382b3\" data-element_type=\"widget\" data-widget_type=\"heading.default\">\n\t\t\t\t\t<h5 class=\"elementor-heading-title elementor-size-default\">M\u00fckemmelli\u011fe ba\u011fl\u0131l\u0131k<\/h5>\t\t\t\t<\/div>\n\t\t\t\t<div class=\"elementor-element elementor-element-63ad6e8 elementor-widget elementor-widget-text-editor\" data-id=\"63ad6e8\" data-element_type=\"widget\" data-widget_type=\"text-editor.default\">\n\t\t\t\t\t\t\t\t\t<p>Her yolculukta dakiklik, g\u00fcvenlik ve \u015feffaf fiyat ilkelerinden \u00f6d\u00fcn vermeden hizmet kalitemizi s\u00fcrekli iyile\u015ftirmeyi taahh\u00fct ediyoruz.<\/p>\t\t\t\t\t\t\t\t<\/div>\n\t\t\t\t<div class=\"elementor-element elementor-element-1a10f74 elementor-tablet-align-justify elementor-widget elementor-widget-button\" data-id=\"1a10f74\" data-element_type=\"widget\" data-widget_type=\"button.default\">\n\t\t\t\t\t\t\t\t\t\t<a class=\"elementor-button elementor-button-link elementor-size-sm\" href=\"tel:+902245049404\">\n\t\t\t\t\t\t<span class=\"elementor-button-content-wrapper\">\n\t\t\t\t\t\t\t\t\t<span class=\"elementor-button-text\">Yolculu\u011funuzu ay\u0131rt\u0131n<\/span>\n\t\t\t\t\t<\/span>\n\t\t\t\t\t<\/a>\n\t\t\t\t\t\t\t\t<\/div>\n\t\t\t\t<\/div>\n\t\t\t\t<\/div>\n\t\t\t\t\t<\/div>\n\t\t\t\t<\/div>\n\t\t\t\t<\/div>\n\t\t","protected":false},"excerpt":{"rendered":"<p>Servis Kiralama Elit Seyahat \u0130htiyac\u0131n\u0131za \u00d6zel Servis \u00c7\u00f6z\u00fcmleri \u015fehir \u0130\u00e7i ve d\u0131\u015f\u0131 geziler G\u00fcnl\u00fck\/hafta sonu rotalarda esnek saatler, deneyimli \u015fof\u00f6r ve konforlu ara\u00e7lar. Rehber ve ikram opsiyonlar\u0131yla keyifli ke\u015fif. okul turlar\u0131 MEB standartlar\u0131na uygun g\u00fcvenli ula\u015f\u0131m. Yoklama, emniyet kemeri ve rehber\/\u00f6\u011fretmen koordinasyonu ile sorunsuz organizasyon. \u00f6zel turlar Aile, \u015firket veya VIP misafirler i\u00e7in ki\u015fiye \u00f6zel [&hellip;]<\/p>\n","protected":false},"author":1,"featured_media":0,"parent":0,"menu_order":0,"comment_status":"closed","ping_status":"closed","template":"elementor_header_footer","meta":{"footnotes":""},"class_list":["post-235","page","type-page","status-publish","hentry"],"_links":{"self":[{"href":"https:\/\/demo.webbankasi.com\/129\/wp-json\/wp\/v2\/pages\/235","targetHints":{"allow":["GET"]}}],"collection":[{"href":"https:\/\/demo.webbankasi.com\/129\/wp-json\/wp\/v2\/pages"}],"about":[{"href":"https:\/\/demo.webbankasi.com\/129\/wp-json\/wp\/v2\/types\/page"}],"author":[{"embeddable":true,"href":"https:\/\/demo.webbankasi.com\/129\/wp-json\/wp\/v2\/users\/1"}],"replies":[{"embeddable":true,"href":"https:\/\/demo.webbankasi.com\/129\/wp-json\/wp\/v2\/comments?post=235"}],"version-history":[{"count":16,"href":"https:\/\/demo.webbankasi.com\/129\/wp-json\/wp\/v2\/pages\/235\/revisions"}],"predecessor-version":[{"id":368,"href":"https:\/\/demo.webbankasi.com\/129\/wp-json\/wp\/v2\/pages\/235\/revisions\/368"}],"wp:attachment":[{"href":"https:\/\/demo.webbankasi.com\/129\/wp-json\/wp\/v2\/media?parent=235"}],"curies":[{"name":"wp","href":"https:\/\/api.w.org\/{rel}","templated":true}]}}