{"id":109,"date":"2025-08-08T14:02:45","date_gmt":"2025-08-08T14:02:45","guid":{"rendered":"https:\/\/demo.webbankasi.com\/128\/?page_id=109"},"modified":"2025-08-11T09:18:27","modified_gmt":"2025-08-11T09:18:27","slug":"gezginlerin-anilari","status":"publish","type":"page","link":"https:\/\/demo.webbankasi.com\/128\/gezginlerin-anilari\/","title":{"rendered":"Gezginlerin An\u0131lar\u0131"},"content":{"rendered":"\t\t<div data-elementor-type=\"wp-page\" data-elementor-id=\"109\" class=\"elementor elementor-109\" data-elementor-post-type=\"page\">\n\t\t\t\t\t\t<section class=\"elementor-section elementor-top-section elementor-element elementor-element-7300b1e5 elementor-section-height-min-height elementor-section-boxed elementor-section-height-default elementor-section-items-middle\" data-id=\"7300b1e5\" data-element_type=\"section\" data-settings=\"{&quot;background_background&quot;:&quot;classic&quot;}\">\n\t\t\t\t\t\t\t<div class=\"elementor-background-overlay\"><\/div>\n\t\t\t\t\t\t\t<div class=\"elementor-container elementor-column-gap-default\">\n\t\t\t\t\t<div class=\"elementor-column elementor-col-100 elementor-top-column elementor-element elementor-element-22830af8\" data-id=\"22830af8\" data-element_type=\"column\">\n\t\t\t<div class=\"elementor-widget-wrap elementor-element-populated\">\n\t\t\t\t\t\t<div class=\"elementor-element elementor-element-3fe24c38 elementor-widget elementor-widget-elementskit-heading\" data-id=\"3fe24c38\" data-element_type=\"widget\" data-widget_type=\"elementskit-heading.default\">\n\t\t\t\t\t<div class=\"ekit-wid-con\" ><div class=\"ekit-heading elementskit-section-title-wraper text_left   ekit_heading_tablet-text_center   ekit_heading_mobile-\"><h2 class=\"ekit-heading--title elementskit-section-title \">Gezgin An\u0131lar\u0131<\/h2><\/div><\/div>\t\t\t\t<\/div>\n\t\t\t\t<div class=\"elementor-element elementor-element-51d3b707 elementor-widget elementor-widget-text-editor\" data-id=\"51d3b707\" data-element_type=\"widget\" data-widget_type=\"text-editor.default\">\n\t\t\t\t\t\t\t\t\t<p><a href=\"https:\/\/demo.webbankasi.com\/128\/\">Ana Sayfa \/<\/a> Galeri<\/p>\t\t\t\t\t\t\t\t<\/div>\n\t\t\t\t\t<\/div>\n\t\t<\/div>\n\t\t\t\t\t<\/div>\n\t\t<\/section>\n\t\t\t\t<section class=\"elementor-section elementor-top-section elementor-element elementor-element-50026989 elementor-section-boxed elementor-section-height-default elementor-section-height-default\" data-id=\"50026989\" data-element_type=\"section\">\n\t\t\t\t\t\t<div class=\"elementor-container elementor-column-gap-default\">\n\t\t\t\t\t<div class=\"elementor-column elementor-col-100 elementor-top-column elementor-element elementor-element-56091260\" data-id=\"56091260\" data-element_type=\"column\">\n\t\t\t<div class=\"elementor-widget-wrap elementor-element-populated\">\n\t\t\t\t\t\t<div class=\"elementor-element elementor-element-3d4068c6 elementor-widget elementor-widget-heading\" data-id=\"3d4068c6\" data-element_type=\"widget\" data-widget_type=\"heading.default\">\n\t\t\t\t\t<h6 class=\"elementor-heading-title elementor-size-default\">Gezgin An\u0131lar\u0131<\/h6>\t\t\t\t<\/div>\n\t\t\t\t<div class=\"elementor-element elementor-element-69d0dbc0 elementor-widget elementor-widget-heading\" data-id=\"69d0dbc0\" data-element_type=\"widget\" data-widget_type=\"heading.default\">\n\t\t\t\t\t<h2 class=\"elementor-heading-title elementor-size-default\">Yol Arkada\u015flar\u0131m\u0131zdan Kareler<\/h2>\t\t\t\t<\/div>\n\t\t\t\t<div class=\"elementor-element elementor-element-1ee36801 elementor-widget elementor-widget-text-editor\" data-id=\"1ee36801\" data-element_type=\"widget\" data-widget_type=\"text-editor.default\">\n\t\t\t\t\t\t\t\t\t<p>T\u00fcrkiye\u2019nin d\u00f6rt bir yan\u0131ndan gelen gezginlerin payla\u015ft\u0131\u011f\u0131 unutulmaz an\u0131lar ve karavan deneyimleri bu galeride hayat buluyor. Do\u011fan\u0131n i\u00e7inde, yolda \u00e7ekilmi\u015f ger\u00e7ek foto\u011fraflar\u0131m\u0131zla ilham al\u0131n ve kendi maceran\u0131za ba\u015flay\u0131n.<\/p>\t\t\t\t\t\t\t\t<\/div>\n\t\t\t\t<div class=\"elementor-element elementor-element-3436fe36 gallery-spacing-custom gallery elementor-widget elementor-widget-image-gallery\" data-id=\"3436fe36\" data-element_type=\"widget\" data-widget_type=\"image-gallery.default\">\n\t\t\t\t\t\t\t<div class=\"elementor-image-gallery\">\n\t\t\t<div id='gallery-1' class='gallery galleryid-109 gallery-columns-3 gallery-size-full'><figure class='gallery-item'>\n\t\t\t<div class='gallery-icon landscape'>\n\t\t\t\t<a data-elementor-open-lightbox=\"yes\" data-elementor-lightbox-slideshow=\"3436fe36\" data-elementor-lightbox-title=\"alex-guillaume-OtlOLUJThk4-unsplash\" data-e-action-hash=\"#elementor-action%3Aaction%3Dlightbox%26settings%3DeyJpZCI6MTk4LCJ1cmwiOiJodHRwczpcL1wvZGVtby53ZWJiYW5rYXNpLmNvbVwvMTI4XC93cC1jb250ZW50XC91cGxvYWRzXC8yMDI1XC8wOFwvYWxleC1ndWlsbGF1bWUtT3RsT0xVSlRoazQtdW5zcGxhc2gtc2NhbGVkLmpwZyIsInNsaWRlc2hvdyI6IjM0MzZmZTM2In0%3D\" href='https:\/\/demo.webbankasi.com\/128\/wp-content\/uploads\/2025\/08\/alex-guillaume-OtlOLUJThk4-unsplash-scaled.jpg'><img fetchpriority=\"high\" decoding=\"async\" width=\"2560\" height=\"1440\" src=\"https:\/\/demo.webbankasi.com\/128\/wp-content\/uploads\/2025\/08\/alex-guillaume-OtlOLUJThk4-unsplash-scaled.jpg\" class=\"attachment-full size-full\" alt=\"\" srcset=\"https:\/\/demo.webbankasi.com\/128\/wp-content\/uploads\/2025\/08\/alex-guillaume-OtlOLUJThk4-unsplash-scaled.jpg 2560w, https:\/\/demo.webbankasi.com\/128\/wp-content\/uploads\/2025\/08\/alex-guillaume-OtlOLUJThk4-unsplash-300x169.jpg 300w, https:\/\/demo.webbankasi.com\/128\/wp-content\/uploads\/2025\/08\/alex-guillaume-OtlOLUJThk4-unsplash-1024x576.jpg 1024w, https:\/\/demo.webbankasi.com\/128\/wp-content\/uploads\/2025\/08\/alex-guillaume-OtlOLUJThk4-unsplash-768x432.jpg 768w, https:\/\/demo.webbankasi.com\/128\/wp-content\/uploads\/2025\/08\/alex-guillaume-OtlOLUJThk4-unsplash-1536x864.jpg 1536w, https:\/\/demo.webbankasi.com\/128\/wp-content\/uploads\/2025\/08\/alex-guillaume-OtlOLUJThk4-unsplash-2048x1152.jpg 2048w, https:\/\/demo.webbankasi.com\/128\/wp-content\/uploads\/2025\/08\/alex-guillaume-OtlOLUJThk4-unsplash-600x338.jpg 600w\" sizes=\"(max-width: 2560px) 100vw, 2560px\" \/><\/a>\n\t\t\t<\/div><\/figure><figure class='gallery-item'>\n\t\t\t<div class='gallery-icon landscape'>\n\t\t\t\t<a data-elementor-open-lightbox=\"yes\" data-elementor-lightbox-slideshow=\"3436fe36\" data-elementor-lightbox-title=\"atarin-michaeli-xsXOjEFeDr8-unsplash\" data-e-action-hash=\"#elementor-action%3Aaction%3Dlightbox%26settings%3DeyJpZCI6MTk5LCJ1cmwiOiJodHRwczpcL1wvZGVtby53ZWJiYW5rYXNpLmNvbVwvMTI4XC93cC1jb250ZW50XC91cGxvYWRzXC8yMDI1XC8wOFwvYXRhcmluLW1pY2hhZWxpLXhzWE9qRUZlRHI4LXVuc3BsYXNoLXNjYWxlZC5qcGciLCJzbGlkZXNob3ciOiIzNDM2ZmUzNiJ9\" href='https:\/\/demo.webbankasi.com\/128\/wp-content\/uploads\/2025\/08\/atarin-michaeli-xsXOjEFeDr8-unsplash-scaled.jpg'><img decoding=\"async\" width=\"2560\" height=\"1707\" src=\"https:\/\/demo.webbankasi.com\/128\/wp-content\/uploads\/2025\/08\/atarin-michaeli-xsXOjEFeDr8-unsplash-scaled.jpg\" class=\"attachment-full size-full\" alt=\"\" srcset=\"https:\/\/demo.webbankasi.com\/128\/wp-content\/uploads\/2025\/08\/atarin-michaeli-xsXOjEFeDr8-unsplash-scaled.jpg 2560w, https:\/\/demo.webbankasi.com\/128\/wp-content\/uploads\/2025\/08\/atarin-michaeli-xsXOjEFeDr8-unsplash-300x200.jpg 300w, https:\/\/demo.webbankasi.com\/128\/wp-content\/uploads\/2025\/08\/atarin-michaeli-xsXOjEFeDr8-unsplash-1024x683.jpg 1024w, https:\/\/demo.webbankasi.com\/128\/wp-content\/uploads\/2025\/08\/atarin-michaeli-xsXOjEFeDr8-unsplash-768x512.jpg 768w, https:\/\/demo.webbankasi.com\/128\/wp-content\/uploads\/2025\/08\/atarin-michaeli-xsXOjEFeDr8-unsplash-1536x1024.jpg 1536w, https:\/\/demo.webbankasi.com\/128\/wp-content\/uploads\/2025\/08\/atarin-michaeli-xsXOjEFeDr8-unsplash-2048x1365.jpg 2048w, https:\/\/demo.webbankasi.com\/128\/wp-content\/uploads\/2025\/08\/atarin-michaeli-xsXOjEFeDr8-unsplash-600x400.jpg 600w\" sizes=\"(max-width: 2560px) 100vw, 2560px\" \/><\/a>\n\t\t\t<\/div><\/figure><figure class='gallery-item'>\n\t\t\t<div class='gallery-icon landscape'>\n\t\t\t\t<a data-elementor-open-lightbox=\"yes\" data-elementor-lightbox-slideshow=\"3436fe36\" data-elementor-lightbox-title=\"eugene-quek-D7_FyuUfaEo-unsplash\" data-e-action-hash=\"#elementor-action%3Aaction%3Dlightbox%26settings%3DeyJpZCI6MjAwLCJ1cmwiOiJodHRwczpcL1wvZGVtby53ZWJiYW5rYXNpLmNvbVwvMTI4XC93cC1jb250ZW50XC91cGxvYWRzXC8yMDI1XC8wOFwvZXVnZW5lLXF1ZWstRDdfRnl1VWZhRW8tdW5zcGxhc2gtc2NhbGVkLmpwZyIsInNsaWRlc2hvdyI6IjM0MzZmZTM2In0%3D\" href='https:\/\/demo.webbankasi.com\/128\/wp-content\/uploads\/2025\/08\/eugene-quek-D7_FyuUfaEo-unsplash-scaled.jpg'><img decoding=\"async\" width=\"2560\" height=\"1707\" src=\"https:\/\/demo.webbankasi.com\/128\/wp-content\/uploads\/2025\/08\/eugene-quek-D7_FyuUfaEo-unsplash-scaled.jpg\" class=\"attachment-full size-full\" alt=\"\" srcset=\"https:\/\/demo.webbankasi.com\/128\/wp-content\/uploads\/2025\/08\/eugene-quek-D7_FyuUfaEo-unsplash-scaled.jpg 2560w, https:\/\/demo.webbankasi.com\/128\/wp-content\/uploads\/2025\/08\/eugene-quek-D7_FyuUfaEo-unsplash-300x200.jpg 300w, https:\/\/demo.webbankasi.com\/128\/wp-content\/uploads\/2025\/08\/eugene-quek-D7_FyuUfaEo-unsplash-1024x683.jpg 1024w, https:\/\/demo.webbankasi.com\/128\/wp-content\/uploads\/2025\/08\/eugene-quek-D7_FyuUfaEo-unsplash-768x512.jpg 768w, https:\/\/demo.webbankasi.com\/128\/wp-content\/uploads\/2025\/08\/eugene-quek-D7_FyuUfaEo-unsplash-1536x1024.jpg 1536w, https:\/\/demo.webbankasi.com\/128\/wp-content\/uploads\/2025\/08\/eugene-quek-D7_FyuUfaEo-unsplash-2048x1365.jpg 2048w, https:\/\/demo.webbankasi.com\/128\/wp-content\/uploads\/2025\/08\/eugene-quek-D7_FyuUfaEo-unsplash-600x400.jpg 600w\" sizes=\"(max-width: 2560px) 100vw, 2560px\" \/><\/a>\n\t\t\t<\/div><\/figure><figure class='gallery-item'>\n\t\t\t<div class='gallery-icon landscape'>\n\t\t\t\t<a data-elementor-open-lightbox=\"yes\" data-elementor-lightbox-slideshow=\"3436fe36\" data-elementor-lightbox-title=\"hert-niks-Itx4VlzMyak-unsplash\" data-e-action-hash=\"#elementor-action%3Aaction%3Dlightbox%26settings%3DeyJpZCI6MjAxLCJ1cmwiOiJodHRwczpcL1wvZGVtby53ZWJiYW5rYXNpLmNvbVwvMTI4XC93cC1jb250ZW50XC91cGxvYWRzXC8yMDI1XC8wOFwvaGVydC1uaWtzLUl0eDRWbHpNeWFrLXVuc3BsYXNoLXNjYWxlZC5qcGciLCJzbGlkZXNob3ciOiIzNDM2ZmUzNiJ9\" href='https:\/\/demo.webbankasi.com\/128\/wp-content\/uploads\/2025\/08\/hert-niks-Itx4VlzMyak-unsplash-scaled.jpg'><img loading=\"lazy\" decoding=\"async\" width=\"2560\" height=\"1920\" src=\"https:\/\/demo.webbankasi.com\/128\/wp-content\/uploads\/2025\/08\/hert-niks-Itx4VlzMyak-unsplash-scaled.jpg\" class=\"attachment-full size-full\" alt=\"\" srcset=\"https:\/\/demo.webbankasi.com\/128\/wp-content\/uploads\/2025\/08\/hert-niks-Itx4VlzMyak-unsplash-scaled.jpg 2560w, https:\/\/demo.webbankasi.com\/128\/wp-content\/uploads\/2025\/08\/hert-niks-Itx4VlzMyak-unsplash-300x225.jpg 300w, https:\/\/demo.webbankasi.com\/128\/wp-content\/uploads\/2025\/08\/hert-niks-Itx4VlzMyak-unsplash-1024x768.jpg 1024w, https:\/\/demo.webbankasi.com\/128\/wp-content\/uploads\/2025\/08\/hert-niks-Itx4VlzMyak-unsplash-768x576.jpg 768w, https:\/\/demo.webbankasi.com\/128\/wp-content\/uploads\/2025\/08\/hert-niks-Itx4VlzMyak-unsplash-1536x1152.jpg 1536w, https:\/\/demo.webbankasi.com\/128\/wp-content\/uploads\/2025\/08\/hert-niks-Itx4VlzMyak-unsplash-2048x1536.jpg 2048w, https:\/\/demo.webbankasi.com\/128\/wp-content\/uploads\/2025\/08\/hert-niks-Itx4VlzMyak-unsplash-600x450.jpg 600w\" sizes=\"(max-width: 2560px) 100vw, 2560px\" \/><\/a>\n\t\t\t<\/div><\/figure><figure class='gallery-item'>\n\t\t\t<div class='gallery-icon landscape'>\n\t\t\t\t<a data-elementor-open-lightbox=\"yes\" data-elementor-lightbox-slideshow=\"3436fe36\" data-elementor-lightbox-title=\"kevin-schmid-Mta8r0bxhbo-unsplash\" data-e-action-hash=\"#elementor-action%3Aaction%3Dlightbox%26settings%3DeyJpZCI6MjAyLCJ1cmwiOiJodHRwczpcL1wvZGVtby53ZWJiYW5rYXNpLmNvbVwvMTI4XC93cC1jb250ZW50XC91cGxvYWRzXC8yMDI1XC8wOFwva2V2aW4tc2NobWlkLU10YThyMGJ4aGJvLXVuc3BsYXNoLXNjYWxlZC5qcGciLCJzbGlkZXNob3ciOiIzNDM2ZmUzNiJ9\" href='https:\/\/demo.webbankasi.com\/128\/wp-content\/uploads\/2025\/08\/kevin-schmid-Mta8r0bxhbo-unsplash-scaled.jpg'><img loading=\"lazy\" decoding=\"async\" width=\"2560\" height=\"1709\" src=\"https:\/\/demo.webbankasi.com\/128\/wp-content\/uploads\/2025\/08\/kevin-schmid-Mta8r0bxhbo-unsplash-scaled.jpg\" class=\"attachment-full size-full\" alt=\"\" srcset=\"https:\/\/demo.webbankasi.com\/128\/wp-content\/uploads\/2025\/08\/kevin-schmid-Mta8r0bxhbo-unsplash-scaled.jpg 2560w, https:\/\/demo.webbankasi.com\/128\/wp-content\/uploads\/2025\/08\/kevin-schmid-Mta8r0bxhbo-unsplash-300x200.jpg 300w, https:\/\/demo.webbankasi.com\/128\/wp-content\/uploads\/2025\/08\/kevin-schmid-Mta8r0bxhbo-unsplash-1024x683.jpg 1024w, https:\/\/demo.webbankasi.com\/128\/wp-content\/uploads\/2025\/08\/kevin-schmid-Mta8r0bxhbo-unsplash-768x513.jpg 768w, https:\/\/demo.webbankasi.com\/128\/wp-content\/uploads\/2025\/08\/kevin-schmid-Mta8r0bxhbo-unsplash-1536x1025.jpg 1536w, https:\/\/demo.webbankasi.com\/128\/wp-content\/uploads\/2025\/08\/kevin-schmid-Mta8r0bxhbo-unsplash-2048x1367.jpg 2048w, https:\/\/demo.webbankasi.com\/128\/wp-content\/uploads\/2025\/08\/kevin-schmid-Mta8r0bxhbo-unsplash-600x400.jpg 600w\" sizes=\"(max-width: 2560px) 100vw, 2560px\" \/><\/a>\n\t\t\t<\/div><\/figure><figure class='gallery-item'>\n\t\t\t<div class='gallery-icon portrait'>\n\t\t\t\t<a data-elementor-open-lightbox=\"yes\" data-elementor-lightbox-slideshow=\"3436fe36\" data-elementor-lightbox-title=\"mitchell-orr-HpMNnFDJxYQ-unsplash\" data-e-action-hash=\"#elementor-action%3Aaction%3Dlightbox%26settings%3DeyJpZCI6MjAzLCJ1cmwiOiJodHRwczpcL1wvZGVtby53ZWJiYW5rYXNpLmNvbVwvMTI4XC93cC1jb250ZW50XC91cGxvYWRzXC8yMDI1XC8wOFwvbWl0Y2hlbGwtb3JyLUhwTU5uRkRKeFlRLXVuc3BsYXNoLXNjYWxlZC5qcGciLCJzbGlkZXNob3ciOiIzNDM2ZmUzNiJ9\" href='https:\/\/demo.webbankasi.com\/128\/wp-content\/uploads\/2025\/08\/mitchell-orr-HpMNnFDJxYQ-unsplash-scaled.jpg'><img loading=\"lazy\" decoding=\"async\" width=\"2048\" height=\"2560\" src=\"https:\/\/demo.webbankasi.com\/128\/wp-content\/uploads\/2025\/08\/mitchell-orr-HpMNnFDJxYQ-unsplash-scaled.jpg\" class=\"attachment-full size-full\" alt=\"\" srcset=\"https:\/\/demo.webbankasi.com\/128\/wp-content\/uploads\/2025\/08\/mitchell-orr-HpMNnFDJxYQ-unsplash-scaled.jpg 2048w, https:\/\/demo.webbankasi.com\/128\/wp-content\/uploads\/2025\/08\/mitchell-orr-HpMNnFDJxYQ-unsplash-240x300.jpg 240w, https:\/\/demo.webbankasi.com\/128\/wp-content\/uploads\/2025\/08\/mitchell-orr-HpMNnFDJxYQ-unsplash-819x1024.jpg 819w, https:\/\/demo.webbankasi.com\/128\/wp-content\/uploads\/2025\/08\/mitchell-orr-HpMNnFDJxYQ-unsplash-768x960.jpg 768w, https:\/\/demo.webbankasi.com\/128\/wp-content\/uploads\/2025\/08\/mitchell-orr-HpMNnFDJxYQ-unsplash-1229x1536.jpg 1229w, https:\/\/demo.webbankasi.com\/128\/wp-content\/uploads\/2025\/08\/mitchell-orr-HpMNnFDJxYQ-unsplash-1638x2048.jpg 1638w, https:\/\/demo.webbankasi.com\/128\/wp-content\/uploads\/2025\/08\/mitchell-orr-HpMNnFDJxYQ-unsplash-600x750.jpg 600w\" sizes=\"(max-width: 2048px) 100vw, 2048px\" \/><\/a>\n\t\t\t<\/div><\/figure><figure class='gallery-item'>\n\t\t\t<div class='gallery-icon landscape'>\n\t\t\t\t<a data-elementor-open-lightbox=\"yes\" data-elementor-lightbox-slideshow=\"3436fe36\" data-elementor-lightbox-title=\"mitchell-orr-z6vnXgJzLvo-unsplash\" data-e-action-hash=\"#elementor-action%3Aaction%3Dlightbox%26settings%3DeyJpZCI6MjA0LCJ1cmwiOiJodHRwczpcL1wvZGVtby53ZWJiYW5rYXNpLmNvbVwvMTI4XC93cC1jb250ZW50XC91cGxvYWRzXC8yMDI1XC8wOFwvbWl0Y2hlbGwtb3JyLXo2dm5YZ0p6THZvLXVuc3BsYXNoLXNjYWxlZC5qcGciLCJzbGlkZXNob3ciOiIzNDM2ZmUzNiJ9\" href='https:\/\/demo.webbankasi.com\/128\/wp-content\/uploads\/2025\/08\/mitchell-orr-z6vnXgJzLvo-unsplash-scaled.jpg'><img loading=\"lazy\" decoding=\"async\" width=\"2560\" height=\"1707\" src=\"https:\/\/demo.webbankasi.com\/128\/wp-content\/uploads\/2025\/08\/mitchell-orr-z6vnXgJzLvo-unsplash-scaled.jpg\" class=\"attachment-full size-full\" alt=\"\" srcset=\"https:\/\/demo.webbankasi.com\/128\/wp-content\/uploads\/2025\/08\/mitchell-orr-z6vnXgJzLvo-unsplash-scaled.jpg 2560w, https:\/\/demo.webbankasi.com\/128\/wp-content\/uploads\/2025\/08\/mitchell-orr-z6vnXgJzLvo-unsplash-300x200.jpg 300w, https:\/\/demo.webbankasi.com\/128\/wp-content\/uploads\/2025\/08\/mitchell-orr-z6vnXgJzLvo-unsplash-1024x683.jpg 1024w, https:\/\/demo.webbankasi.com\/128\/wp-content\/uploads\/2025\/08\/mitchell-orr-z6vnXgJzLvo-unsplash-768x512.jpg 768w, https:\/\/demo.webbankasi.com\/128\/wp-content\/uploads\/2025\/08\/mitchell-orr-z6vnXgJzLvo-unsplash-1536x1024.jpg 1536w, https:\/\/demo.webbankasi.com\/128\/wp-content\/uploads\/2025\/08\/mitchell-orr-z6vnXgJzLvo-unsplash-2048x1365.jpg 2048w, https:\/\/demo.webbankasi.com\/128\/wp-content\/uploads\/2025\/08\/mitchell-orr-z6vnXgJzLvo-unsplash-600x400.jpg 600w\" sizes=\"(max-width: 2560px) 100vw, 2560px\" \/><\/a>\n\t\t\t<\/div><\/figure><figure class='gallery-item'>\n\t\t\t<div class='gallery-icon landscape'>\n\t\t\t\t<a data-elementor-open-lightbox=\"yes\" data-elementor-lightbox-slideshow=\"3436fe36\" data-elementor-lightbox-title=\"roadpass-9R4ghJq0Fe8-unsplash\" data-e-action-hash=\"#elementor-action%3Aaction%3Dlightbox%26settings%3DeyJpZCI6MjA1LCJ1cmwiOiJodHRwczpcL1wvZGVtby53ZWJiYW5rYXNpLmNvbVwvMTI4XC93cC1jb250ZW50XC91cGxvYWRzXC8yMDI1XC8wOFwvcm9hZHBhc3MtOVI0Z2hKcTBGZTgtdW5zcGxhc2gtc2NhbGVkLmpwZyIsInNsaWRlc2hvdyI6IjM0MzZmZTM2In0%3D\" href='https:\/\/demo.webbankasi.com\/128\/wp-content\/uploads\/2025\/08\/roadpass-9R4ghJq0Fe8-unsplash-scaled.jpg'><img loading=\"lazy\" decoding=\"async\" width=\"2560\" height=\"1707\" src=\"https:\/\/demo.webbankasi.com\/128\/wp-content\/uploads\/2025\/08\/roadpass-9R4ghJq0Fe8-unsplash-scaled.jpg\" class=\"attachment-full size-full\" alt=\"\" srcset=\"https:\/\/demo.webbankasi.com\/128\/wp-content\/uploads\/2025\/08\/roadpass-9R4ghJq0Fe8-unsplash-scaled.jpg 2560w, https:\/\/demo.webbankasi.com\/128\/wp-content\/uploads\/2025\/08\/roadpass-9R4ghJq0Fe8-unsplash-300x200.jpg 300w, https:\/\/demo.webbankasi.com\/128\/wp-content\/uploads\/2025\/08\/roadpass-9R4ghJq0Fe8-unsplash-1024x683.jpg 1024w, https:\/\/demo.webbankasi.com\/128\/wp-content\/uploads\/2025\/08\/roadpass-9R4ghJq0Fe8-unsplash-768x512.jpg 768w, https:\/\/demo.webbankasi.com\/128\/wp-content\/uploads\/2025\/08\/roadpass-9R4ghJq0Fe8-unsplash-1536x1024.jpg 1536w, https:\/\/demo.webbankasi.com\/128\/wp-content\/uploads\/2025\/08\/roadpass-9R4ghJq0Fe8-unsplash-2048x1365.jpg 2048w, https:\/\/demo.webbankasi.com\/128\/wp-content\/uploads\/2025\/08\/roadpass-9R4ghJq0Fe8-unsplash-600x400.jpg 600w\" sizes=\"(max-width: 2560px) 100vw, 2560px\" \/><\/a>\n\t\t\t<\/div><\/figure><figure class='gallery-item'>\n\t\t\t<div class='gallery-icon portrait'>\n\t\t\t\t<a data-elementor-open-lightbox=\"yes\" data-elementor-lightbox-slideshow=\"3436fe36\" data-elementor-lightbox-title=\"gabriel-cernei-pHvFRezqYNo-unsplash\" data-e-action-hash=\"#elementor-action%3Aaction%3Dlightbox%26settings%3DeyJpZCI6MjA2LCJ1cmwiOiJodHRwczpcL1wvZGVtby53ZWJiYW5rYXNpLmNvbVwvMTI4XC93cC1jb250ZW50XC91cGxvYWRzXC8yMDI1XC8wOFwvZ2FicmllbC1jZXJuZWktcEh2RlJlenFZTm8tdW5zcGxhc2gtc2NhbGVkLmpwZyIsInNsaWRlc2hvdyI6IjM0MzZmZTM2In0%3D\" href='https:\/\/demo.webbankasi.com\/128\/wp-content\/uploads\/2025\/08\/gabriel-cernei-pHvFRezqYNo-unsplash-scaled.jpg'><img loading=\"lazy\" decoding=\"async\" width=\"1707\" height=\"2560\" src=\"https:\/\/demo.webbankasi.com\/128\/wp-content\/uploads\/2025\/08\/gabriel-cernei-pHvFRezqYNo-unsplash-scaled.jpg\" class=\"attachment-full size-full\" alt=\"\" srcset=\"https:\/\/demo.webbankasi.com\/128\/wp-content\/uploads\/2025\/08\/gabriel-cernei-pHvFRezqYNo-unsplash-scaled.jpg 1707w, https:\/\/demo.webbankasi.com\/128\/wp-content\/uploads\/2025\/08\/gabriel-cernei-pHvFRezqYNo-unsplash-200x300.jpg 200w, https:\/\/demo.webbankasi.com\/128\/wp-content\/uploads\/2025\/08\/gabriel-cernei-pHvFRezqYNo-unsplash-683x1024.jpg 683w, https:\/\/demo.webbankasi.com\/128\/wp-content\/uploads\/2025\/08\/gabriel-cernei-pHvFRezqYNo-unsplash-768x1152.jpg 768w, https:\/\/demo.webbankasi.com\/128\/wp-content\/uploads\/2025\/08\/gabriel-cernei-pHvFRezqYNo-unsplash-1024x1536.jpg 1024w, https:\/\/demo.webbankasi.com\/128\/wp-content\/uploads\/2025\/08\/gabriel-cernei-pHvFRezqYNo-unsplash-1365x2048.jpg 1365w, https:\/\/demo.webbankasi.com\/128\/wp-content\/uploads\/2025\/08\/gabriel-cernei-pHvFRezqYNo-unsplash-600x900.jpg 600w\" sizes=\"(max-width: 1707px) 100vw, 1707px\" \/><\/a>\n\t\t\t<\/div><\/figure>\n\t\t<\/div>\n\t\t<\/div>\n\t\t\t\t\t\t<\/div>\n\t\t\t\t\t<\/div>\n\t\t<\/div>\n\t\t\t\t\t<\/div>\n\t\t<\/section>\n\t\t\t\t<section class=\"elementor-section elementor-top-section elementor-element elementor-element-666eb7f1 elementor-section-height-min-height elementor-section-boxed elementor-section-height-default elementor-section-items-middle\" data-id=\"666eb7f1\" data-element_type=\"section\" data-settings=\"{&quot;background_background&quot;:&quot;classic&quot;}\">\n\t\t\t\t\t\t\t<div class=\"elementor-background-overlay\"><\/div>\n\t\t\t\t\t\t\t<div class=\"elementor-container elementor-column-gap-default\">\n\t\t\t\t\t<div class=\"elementor-column elementor-col-100 elementor-top-column elementor-element elementor-element-6662cf06\" data-id=\"6662cf06\" data-element_type=\"column\">\n\t\t\t<div class=\"elementor-widget-wrap elementor-element-populated\">\n\t\t\t\t\t\t<div class=\"elementor-element elementor-element-5e179d6c elementor-widget elementor-widget-heading\" data-id=\"5e179d6c\" data-element_type=\"widget\" data-widget_type=\"heading.default\">\n\t\t\t\t\t<h2 class=\"elementor-heading-title elementor-size-default\">15 Y\u0131l\u0131 A\u015fk\u0131n Deneyimle Karavan Kiralama Hizmeti<\/h2>\t\t\t\t<\/div>\n\t\t\t\t<div class=\"elementor-element elementor-element-6adfffe2 elementor-widget elementor-widget-text-editor\" data-id=\"6adfffe2\" data-element_type=\"widget\" data-widget_type=\"text-editor.default\">\n\t\t\t\t\t\t\t\t\t<p>Y\u0131llar\u0131n verdi\u011fi tecr\u00fcbe ile m\u00fc\u015fterilerimize g\u00fcvenilir ve kaliteli karavan kiralama hizmeti sunuyoruz. Her yolculu\u011fun \u00f6zel ve sorunsuz ge\u00e7mesi i\u00e7in titizlikle \u00e7al\u0131\u015f\u0131yoruz. M\u00fc\u015fteri memnuniyeti bizim i\u00e7in her zaman \u00f6nceliklidir.<\/p>\t\t\t\t\t\t\t\t<\/div>\n\t\t\t\t<div class=\"elementor-element elementor-element-e8a2f3f elementor-widget elementor-widget-elementskit-video\" data-id=\"e8a2f3f\" data-element_type=\"widget\" data-widget_type=\"elementskit-video.default\">\n\t\t\t\t<div class=\"elementor-widget-container\">\n\t\t\t\t\t<div class=\"ekit-wid-con\" >\t\t<div class=\"video-content\" data-video-player=\"[]\" data-video-setting=\"{&quot;videoVolume&quot;:&quot;horizontal&quot;,&quot;startVolume&quot;:0.8,&quot;videoType&quot;:&quot;iframe&quot;,&quot;videoClass&quot;:&quot;mfp-fade&quot;}\">\n\t\t\t\n<a class=\"ekit_icon_button glow-btn ekit-video-popup ekit-video-popup-btn\" href=\"https:\/\/www.youtube.com\/embed\/VhBl3dHT5SY?feature=oembed?playlist=VhBl3dHT5SY&amp;mute=0&amp;autoplay=0&amp;loop=no&amp;controls=0&amp;start=0&amp;end=\" aria-label=\"video-popup\">\n\t\t\t\t<svg aria-hidden=\"true\" class=\"e-font-icon-svg e-fas-play\" viewBox=\"0 0 448 512\" xmlns=\"http:\/\/www.w3.org\/2000\/svg\"><path d=\"M424.4 214.7L72.4 6.6C43.8-10.3 0 6.1 0 47.9V464c0 37.5 40.7 60.1 72.4 41.3l352-208c31.4-18.5 31.5-64.1 0-82.6z\"><\/path><\/svg>\t\t<\/a>\n\t\t\t\t\t<\/div>\n\t\t<\/div>\t\t\t\t<\/div>\n\t\t\t\t<\/div>\n\t\t\t\t\t<\/div>\n\t\t<\/div>\n\t\t\t\t\t<\/div>\n\t\t<\/section>\n\t\t\t\t<\/div>\n\t\t","protected":false},"excerpt":{"rendered":"<p>Gezgin An\u0131lar\u0131 Ana Sayfa \/ Galeri Gezgin An\u0131lar\u0131 Yol Arkada\u015flar\u0131m\u0131zdan Kareler T\u00fcrkiye\u2019nin d\u00f6rt bir yan\u0131ndan gelen gezginlerin payla\u015ft\u0131\u011f\u0131 unutulmaz an\u0131lar ve karavan deneyimleri bu galeride hayat buluyor. Do\u011fan\u0131n i\u00e7inde, yolda \u00e7ekilmi\u015f ger\u00e7ek foto\u011fraflar\u0131m\u0131zla ilham al\u0131n ve kendi maceran\u0131za ba\u015flay\u0131n. 15 Y\u0131l\u0131 A\u015fk\u0131n Deneyimle Karavan Kiralama Hizmeti Y\u0131llar\u0131n verdi\u011fi tecr\u00fcbe ile m\u00fc\u015fterilerimize g\u00fcvenilir ve kaliteli karavan [&hellip;]<\/p>\n","protected":false},"author":1,"featured_media":0,"parent":0,"menu_order":0,"comment_status":"closed","ping_status":"closed","template":"elementor_header_footer","meta":{"footnotes":""},"class_list":["post-109","page","type-page","status-publish","hentry"],"_links":{"self":[{"href":"https:\/\/demo.webbankasi.com\/128\/wp-json\/wp\/v2\/pages\/109","targetHints":{"allow":["GET"]}}],"collection":[{"href":"https:\/\/demo.webbankasi.com\/128\/wp-json\/wp\/v2\/pages"}],"about":[{"href":"https:\/\/demo.webbankasi.com\/128\/wp-json\/wp\/v2\/types\/page"}],"author":[{"embeddable":true,"href":"https:\/\/demo.webbankasi.com\/128\/wp-json\/wp\/v2\/users\/1"}],"replies":[{"embeddable":true,"href":"https:\/\/demo.webbankasi.com\/128\/wp-json\/wp\/v2\/comments?post=109"}],"version-history":[{"count":15,"href":"https:\/\/demo.webbankasi.com\/128\/wp-json\/wp\/v2\/pages\/109\/revisions"}],"predecessor-version":[{"id":219,"href":"https:\/\/demo.webbankasi.com\/128\/wp-json\/wp\/v2\/pages\/109\/revisions\/219"}],"wp:attachment":[{"href":"https:\/\/demo.webbankasi.com\/128\/wp-json\/wp\/v2\/media?parent=109"}],"curies":[{"name":"wp","href":"https:\/\/api.w.org\/{rel}","templated":true}]}}