{"id":8279,"date":"2023-10-25T15:56:36","date_gmt":"2023-10-25T13:56:36","guid":{"rendered":"https:\/\/wordpress.vecurosoft.com\/travolo\/?page_id=26"},"modified":"2025-08-06T10:01:28","modified_gmt":"2025-08-06T10:01:28","slug":"iletisim","status":"publish","type":"page","link":"https:\/\/demo.webbankasi.com\/125\/iletisim\/","title":{"rendered":"\u0130leti\u015fim"},"content":{"rendered":"\t\t<div data-elementor-type=\"wp-page\" data-elementor-id=\"8279\" class=\"elementor elementor-8279\" data-elementor-post-type=\"page\">\n\t\t\t\t<div class=\"elementor-element elementor-element-5b02e2b e-con-full e-flex e-con e-parent\" data-id=\"5b02e2b\" data-element_type=\"container\" data-settings=\"{&quot;background_background&quot;:&quot;classic&quot;}\">\n\t\t<div class=\"elementor-element elementor-element-a36286e e-flex e-con-boxed e-con e-child\" data-id=\"a36286e\" data-element_type=\"container\">\n\t\t\t\t\t<div class=\"e-con-inner\">\n\t\t<div class=\"elementor-element elementor-element-c5b8325 e-flex e-con-boxed e-con e-child\" data-id=\"c5b8325\" data-element_type=\"container\" data-settings=\"{&quot;background_background&quot;:&quot;classic&quot;}\">\n\t\t\t\t\t<div class=\"e-con-inner\">\n\t\t<div class=\"elementor-element elementor-element-f9be56c e-con-full e-flex e-con e-child\" data-id=\"f9be56c\" data-element_type=\"container\">\n\t\t\t\t<div class=\"elementor-element elementor-element-d383d79 elementor-widget elementor-widget-travolocontactbox\" data-id=\"d383d79\" data-element_type=\"widget\" data-widget_type=\"travolocontactbox.default\">\n\t\t\t\t<div class=\"elementor-widget-container\">\n\t\t\t\t\t        <div class=\"contact-box\">\n                            <div class=\"contact-box_icon\">\n                    <i class=\"fas fa-map-marked-alt\"><\/i>\n                <\/div>\n                        \n                            <h3 class=\"contact-box__title h5\">\n                    Adres                <\/h3>\n            \n                            \n                <p class=\"contact-box__text\">Nil\u00fcfer\/ Bursa<\/p>              \n                    <\/div>\n        \t\t\t\t<\/div>\n\t\t\t\t<\/div>\n\t\t\t\t<\/div>\n\t\t<div class=\"elementor-element elementor-element-2393229 e-con-full e-flex e-con e-child\" data-id=\"2393229\" data-element_type=\"container\">\n\t\t\t\t<div class=\"elementor-element elementor-element-553451b elementor-widget elementor-widget-travolocontactbox\" data-id=\"553451b\" data-element_type=\"widget\" data-widget_type=\"travolocontactbox.default\">\n\t\t\t\t<div class=\"elementor-widget-container\">\n\t\t\t\t\t        <div class=\"contact-box\">\n                            <div class=\"contact-box_icon\">\n                    <i class=\"fas fa-phone\"><\/i>\n                <\/div>\n                        \n                            <h3 class=\"contact-box__title h5\">\n                    Telefon                <\/h3>\n            \n                            \n                <p><a href=\"tel:+90 224 504 94 04\">0224 504 94 04<\/a><\/p>              \n                    <\/div>\n        \t\t\t\t<\/div>\n\t\t\t\t<\/div>\n\t\t\t\t<\/div>\n\t\t<div class=\"elementor-element elementor-element-b4fdc2b e-con-full e-flex e-con e-child\" data-id=\"b4fdc2b\" data-element_type=\"container\">\n\t\t\t\t<div class=\"elementor-element elementor-element-c529d2b elementor-widget elementor-widget-travolocontactbox\" data-id=\"c529d2b\" data-element_type=\"widget\" data-widget_type=\"travolocontactbox.default\">\n\t\t\t\t<div class=\"elementor-widget-container\">\n\t\t\t\t\t        <div class=\"contact-box\">\n                            <div class=\"contact-box_icon\">\n                    <i class=\"fas fa-clock\"><\/i>\n                <\/div>\n                        \n                            <h3 class=\"contact-box__title h5\">\n                    \u00c7al\u0131\u015fma Saatleri                <\/h3>\n            \n                            \n                <ul class=\"contact-box_list\"><li>Pazartesi - Cuma : 8:30 - 20:00<\/li><\/ul>              \n                    <\/div>\n        \t\t\t\t<\/div>\n\t\t\t\t<\/div>\n\t\t\t\t<\/div>\n\t\t\t\t\t<\/div>\n\t\t\t\t<\/div>\n\t\t\t\t\t<\/div>\n\t\t\t\t<\/div>\n\t\t\t\t<\/div>\n\t\t<div class=\"elementor-element elementor-element-d897d2b e-flex e-con-boxed e-con e-parent\" data-id=\"d897d2b\" data-element_type=\"container\" data-settings=\"{&quot;background_background&quot;:&quot;classic&quot;}\">\n\t\t\t\t\t<div class=\"e-con-inner\">\n\t\t<div class=\"elementor-element elementor-element-7fe6a59 e-flex e-con-boxed e-con e-child\" data-id=\"7fe6a59\" data-element_type=\"container\">\n\t\t\t\t\t<div class=\"e-con-inner\">\n\t\t\t\t<div class=\"elementor-element elementor-element-3857b7b elementor-widget elementor-widget-travolosectiontitle\" data-id=\"3857b7b\" data-element_type=\"widget\" data-widget_type=\"travolosectiontitle.default\">\n\t\t\t\t<div class=\"elementor-widget-container\">\n\t\t\t\t\t<!-- Section Title --><div class=\"title-area\" ><span class=\"sec-subtitle\">Bize Ula\u015f\u0131n\n<\/span><h1 class=\"sec-title title-selector\">\u0130leti\u015fime Ge\u00e7in<\/h1><p class=\"sec-text\">Her t\u00fcrl\u00fc soru, \u00f6neri ya da i\u015f birli\u011fi talebiniz i\u00e7in bizimle diledi\u011finiz zaman ileti\u015fime ge\u00e7ebilirsiniz.\nSize yard\u0131mc\u0131 olmaktan memnuniyet duyar\u0131z.<\/p><\/div><!-- End Section Title -->\t\t\t\t<\/div>\n\t\t\t\t<\/div>\n\t\t\t\t\t<\/div>\n\t\t\t\t<\/div>\n\t\t<div class=\"elementor-element elementor-element-7cef427 e-con-full e-flex e-con e-child\" data-id=\"7cef427\" data-element_type=\"container\">\n\t\t\t\t<div class=\"elementor-element elementor-element-deffcab elementor-widget elementor-widget-shortcode\" data-id=\"deffcab\" data-element_type=\"widget\" data-widget_type=\"shortcode.default\">\n\t\t\t\t\t\t\t<div class=\"elementor-shortcode\">\n<div class=\"wpcf7 no-js\" id=\"wpcf7-f1460-o1\" lang=\"en-US\" dir=\"ltr\" data-wpcf7-id=\"1460\">\n<div class=\"screen-reader-response\"><p role=\"status\" aria-live=\"polite\" aria-atomic=\"true\"><\/p> <ul><\/ul><\/div>\n<form action=\"\/125\/wp-json\/wp\/v2\/pages\/8279#wpcf7-f1460-o1\" method=\"post\" class=\"wpcf7-form init\" aria-label=\"Contact form\" novalidate=\"novalidate\" data-status=\"init\">\n<fieldset class=\"hidden-fields-container\"><input type=\"hidden\" name=\"_wpcf7\" value=\"1460\" \/><input type=\"hidden\" name=\"_wpcf7_version\" value=\"6.1.1\" \/><input type=\"hidden\" name=\"_wpcf7_locale\" value=\"en_US\" \/><input type=\"hidden\" name=\"_wpcf7_unit_tag\" value=\"wpcf7-f1460-o1\" \/><input type=\"hidden\" name=\"_wpcf7_container_post\" value=\"0\" \/><input type=\"hidden\" name=\"_wpcf7_posted_data_hash\" value=\"\" \/>\n<\/fieldset>\n<div class=\"row justify-content-center\">\n  <div class=\"col-md-6 form-group\">\n    <span class=\"wpcf7-form-control-wrap\" data-name=\"text-718\"><input size=\"40\" maxlength=\"400\" class=\"wpcf7-form-control wpcf7-text wpcf7-validates-as-required form-control\" aria-required=\"true\" aria-invalid=\"false\" placeholder=\"\u0130sminiz\" value=\"\" type=\"text\" name=\"text-718\" \/><\/span>\n  <\/div>\n  <div class=\"col-md-6 form-group\">\n    <span class=\"wpcf7-form-control-wrap\" data-name=\"lname\"><input size=\"40\" maxlength=\"400\" class=\"wpcf7-form-control wpcf7-text wpcf7-validates-as-required form-control\" aria-required=\"true\" aria-invalid=\"false\" placeholder=\"Soyisminiz\" value=\"\" type=\"text\" name=\"lname\" \/><\/span>\n  <\/div>\n  <div class=\"col-md-6 form-group\">\n    <span class=\"wpcf7-form-control-wrap\" data-name=\"email\"><input size=\"40\" maxlength=\"400\" class=\"wpcf7-form-control wpcf7-email wpcf7-validates-as-required wpcf7-text wpcf7-validates-as-email form-control\" aria-required=\"true\" aria-invalid=\"false\" placeholder=\"E-Mail\" value=\"\" type=\"email\" name=\"email\" \/><\/span>\n  <\/div>\n  <div class=\"col-md-6 form-group\">\n    <span class=\"wpcf7-form-control-wrap\" data-name=\"number\"><input size=\"40\" maxlength=\"400\" class=\"wpcf7-form-control wpcf7-tel wpcf7-text wpcf7-validates-as-tel form-control\" aria-invalid=\"false\" placeholder=\"Telefon\" value=\"\" type=\"tel\" name=\"number\" \/><\/span>\n  <\/div>\n  <div class=\"form-group col-12\">\n    <span class=\"wpcf7-form-control-wrap\" data-name=\"message\"><textarea cols=\"40\" rows=\"10\" maxlength=\"2000\" class=\"wpcf7-form-control wpcf7-textarea wpcf7-validates-as-required form-control\" aria-required=\"true\" aria-invalid=\"false\" placeholder=\"A\u00e7\u0131klama\" name=\"message\"><\/textarea><\/span>\n  <\/div>\n  <div class=\"col-md-auto\">\n    <button type=\"submit\" class=\"vs-btn style4 wpcf7-submit\">G\u00f6nder<\/button>\n  <\/div>\n<\/div><div class=\"wpcf7-response-output\" aria-hidden=\"true\"><\/div>\n<\/form>\n<\/div>\n<\/div>\n\t\t\t\t\t\t<\/div>\n\t\t\t\t<\/div>\n\t\t\t\t\t<\/div>\n\t\t\t\t<\/div>\n\t\t\t\t<\/div>\n\t\t","protected":false},"excerpt":{"rendered":"<p>Adres Nil\u00fcfer\/ Bursa Telefon 0224 504 94 04 \u00c7al\u0131\u015fma Saatleri Pazartesi &#8211; Cuma : 8:30 &#8211; 20:00 Bize Ula\u015f\u0131n \u0130leti\u015fime Ge\u00e7in Her t\u00fcrl\u00fc soru, \u00f6neri ya da i\u015f birli\u011fi talebiniz i\u00e7in bizimle diledi\u011finiz zaman ileti\u015fime ge\u00e7ebilirsiniz. Size yard\u0131mc\u0131 olmaktan memnuniyet duyar\u0131z.<\/p>\n","protected":false},"author":1,"featured_media":0,"parent":0,"menu_order":0,"comment_status":"closed","ping_status":"closed","template":"template-builder.php","meta":{"footnotes":""},"class_list":["post-8279","page","type-page","status-publish","hentry"],"yoast_head":"<!-- This site is optimized with the Yoast SEO plugin v25.6 - https:\/\/yoast.com\/wordpress\/plugins\/seo\/ -->\n<title>\u0130leti\u015fim - Haz\u0131r Tur Sitesi<\/title>\n<meta name=\"robots\" content=\"index, follow, max-snippet:-1, max-image-preview:large, max-video-preview:-1\" \/>\n<link rel=\"canonical\" href=\"https:\/\/demo.webbankasi.com\/125\/iletisim\/\" \/>\n<meta property=\"og:locale\" content=\"tr_TR\" \/>\n<meta property=\"og:type\" content=\"article\" \/>\n<meta property=\"og:title\" content=\"\u0130leti\u015fim - Haz\u0131r Tur Sitesi\" \/>\n<meta property=\"og:description\" content=\"Adres Nil\u00fcfer\/ Bursa Telefon 0224 504 94 04 \u00c7al\u0131\u015fma Saatleri Pazartesi &#8211; Cuma : 8:30 &#8211; 20:00 Bize Ula\u015f\u0131n \u0130leti\u015fime Ge\u00e7in Her t\u00fcrl\u00fc soru, \u00f6neri ya da i\u015f birli\u011fi talebiniz i\u00e7in bizimle diledi\u011finiz zaman ileti\u015fime ge\u00e7ebilirsiniz. Size yard\u0131mc\u0131 olmaktan memnuniyet duyar\u0131z.\" \/>\n<meta property=\"og:url\" content=\"https:\/\/demo.webbankasi.com\/125\/iletisim\/\" \/>\n<meta property=\"og:site_name\" content=\"Haz\u0131r Tur Sitesi\" \/>\n<meta property=\"article:modified_time\" content=\"2025-08-06T10:01:28+00:00\" \/>\n<meta name=\"twitter:card\" content=\"summary_large_image\" \/>\n<script type=\"application\/ld+json\" class=\"yoast-schema-graph\">{\"@context\":\"https:\/\/schema.org\",\"@graph\":[{\"@type\":\"WebPage\",\"@id\":\"https:\/\/demo.webbankasi.com\/125\/iletisim\/\",\"url\":\"https:\/\/demo.webbankasi.com\/125\/iletisim\/\",\"name\":\"\u0130leti\u015fim - Haz\u0131r Tur Sitesi\",\"isPartOf\":{\"@id\":\"https:\/\/demo.webbankasi.com\/125\/#website\"},\"datePublished\":\"2023-10-25T13:56:36+00:00\",\"dateModified\":\"2025-08-06T10:01:28+00:00\",\"breadcrumb\":{\"@id\":\"https:\/\/demo.webbankasi.com\/125\/iletisim\/#breadcrumb\"},\"inLanguage\":\"tr\",\"potentialAction\":[{\"@type\":\"ReadAction\",\"target\":[\"https:\/\/demo.webbankasi.com\/125\/iletisim\/\"]}]},{\"@type\":\"BreadcrumbList\",\"@id\":\"https:\/\/demo.webbankasi.com\/125\/iletisim\/#breadcrumb\",\"itemListElement\":[{\"@type\":\"ListItem\",\"position\":1,\"name\":\"Anasayfa\",\"item\":\"https:\/\/demo.webbankasi.com\/125\/\"},{\"@type\":\"ListItem\",\"position\":2,\"name\":\"\u0130leti\u015fim\"}]},{\"@type\":\"WebSite\",\"@id\":\"https:\/\/demo.webbankasi.com\/125\/#website\",\"url\":\"https:\/\/demo.webbankasi.com\/125\/\",\"name\":\"Haz\u0131r Tur Sitesi\",\"description\":\"Haz\u0131r Gezi ve Tur Sitesi\",\"potentialAction\":[{\"@type\":\"SearchAction\",\"target\":{\"@type\":\"EntryPoint\",\"urlTemplate\":\"https:\/\/demo.webbankasi.com\/125\/?s={search_term_string}\"},\"query-input\":{\"@type\":\"PropertyValueSpecification\",\"valueRequired\":true,\"valueName\":\"search_term_string\"}}],\"inLanguage\":\"tr\"}]}<\/script>\n<!-- \/ Yoast SEO plugin. -->","yoast_head_json":{"title":"\u0130leti\u015fim - Haz\u0131r Tur Sitesi","robots":{"index":"index","follow":"follow","max-snippet":"max-snippet:-1","max-image-preview":"max-image-preview:large","max-video-preview":"max-video-preview:-1"},"canonical":"https:\/\/demo.webbankasi.com\/125\/iletisim\/","og_locale":"tr_TR","og_type":"article","og_title":"\u0130leti\u015fim - Haz\u0131r Tur Sitesi","og_description":"Adres Nil\u00fcfer\/ Bursa Telefon 0224 504 94 04 \u00c7al\u0131\u015fma Saatleri Pazartesi &#8211; Cuma : 8:30 &#8211; 20:00 Bize Ula\u015f\u0131n \u0130leti\u015fime Ge\u00e7in Her t\u00fcrl\u00fc soru, \u00f6neri ya da i\u015f birli\u011fi talebiniz i\u00e7in bizimle diledi\u011finiz zaman ileti\u015fime ge\u00e7ebilirsiniz. Size yard\u0131mc\u0131 olmaktan memnuniyet duyar\u0131z.","og_url":"https:\/\/demo.webbankasi.com\/125\/iletisim\/","og_site_name":"Haz\u0131r Tur Sitesi","article_modified_time":"2025-08-06T10:01:28+00:00","twitter_card":"summary_large_image","schema":{"@context":"https:\/\/schema.org","@graph":[{"@type":"WebPage","@id":"https:\/\/demo.webbankasi.com\/125\/iletisim\/","url":"https:\/\/demo.webbankasi.com\/125\/iletisim\/","name":"\u0130leti\u015fim - Haz\u0131r Tur Sitesi","isPartOf":{"@id":"https:\/\/demo.webbankasi.com\/125\/#website"},"datePublished":"2023-10-25T13:56:36+00:00","dateModified":"2025-08-06T10:01:28+00:00","breadcrumb":{"@id":"https:\/\/demo.webbankasi.com\/125\/iletisim\/#breadcrumb"},"inLanguage":"tr","potentialAction":[{"@type":"ReadAction","target":["https:\/\/demo.webbankasi.com\/125\/iletisim\/"]}]},{"@type":"BreadcrumbList","@id":"https:\/\/demo.webbankasi.com\/125\/iletisim\/#breadcrumb","itemListElement":[{"@type":"ListItem","position":1,"name":"Anasayfa","item":"https:\/\/demo.webbankasi.com\/125\/"},{"@type":"ListItem","position":2,"name":"\u0130leti\u015fim"}]},{"@type":"WebSite","@id":"https:\/\/demo.webbankasi.com\/125\/#website","url":"https:\/\/demo.webbankasi.com\/125\/","name":"Haz\u0131r Tur Sitesi","description":"Haz\u0131r Gezi ve Tur Sitesi","potentialAction":[{"@type":"SearchAction","target":{"@type":"EntryPoint","urlTemplate":"https:\/\/demo.webbankasi.com\/125\/?s={search_term_string}"},"query-input":{"@type":"PropertyValueSpecification","valueRequired":true,"valueName":"search_term_string"}}],"inLanguage":"tr"}]}},"_links":{"self":[{"href":"https:\/\/demo.webbankasi.com\/125\/wp-json\/wp\/v2\/pages\/8279","targetHints":{"allow":["GET"]}}],"collection":[{"href":"https:\/\/demo.webbankasi.com\/125\/wp-json\/wp\/v2\/pages"}],"about":[{"href":"https:\/\/demo.webbankasi.com\/125\/wp-json\/wp\/v2\/types\/page"}],"author":[{"embeddable":true,"href":"https:\/\/demo.webbankasi.com\/125\/wp-json\/wp\/v2\/users\/1"}],"replies":[{"embeddable":true,"href":"https:\/\/demo.webbankasi.com\/125\/wp-json\/wp\/v2\/comments?post=8279"}],"version-history":[{"count":10,"href":"https:\/\/demo.webbankasi.com\/125\/wp-json\/wp\/v2\/pages\/8279\/revisions"}],"predecessor-version":[{"id":8418,"href":"https:\/\/demo.webbankasi.com\/125\/wp-json\/wp\/v2\/pages\/8279\/revisions\/8418"}],"wp:attachment":[{"href":"https:\/\/demo.webbankasi.com\/125\/wp-json\/wp\/v2\/media?parent=8279"}],"curies":[{"name":"wp","href":"https:\/\/api.w.org\/{rel}","templated":true}]}}