{"id":304,"date":"2025-08-08T06:39:08","date_gmt":"2025-08-08T06:39:08","guid":{"rendered":"https:\/\/demo.webbankasi.com\/124\/?post_type=product&#038;p=304"},"modified":"2025-08-08T08:11:32","modified_gmt":"2025-08-08T08:11:32","slug":"bursa-kultur-turu","status":"publish","type":"product","link":"https:\/\/demo.webbankasi.com\/124\/urun\/bursa-kultur-turu\/","title":{"rendered":"Bursa K\u00fclt\u00fcr Turu"},"content":{"rendered":"","protected":false},"excerpt":{"rendered":"<p>3 G\u00fcn \/ 2 Gece<\/p>\n","protected":false},"featured_media":225,"comment_status":"open","ping_status":"closed","template":"","meta":[],"product_brand":[],"product_cat":[22],"product_tag":[50],"class_list":{"0":"post-304","1":"product","2":"type-product","3":"status-publish","4":"has-post-thumbnail","6":"product_cat-kultur-turlari","7":"product_tag-bursa","9":"first","10":"instock","11":"shipping-taxable","12":"purchasable","13":"product-type-simple"},"_links":{"self":[{"href":"https:\/\/demo.webbankasi.com\/124\/wp-json\/wp\/v2\/product\/304","targetHints":{"allow":["GET"]}}],"collection":[{"href":"https:\/\/demo.webbankasi.com\/124\/wp-json\/wp\/v2\/product"}],"about":[{"href":"https:\/\/demo.webbankasi.com\/124\/wp-json\/wp\/v2\/types\/product"}],"replies":[{"embeddable":true,"href":"https:\/\/demo.webbankasi.com\/124\/wp-json\/wp\/v2\/comments?post=304"}],"wp:featuredmedia":[{"embeddable":true,"href":"https:\/\/demo.webbankasi.com\/124\/wp-json\/wp\/v2\/media\/225"}],"wp:attachment":[{"href":"https:\/\/demo.webbankasi.com\/124\/wp-json\/wp\/v2\/media?parent=304"}],"wp:term":[{"taxonomy":"product_brand","embeddable":true,"href":"https:\/\/demo.webbankasi.com\/124\/wp-json\/wp\/v2\/product_brand?post=304"},{"taxonomy":"product_cat","embeddable":true,"href":"https:\/\/demo.webbankasi.com\/124\/wp-json\/wp\/v2\/product_cat?post=304"},{"taxonomy":"product_tag","embeddable":true,"href":"https:\/\/demo.webbankasi.com\/124\/wp-json\/wp\/v2\/product_tag?post=304"}],"curies":[{"name":"wp","href":"https:\/\/api.w.org\/{rel}","templated":true}]}}