{"id":114,"date":"2025-07-30T09:32:01","date_gmt":"2025-07-30T09:32:01","guid":{"rendered":"https:\/\/demo.webbankasi.com\/123\/?page_id=114"},"modified":"2025-07-30T10:21:56","modified_gmt":"2025-07-30T10:21:56","slug":"galeri","status":"publish","type":"page","link":"https:\/\/demo.webbankasi.com\/123\/galeri\/","title":{"rendered":"Galeri"},"content":{"rendered":"\t\t<div data-elementor-type=\"wp-page\" data-elementor-id=\"114\" class=\"elementor elementor-114\" data-elementor-post-type=\"page\">\n\t\t\t\t<div class=\"elementor-element elementor-element-5e7cc831 e-flex e-con-boxed e-con e-parent\" data-id=\"5e7cc831\" data-element_type=\"container\" data-settings=\"{&quot;background_background&quot;:&quot;gradient&quot;}\">\n\t\t\t\t\t<div class=\"e-con-inner\">\n\t\t<div class=\"elementor-element elementor-element-149e06f2 e-flex e-con-boxed e-con e-child\" data-id=\"149e06f2\" data-element_type=\"container\">\n\t\t\t\t\t<div class=\"e-con-inner\">\n\t\t\t\t<div class=\"elementor-element elementor-element-19a63115 elementor-widget__width-inherit elementor-widget elementor-widget-jkit_heading\" data-id=\"19a63115\" data-element_type=\"widget\" data-widget_type=\"jkit_heading.default\">\n\t\t\t\t\t<div  class=\"jeg-elementor-kit jkit-heading  align-center align-tablet- align-mobile- jeg_module___694a997793071\" ><h3 class=\"heading-section-subtitle  style-color\">Galeri<\/h3><div class=\"heading-section-title  display-inline-block\"><h2 class=\"heading-title\">Kutsal Yolculuktan Kareler<\/h2><\/div><div class=\"heading-section-description\"><p>Hac ve Umre turlar\u0131m\u0131zdan unutulmaz anlar\u0131 bu sayfada ke\u015ffedin.<\/p><\/div><\/div>\t\t\t\t<\/div>\n\t\t\t\t\t<\/div>\n\t\t\t\t<\/div>\n\t\t\t\t\t<\/div>\n\t\t\t\t<\/div>\n\t\t<div class=\"elementor-element elementor-element-ee8f1a6 e-flex e-con-boxed e-con e-parent\" data-id=\"ee8f1a6\" data-element_type=\"container\">\n\t\t\t\t\t<div class=\"e-con-inner\">\n\t\t\t\t<div class=\"elementor-element elementor-element-c8e7d2f elementor-widget elementor-widget-gallery\" data-id=\"c8e7d2f\" data-element_type=\"widget\" data-settings=\"{&quot;lazyload&quot;:&quot;yes&quot;,&quot;gallery_layout&quot;:&quot;grid&quot;,&quot;columns&quot;:4,&quot;columns_tablet&quot;:2,&quot;columns_mobile&quot;:1,&quot;gap&quot;:{&quot;unit&quot;:&quot;px&quot;,&quot;size&quot;:10,&quot;sizes&quot;:[]},&quot;gap_tablet&quot;:{&quot;unit&quot;:&quot;px&quot;,&quot;size&quot;:10,&quot;sizes&quot;:[]},&quot;gap_mobile&quot;:{&quot;unit&quot;:&quot;px&quot;,&quot;size&quot;:10,&quot;sizes&quot;:[]},&quot;link_to&quot;:&quot;file&quot;,&quot;aspect_ratio&quot;:&quot;3:2&quot;,&quot;show_all_galleries&quot;:&quot;yes&quot;,&quot;overlay_background&quot;:&quot;yes&quot;,&quot;content_hover_animation&quot;:&quot;fade-in&quot;}\" data-widget_type=\"gallery.default\">\n\t\t\t\t\t\t\t\t<div class=\"elementor-gallery__titles-container e--pointer-underline e--animation-fade\" aria-label=\"Gallery filter\">\n\t\t\t\t\t\t\t\t\t<a class=\"elementor-item elementor-gallery-title\" role=\"button\" tabindex=\"0\" data-gallery-index=\"all\">\n\t\t\t\t\t\tHepsi\t\t\t\t\t<\/a>\n\t\t\t\t\n\t\t\t\t\t\t\t\t\t<a class=\"elementor-item elementor-gallery-title\" role=\"button\" tabindex=\"0\" data-gallery-index=\"0\">\n\t\t\t\t\t\tHac Turu\t\t\t\t\t<\/a>\n\t\t\t\t\t\t\t\t\t\t<a class=\"elementor-item elementor-gallery-title\" role=\"button\" tabindex=\"0\" data-gallery-index=\"1\">\n\t\t\t\t\t\tUmre Turu\t\t\t\t\t<\/a>\n\t\t\t\t\t\t\t\t<\/div>\n\t\t\t\t\t<div class=\"elementor-gallery__container\">\n\t\t\t\t\t\t\t<a class=\"e-gallery-item elementor-gallery-item elementor-animated-content\" data-e-gallery-tags=\"0\" href=\"https:\/\/demo.webbankasi.com\/123\/wp-content\/uploads\/2025\/07\/mecca-saudi-arabia-the-holy-kaaba-pilgrims-M2XEJLY.jpg\" data-elementor-open-lightbox=\"yes\" data-elementor-lightbox-slideshow=\"c8e7d2f\" data-elementor-lightbox-title=\"mecca-saudi-arabia-the-holy-kaaba-pilgrims-M2XEJLY.jpg\" data-e-action-hash=\"#elementor-action%3Aaction%3Dlightbox%26settings%3DeyJpZCI6MjcsInVybCI6Imh0dHBzOlwvXC9kZW1vLndlYmJhbmthc2kuY29tXC8xMjNcL3dwLWNvbnRlbnRcL3VwbG9hZHNcLzIwMjVcLzA3XC9tZWNjYS1zYXVkaS1hcmFiaWEtdGhlLWhvbHkta2FhYmEtcGlsZ3JpbXMtTTJYRUpMWS5qcGciLCJzbGlkZXNob3ciOiJjOGU3ZDJmIn0%3D\">\n\t\t\t\t\t<div class=\"e-gallery-image elementor-gallery-item__image\" data-thumbnail=\"https:\/\/demo.webbankasi.com\/123\/wp-content\/uploads\/2025\/07\/mecca-saudi-arabia-the-holy-kaaba-pilgrims-M2XEJLY-300x213.jpg\" data-width=\"300\" data-height=\"213\" aria-label=\"\" role=\"img\" ><\/div>\n\t\t\t\t\t\t\t\t\t\t\t<div class=\"elementor-gallery-item__overlay\"><\/div>\n\t\t\t\t\t\t\t\t\t\t\t\t\t\t<\/a>\n\t\t\t\t\t\t\t<a class=\"e-gallery-item elementor-gallery-item elementor-animated-content\" data-e-gallery-tags=\"0\" href=\"https:\/\/demo.webbankasi.com\/123\/wp-content\/uploads\/2025\/07\/pilgrims-in-kaaba-in-macca-al-haram-umrah-covid-HDZ2JXZ.jpg\" data-elementor-open-lightbox=\"yes\" data-elementor-lightbox-slideshow=\"c8e7d2f\" data-elementor-lightbox-title=\"pilgrims-in-kaaba-in-macca-al-haram-umrah-covid-HDZ2JXZ.jpg\" data-e-action-hash=\"#elementor-action%3Aaction%3Dlightbox%26settings%3DeyJpZCI6MjksInVybCI6Imh0dHBzOlwvXC9kZW1vLndlYmJhbmthc2kuY29tXC8xMjNcL3dwLWNvbnRlbnRcL3VwbG9hZHNcLzIwMjVcLzA3XC9waWxncmltcy1pbi1rYWFiYS1pbi1tYWNjYS1hbC1oYXJhbS11bXJhaC1jb3ZpZC1IRFoySlhaLmpwZyIsInNsaWRlc2hvdyI6ImM4ZTdkMmYifQ%3D%3D\">\n\t\t\t\t\t<div class=\"e-gallery-image elementor-gallery-item__image\" data-thumbnail=\"https:\/\/demo.webbankasi.com\/123\/wp-content\/uploads\/2025\/07\/pilgrims-in-kaaba-in-macca-al-haram-umrah-covid-HDZ2JXZ-300x169.jpg\" data-width=\"300\" data-height=\"169\" aria-label=\"\" role=\"img\" ><\/div>\n\t\t\t\t\t\t\t\t\t\t\t<div class=\"elementor-gallery-item__overlay\"><\/div>\n\t\t\t\t\t\t\t\t\t\t\t\t\t\t<\/a>\n\t\t\t\t\t\t\t<a class=\"e-gallery-item elementor-gallery-item elementor-animated-content\" data-e-gallery-tags=\"0\" href=\"https:\/\/demo.webbankasi.com\/123\/wp-content\/uploads\/2025\/07\/saudi-arabia.jpg\" data-elementor-open-lightbox=\"yes\" data-elementor-lightbox-slideshow=\"c8e7d2f\" data-elementor-lightbox-title=\"saudi-arabia.jpg\" data-e-action-hash=\"#elementor-action%3Aaction%3Dlightbox%26settings%3DeyJpZCI6MjgsInVybCI6Imh0dHBzOlwvXC9kZW1vLndlYmJhbmthc2kuY29tXC8xMjNcL3dwLWNvbnRlbnRcL3VwbG9hZHNcLzIwMjVcLzA3XC9zYXVkaS1hcmFiaWEuanBnIiwic2xpZGVzaG93IjoiYzhlN2QyZiJ9\">\n\t\t\t\t\t<div class=\"e-gallery-image elementor-gallery-item__image\" data-thumbnail=\"https:\/\/demo.webbankasi.com\/123\/wp-content\/uploads\/2025\/07\/saudi-arabia-235x300.jpg\" data-width=\"235\" data-height=\"300\" aria-label=\"\" role=\"img\" ><\/div>\n\t\t\t\t\t\t\t\t\t\t\t<div class=\"elementor-gallery-item__overlay\"><\/div>\n\t\t\t\t\t\t\t\t\t\t\t\t\t\t<\/a>\n\t\t\t\t\t\t\t<a class=\"e-gallery-item elementor-gallery-item elementor-animated-content\" data-e-gallery-tags=\"0\" href=\"https:\/\/demo.webbankasi.com\/123\/wp-content\/uploads\/2025\/07\/kabe.jpg\" data-elementor-open-lightbox=\"yes\" data-elementor-lightbox-slideshow=\"c8e7d2f\" data-elementor-lightbox-title=\"MECCA, SAUDI ARABIA , OCTOBER 22, 2020 - Pilgrims circle the Kaa\" data-e-action-hash=\"#elementor-action%3Aaction%3Dlightbox%26settings%3DeyJpZCI6ODgsInVybCI6Imh0dHBzOlwvXC9kZW1vLndlYmJhbmthc2kuY29tXC8xMjNcL3dwLWNvbnRlbnRcL3VwbG9hZHNcLzIwMjVcLzA3XC9rYWJlLmpwZyIsInNsaWRlc2hvdyI6ImM4ZTdkMmYifQ%3D%3D\">\n\t\t\t\t\t<div class=\"e-gallery-image elementor-gallery-item__image\" data-thumbnail=\"https:\/\/demo.webbankasi.com\/123\/wp-content\/uploads\/2025\/07\/kabe-300x225.jpg\" data-width=\"300\" data-height=\"225\" aria-label=\"\" role=\"img\" ><\/div>\n\t\t\t\t\t\t\t\t\t\t\t<div class=\"elementor-gallery-item__overlay\"><\/div>\n\t\t\t\t\t\t\t\t\t\t\t\t\t\t<\/a>\n\t\t\t\t\t\t\t<a class=\"e-gallery-item elementor-gallery-item elementor-animated-content\" data-e-gallery-tags=\"1\" href=\"https:\/\/demo.webbankasi.com\/123\/wp-content\/uploads\/2025\/07\/say.jpeg\" data-elementor-open-lightbox=\"yes\" data-elementor-lightbox-slideshow=\"c8e7d2f\" data-elementor-lightbox-title=\"say\" data-e-action-hash=\"#elementor-action%3Aaction%3Dlightbox%26settings%3DeyJpZCI6NzgsInVybCI6Imh0dHBzOlwvXC9kZW1vLndlYmJhbmthc2kuY29tXC8xMjNcL3dwLWNvbnRlbnRcL3VwbG9hZHNcLzIwMjVcLzA3XC9zYXkuanBlZyIsInNsaWRlc2hvdyI6ImM4ZTdkMmYifQ%3D%3D\">\n\t\t\t\t\t<div class=\"e-gallery-image elementor-gallery-item__image\" data-thumbnail=\"https:\/\/demo.webbankasi.com\/123\/wp-content\/uploads\/2025\/07\/say-300x171.jpeg\" data-width=\"300\" data-height=\"171\" aria-label=\"\" role=\"img\" ><\/div>\n\t\t\t\t\t\t\t\t\t\t\t<div class=\"elementor-gallery-item__overlay\"><\/div>\n\t\t\t\t\t\t\t\t\t\t\t\t\t\t<\/a>\n\t\t\t\t\t\t\t<a class=\"e-gallery-item elementor-gallery-item elementor-animated-content\" data-e-gallery-tags=\"1\" href=\"https:\/\/demo.webbankasi.com\/123\/wp-content\/uploads\/2025\/07\/hac-1.jpeg\" data-elementor-open-lightbox=\"yes\" data-elementor-lightbox-slideshow=\"c8e7d2f\" data-elementor-lightbox-title=\"hac-1\" data-e-action-hash=\"#elementor-action%3Aaction%3Dlightbox%26settings%3DeyJpZCI6ODIsInVybCI6Imh0dHBzOlwvXC9kZW1vLndlYmJhbmthc2kuY29tXC8xMjNcL3dwLWNvbnRlbnRcL3VwbG9hZHNcLzIwMjVcLzA3XC9oYWMtMS5qcGVnIiwic2xpZGVzaG93IjoiYzhlN2QyZiJ9\">\n\t\t\t\t\t<div class=\"e-gallery-image elementor-gallery-item__image\" data-thumbnail=\"https:\/\/demo.webbankasi.com\/123\/wp-content\/uploads\/2025\/07\/hac-1-300x169.jpeg\" data-width=\"300\" data-height=\"169\" aria-label=\"\" role=\"img\" ><\/div>\n\t\t\t\t\t\t\t\t\t\t\t<div class=\"elementor-gallery-item__overlay\"><\/div>\n\t\t\t\t\t\t\t\t\t\t\t\t\t\t<\/a>\n\t\t\t\t\t\t\t<a class=\"e-gallery-item elementor-gallery-item elementor-animated-content\" data-e-gallery-tags=\"1\" href=\"https:\/\/demo.webbankasi.com\/123\/wp-content\/uploads\/2025\/07\/hac7.jpeg\" data-elementor-open-lightbox=\"yes\" data-elementor-lightbox-slideshow=\"c8e7d2f\" data-elementor-lightbox-title=\"hac7\" data-e-action-hash=\"#elementor-action%3Aaction%3Dlightbox%26settings%3DeyJpZCI6ODUsInVybCI6Imh0dHBzOlwvXC9kZW1vLndlYmJhbmthc2kuY29tXC8xMjNcL3dwLWNvbnRlbnRcL3VwbG9hZHNcLzIwMjVcLzA3XC9oYWM3LmpwZWciLCJzbGlkZXNob3ciOiJjOGU3ZDJmIn0%3D\">\n\t\t\t\t\t<div class=\"e-gallery-image elementor-gallery-item__image\" data-thumbnail=\"https:\/\/demo.webbankasi.com\/123\/wp-content\/uploads\/2025\/07\/hac7-300x169.jpeg\" data-width=\"300\" data-height=\"169\" aria-label=\"\" role=\"img\" ><\/div>\n\t\t\t\t\t\t\t\t\t\t\t<div class=\"elementor-gallery-item__overlay\"><\/div>\n\t\t\t\t\t\t\t\t\t\t\t\t\t\t<\/a>\n\t\t\t\t\t\t\t<a class=\"e-gallery-item elementor-gallery-item elementor-animated-content\" data-e-gallery-tags=\"1\" href=\"https:\/\/demo.webbankasi.com\/123\/wp-content\/uploads\/2025\/07\/kabe-1.webp\" data-elementor-open-lightbox=\"yes\" data-elementor-lightbox-slideshow=\"c8e7d2f\" data-elementor-lightbox-title=\"kabe-1\" data-e-action-hash=\"#elementor-action%3Aaction%3Dlightbox%26settings%3DeyJpZCI6OTUsInVybCI6Imh0dHBzOlwvXC9kZW1vLndlYmJhbmthc2kuY29tXC8xMjNcL3dwLWNvbnRlbnRcL3VwbG9hZHNcLzIwMjVcLzA3XC9rYWJlLTEud2VicCIsInNsaWRlc2hvdyI6ImM4ZTdkMmYifQ%3D%3D\">\n\t\t\t\t\t<div class=\"e-gallery-image elementor-gallery-item__image\" data-thumbnail=\"https:\/\/demo.webbankasi.com\/123\/wp-content\/uploads\/2025\/07\/kabe-1-180x300.webp\" data-width=\"180\" data-height=\"300\" aria-label=\"\" role=\"img\" ><\/div>\n\t\t\t\t\t\t\t\t\t\t\t<div class=\"elementor-gallery-item__overlay\"><\/div>\n\t\t\t\t\t\t\t\t\t\t\t\t\t\t<\/a>\n\t\t\t\t\t<\/div>\n\t\t\t\t\t<\/div>\n\t\t\t\t\t<\/div>\n\t\t\t\t<\/div>\n\t\t\t\t<\/div>\n\t\t","protected":false},"excerpt":{"rendered":"<p>Galeri Kutsal Yolculuktan Kareler Hac ve Umre turlar\u0131m\u0131zdan unutulmaz anlar\u0131 bu sayfada ke\u015ffedin. Hepsi Hac Turu Umre Turu<\/p>\n","protected":false},"author":1,"featured_media":0,"parent":0,"menu_order":0,"comment_status":"closed","ping_status":"closed","template":"elementor_header_footer","meta":{"footnotes":""},"class_list":["post-114","page","type-page","status-publish","hentry"],"_links":{"self":[{"href":"https:\/\/demo.webbankasi.com\/123\/wp-json\/wp\/v2\/pages\/114","targetHints":{"allow":["GET"]}}],"collection":[{"href":"https:\/\/demo.webbankasi.com\/123\/wp-json\/wp\/v2\/pages"}],"about":[{"href":"https:\/\/demo.webbankasi.com\/123\/wp-json\/wp\/v2\/types\/page"}],"author":[{"embeddable":true,"href":"https:\/\/demo.webbankasi.com\/123\/wp-json\/wp\/v2\/users\/1"}],"replies":[{"embeddable":true,"href":"https:\/\/demo.webbankasi.com\/123\/wp-json\/wp\/v2\/comments?post=114"}],"version-history":[{"count":4,"href":"https:\/\/demo.webbankasi.com\/123\/wp-json\/wp\/v2\/pages\/114\/revisions"}],"predecessor-version":[{"id":119,"href":"https:\/\/demo.webbankasi.com\/123\/wp-json\/wp\/v2\/pages\/114\/revisions\/119"}],"wp:attachment":[{"href":"https:\/\/demo.webbankasi.com\/123\/wp-json\/wp\/v2\/media?parent=114"}],"curies":[{"name":"wp","href":"https:\/\/api.w.org\/{rel}","templated":true}]}}