{"id":108,"date":"2025-07-30T09:30:46","date_gmt":"2025-07-30T09:30:46","guid":{"rendered":"https:\/\/demo.webbankasi.com\/123\/?page_id=108"},"modified":"2025-07-30T13:06:46","modified_gmt":"2025-07-30T13:06:46","slug":"blog","status":"publish","type":"page","link":"https:\/\/demo.webbankasi.com\/123\/blog\/","title":{"rendered":"Blog"},"content":{"rendered":"\t\t<div data-elementor-type=\"wp-page\" data-elementor-id=\"108\" class=\"elementor elementor-108\" data-elementor-post-type=\"page\">\n\t\t\t\t<div class=\"elementor-element elementor-element-71c16261 e-flex e-con-boxed e-con e-parent\" data-id=\"71c16261\" data-element_type=\"container\" data-settings=\"{&quot;background_background&quot;:&quot;gradient&quot;}\">\n\t\t\t\t\t<div class=\"e-con-inner\">\n\t\t<div class=\"elementor-element elementor-element-3e506bd6 e-con-full e-flex e-con e-child\" data-id=\"3e506bd6\" data-element_type=\"container\">\n\t\t<div class=\"elementor-element elementor-element-4adce00c e-flex e-con-boxed e-con e-child\" data-id=\"4adce00c\" data-element_type=\"container\">\n\t\t\t\t\t<div class=\"e-con-inner\">\n\t\t\t\t<div class=\"elementor-element elementor-element-6e9ead8e elementor-widget__width-inherit elementor-widget elementor-widget-jkit_heading\" data-id=\"6e9ead8e\" data-element_type=\"widget\" data-widget_type=\"jkit_heading.default\">\n\t\t\t\t\t<div  class=\"jeg-elementor-kit jkit-heading  align-center align-tablet- align-mobile- jeg_module___694a997cd06d1\" ><h3 class=\"heading-section-subtitle  style-color\">Bilgilendirici \u0130\u00e7erikler<\/h3><div class=\"heading-section-title  display-inline-block\"><h2 class=\"heading-title\">Kutsal Yolculu\u011fa Dair Her \u015eey<\/h2><\/div><div class=\"heading-section-description\"><div class=\"elementor-element elementor-element-2baa26c7 e-flex e-con-boxed e-con e-child\" data-id=\"2baa26c7\" data-element_type=\"container\"><div class=\"e-con-inner\"><div class=\"elementor-element elementor-element-29f5d573 elementor-widget__width-inherit elementor-widget elementor-widget-jkit_heading\" data-id=\"29f5d573\" data-element_type=\"widget\" data-widget_type=\"jkit_heading.default\"><div class=\"jeg-elementor-kit jkit-heading  align-center align-tablet- align-mobile- jeg_module_91_37_688a14917c250\"><div class=\"heading-section-description\"><p data-start=\"396\" data-end=\"603\">Hac ve Umre yolculu\u011funuz \u00f6ncesinde bilmeniz gerekenler, ibadet rehberleri, s\u0131k\u00e7a sorulan sorular, g\u00fcncel duyurular ve daha fazlas\u0131... Manevi yolculu\u011funuza \u0131\u015f\u0131k tutacak i\u00e7eriklere bu b\u00f6l\u00fcmden ula\u015fabilirsiniz.<\/p><\/div><\/div><\/div><\/div><\/div><div class=\"elementor-element elementor-element-3a706a38 e-flex e-con-boxed e-con e-child\" data-id=\"3a706a38\" data-element_type=\"container\"><div class=\"e-con-inner\"><div class=\"elementor-element elementor-element-48f374f8 elementor-widget elementor-widget-jkit_post_block\" data-id=\"48f374f8\" data-element_type=\"widget\" data-widget_type=\"jkit_post_block.default\"><div class=\"jeg-elementor-kit jkit-postblock postblock-type-3 jkit-pagination-disable post-element jeg_module_91_38_688a14917d2aa\" data-id=\"jeg_module_91_38_688a14917d2aa\" data-settings=\"{&quot;post_type&quot;:&quot;post&quot;,&quot;number_post&quot;:{&quot;unit&quot;:&quot;px&quot;,&quot;size&quot;:4,&quot;sizes&quot;:[]},&quot;post_offset&quot;:0,&quot;unique_content&quot;:&quot;disable&quot;,&quot;include_post&quot;:&quot;&quot;,&quot;exclude_post&quot;:&quot;&quot;,&quot;include_category&quot;:&quot;&quot;,&quot;exclude_category&quot;:&quot;&quot;,&quot;include_author&quot;:&quot;&quot;,&quot;include_tag&quot;:&quot;&quot;,&quot;exclude_tag&quot;:&quot;&quot;,&quot;sort_by&quot;:&quot;latest&quot;,&quot;pagination_mode&quot;:&quot;disable&quot;,&quot;pagination_loadmore_text&quot;:&quot;Load More&quot;,&quot;pagination_loading_text&quot;:&quot;Loading...&quot;,&quot;pagination_number_post&quot;:{&quot;unit&quot;:&quot;px&quot;,&quot;size&quot;:3,&quot;sizes&quot;:[]},&quot;pagination_scroll_limit&quot;:0,&quot;pagination_icon&quot;:{&quot;value&quot;:&quot;&quot;,&quot;library&quot;:&quot;&quot;},&quot;pagination_icon_position&quot;:&quot;before&quot;,&quot;st_category_position&quot;:&quot;left&quot;,&quot;sg_content_postblock_type&quot;:&quot;type-3&quot;,&quot;sg_content_element_order&quot;:&quot;title,meta,excerpt,read&quot;,&quot;sg_content_breakpoint&quot;:&quot;tablet&quot;,&quot;sg_content_title_html_tag&quot;:&quot;h3&quot;,&quot;sg_content_category_enable&quot;:&quot;yes&quot;,&quot;sg_content_excerpt_enable&quot;:&quot;&quot;,&quot;sg_content_excerpt_length&quot;:{&quot;unit&quot;:&quot;px&quot;,&quot;size&quot;:14,&quot;sizes&quot;:[]},&quot;sg_content_excerpt_more&quot;:&quot;...&quot;,&quot;sg_content_readmore_enable&quot;:&quot;&quot;,&quot;sg_content_readmore_icon&quot;:{&quot;value&quot;:&quot;fas fa-arrow-right&quot;,&quot;library&quot;:&quot;fa-solid&quot;},&quot;sg_content_readmore_icon_position&quot;:&quot;after&quot;,&quot;sg_content_readmore_text&quot;:&quot;Read More&quot;,&quot;sg_content_comment_enable&quot;:&quot;&quot;,&quot;sg_content_comment_icon&quot;:{&quot;value&quot;:&quot;fas fa-comment&quot;,&quot;library&quot;:&quot;fa-solid&quot;},&quot;sg_content_comment_icon_position&quot;:&quot;before&quot;,&quot;sg_content_meta_enable&quot;:&quot;yes&quot;,&quot;sg_content_meta_author_enable&quot;:&quot;&quot;,&quot;sg_content_meta_author_by_text&quot;:&quot;by&quot;,&quot;sg_content_meta_author_icon&quot;:{&quot;value&quot;:&quot;fas fa-user&quot;,&quot;library&quot;:&quot;fa-solid&quot;},&quot;sg_content_meta_author_icon_position&quot;:&quot;before&quot;,&quot;sg_content_meta_date_enable&quot;:&quot;yes&quot;,&quot;sg_content_meta_date_type&quot;:&quot;published&quot;,&quot;sg_content_meta_date_format&quot;:&quot;default&quot;,&quot;sg_content_meta_date_format_custom&quot;:&quot;F j, Y&quot;,&quot;sg_content_meta_date_icon&quot;:{&quot;value&quot;:&quot;fas fa-clock&quot;,&quot;library&quot;:&quot;fa-solid&quot;},&quot;sg_content_meta_date_icon_position&quot;:&quot;before&quot;,&quot;sg_content_image_size_imagesize_size&quot;:&quot;full&quot;,&quot;paged&quot;:1,&quot;class&quot;:&quot;jkit_post_block&quot;}\"><div class=\"jkit-block-container\"><div class=\"jkit-posts jkit-ajax-flag\"><article class=\"jkit-post post-87 post type-post status-publish format-standard has-post-thumbnail hentry category-uncategorized\"><div class=\"jkit-thumb\"><i class=\"fas fa-pencil-alt\"><\/i><div class=\"thumbnail-container \">\u00a0<\/div><\/div><\/article><\/div><\/div><\/div><\/div><\/div><\/div><\/div><\/div>\t\t\t\t<\/div>\n\t\t\t\t\t<\/div>\n\t\t\t\t<\/div>\n\t\t<div class=\"elementor-element elementor-element-5f004525 e-flex e-con-boxed e-con e-child\" data-id=\"5f004525\" data-element_type=\"container\">\n\t\t\t\t\t<div class=\"e-con-inner\">\n\t\t\t\t<div class=\"elementor-element elementor-element-794d0a8c elementor-widget elementor-widget-jkit_post_block\" data-id=\"794d0a8c\" data-element_type=\"widget\" data-widget_type=\"jkit_post_block.default\">\n\t\t\t\t\t<div  class=\"jeg-elementor-kit jkit-postblock postblock-type-3 jkit-pagination-loadmore post-element jeg_module__1_694a997cd75c7\"  data-id=\"jeg_module__1_694a997cd75c7\" data-settings=\"{&quot;post_type&quot;:&quot;post&quot;,&quot;number_post&quot;:{&quot;unit&quot;:&quot;px&quot;,&quot;size&quot;:8,&quot;sizes&quot;:[]},&quot;post_offset&quot;:0,&quot;unique_content&quot;:&quot;disable&quot;,&quot;include_post&quot;:&quot;&quot;,&quot;exclude_post&quot;:&quot;&quot;,&quot;include_category&quot;:&quot;&quot;,&quot;exclude_category&quot;:&quot;&quot;,&quot;include_author&quot;:&quot;&quot;,&quot;include_tag&quot;:&quot;&quot;,&quot;exclude_tag&quot;:&quot;&quot;,&quot;sort_by&quot;:&quot;latest&quot;,&quot;pagination_mode&quot;:&quot;loadmore&quot;,&quot;pagination_loadmore_text&quot;:&quot;Load More&quot;,&quot;pagination_loading_text&quot;:&quot;Loading...&quot;,&quot;pagination_number_post&quot;:{&quot;unit&quot;:&quot;px&quot;,&quot;size&quot;:3,&quot;sizes&quot;:[]},&quot;pagination_scroll_limit&quot;:0,&quot;pagination_icon&quot;:{&quot;value&quot;:&quot;&quot;,&quot;library&quot;:&quot;&quot;},&quot;pagination_icon_position&quot;:&quot;before&quot;,&quot;st_category_position&quot;:&quot;left&quot;,&quot;sg_content_postblock_type&quot;:&quot;type-3&quot;,&quot;sg_content_element_order&quot;:&quot;title,meta,excerpt,read&quot;,&quot;sg_content_breakpoint&quot;:&quot;tablet&quot;,&quot;sg_content_title_html_tag&quot;:&quot;h3&quot;,&quot;sg_content_category_enable&quot;:&quot;yes&quot;,&quot;sg_content_excerpt_enable&quot;:&quot;&quot;,&quot;sg_content_excerpt_length&quot;:{&quot;unit&quot;:&quot;px&quot;,&quot;size&quot;:14,&quot;sizes&quot;:[]},&quot;sg_content_excerpt_more&quot;:&quot;...&quot;,&quot;sg_content_readmore_enable&quot;:&quot;&quot;,&quot;sg_content_readmore_icon&quot;:{&quot;value&quot;:&quot;fas fa-arrow-right&quot;,&quot;library&quot;:&quot;fa-solid&quot;},&quot;sg_content_readmore_icon_position&quot;:&quot;after&quot;,&quot;sg_content_readmore_text&quot;:&quot;Read More&quot;,&quot;sg_content_comment_enable&quot;:&quot;&quot;,&quot;sg_content_comment_icon&quot;:{&quot;value&quot;:&quot;fas fa-comment&quot;,&quot;library&quot;:&quot;fa-solid&quot;},&quot;sg_content_comment_icon_position&quot;:&quot;before&quot;,&quot;sg_content_meta_enable&quot;:&quot;yes&quot;,&quot;sg_content_meta_author_enable&quot;:&quot;&quot;,&quot;sg_content_meta_author_by_text&quot;:&quot;by&quot;,&quot;sg_content_meta_author_icon&quot;:{&quot;value&quot;:&quot;fas fa-user&quot;,&quot;library&quot;:&quot;fa-solid&quot;},&quot;sg_content_meta_author_icon_position&quot;:&quot;before&quot;,&quot;sg_content_meta_date_enable&quot;:&quot;yes&quot;,&quot;sg_content_meta_date_type&quot;:&quot;published&quot;,&quot;sg_content_meta_date_format&quot;:&quot;default&quot;,&quot;sg_content_meta_date_format_custom&quot;:&quot;F j, Y&quot;,&quot;sg_content_meta_date_icon&quot;:{&quot;value&quot;:&quot;fas fa-clock&quot;,&quot;library&quot;:&quot;fa-solid&quot;},&quot;sg_content_meta_date_icon_position&quot;:&quot;before&quot;,&quot;sg_content_image_size_imagesize_size&quot;:&quot;full&quot;,&quot;paged&quot;:1,&quot;class&quot;:&quot;jkit_post_block&quot;}\"><div class=\"jkit-block-container\"><div class=\"jkit-posts jkit-ajax-flag\">\n            <article class=\"jkit-post post-87 post type-post status-publish format-standard has-post-thumbnail hentry category-uncategorized\">\n                    <div class=\"jkit-thumb\"><a aria-label=\"Umre ve Hac Turlar\u0131 \u0130\u00e7in Haz\u0131r Web Sitesi: Turizm Firmalar\u0131 \u0130\u00e7in H\u0131zl\u0131 ve Etkili \u00c7\u00f6z\u00fcm\" href=\"https:\/\/demo.webbankasi.com\/123\/umre-ve-hac-turlari-icin-hazir-web-sitesi-turizm-firmalari-icin-hizli-ve-etkili-cozum\/\"><div class=\"thumbnail-container \">\n            <img loading=\"lazy\" decoding=\"async\" width=\"2048\" height=\"1536\" src=\"https:\/\/demo.webbankasi.com\/123\/wp-content\/uploads\/2025\/07\/kabe.jpg\" class=\"attachment-full size-full wp-post-image\" alt=\"\" loading=\"lazy\" srcset=\"https:\/\/demo.webbankasi.com\/123\/wp-content\/uploads\/2025\/07\/kabe.jpg 2048w, https:\/\/demo.webbankasi.com\/123\/wp-content\/uploads\/2025\/07\/kabe-300x225.jpg 300w, https:\/\/demo.webbankasi.com\/123\/wp-content\/uploads\/2025\/07\/kabe-1024x768.jpg 1024w, https:\/\/demo.webbankasi.com\/123\/wp-content\/uploads\/2025\/07\/kabe-768x576.jpg 768w, https:\/\/demo.webbankasi.com\/123\/wp-content\/uploads\/2025\/07\/kabe-1536x1152.jpg 1536w\" sizes=\"auto, (max-width: 2048px) 100vw, 2048px\" \/>\n        <\/div><\/a><div class=\"jkit-post-category position-left\"><span><a href=\"https:\/\/demo.webbankasi.com\/123\/category\/uncategorized\/\" class=\"category-uncategorized\">Uncategorized<\/a><\/span><\/div><\/div>\n                    <div class=\"jkit-postblock-content\"><h3 class=\"jkit-post-title\">\n\t\t\t\t\t\t\t<a href=\"https:\/\/demo.webbankasi.com\/123\/umre-ve-hac-turlari-icin-hazir-web-sitesi-turizm-firmalari-icin-hizli-ve-etkili-cozum\/\">Umre ve Hac Turlar\u0131 \u0130\u00e7in Haz\u0131r Web Sitesi: Turizm Firmalar\u0131 \u0130\u00e7in H\u0131zl\u0131 ve Etkili \u00c7\u00f6z\u00fcm<\/a>\n\t\t\t\t\t\t<\/h3><div class=\"jkit-post-meta\"><div class=\"jkit-meta-date icon-position-before\"><svg aria-hidden=\"true\" class=\"e-font-icon-svg e-fas-clock\" viewBox=\"0 0 512 512\" xmlns=\"http:\/\/www.w3.org\/2000\/svg\"><path d=\"M256,8C119,8,8,119,8,256S119,504,256,504,504,393,504,256,393,8,256,8Zm92.49,313h0l-20,25a16,16,0,0,1-22.49,2.5h0l-67-49.72a40,40,0,0,1-15-31.23V112a16,16,0,0,1,16-16h32a16,16,0,0,1,16,16V256l58,42.5A16,16,0,0,1,348.49,321Z\"><\/path><\/svg>Temmuz 30, 2025<\/div><\/div><div class=\"jkit-post-meta-bottom\">\n\t\t\t\t\t\t\t\n\t\t\t\t\t\t<\/div><\/div>\n                <\/article><article class=\"jkit-post post-84 post type-post status-publish format-standard has-post-thumbnail hentry category-uncategorized\">\n                    <div class=\"jkit-thumb\"><a aria-label=\"\u0130hram Nedir Nas\u0131l Yap\u0131l\u0131r?\" href=\"https:\/\/demo.webbankasi.com\/123\/ihram-nedir-nasil-yapilir\/\"><div class=\"thumbnail-container \">\n            <img loading=\"lazy\" decoding=\"async\" width=\"864\" height=\"486\" src=\"https:\/\/demo.webbankasi.com\/123\/wp-content\/uploads\/2025\/07\/hac7.jpeg\" class=\"attachment-full size-full wp-post-image\" alt=\"\" loading=\"lazy\" srcset=\"https:\/\/demo.webbankasi.com\/123\/wp-content\/uploads\/2025\/07\/hac7.jpeg 864w, https:\/\/demo.webbankasi.com\/123\/wp-content\/uploads\/2025\/07\/hac7-300x169.jpeg 300w, https:\/\/demo.webbankasi.com\/123\/wp-content\/uploads\/2025\/07\/hac7-768x432.jpeg 768w\" sizes=\"auto, (max-width: 864px) 100vw, 864px\" \/>\n        <\/div><\/a><div class=\"jkit-post-category position-left\"><span><a href=\"https:\/\/demo.webbankasi.com\/123\/category\/uncategorized\/\" class=\"category-uncategorized\">Uncategorized<\/a><\/span><\/div><\/div>\n                    <div class=\"jkit-postblock-content\"><h3 class=\"jkit-post-title\">\n\t\t\t\t\t\t\t<a href=\"https:\/\/demo.webbankasi.com\/123\/ihram-nedir-nasil-yapilir\/\">\u0130hram Nedir Nas\u0131l Yap\u0131l\u0131r?<\/a>\n\t\t\t\t\t\t<\/h3><div class=\"jkit-post-meta\"><div class=\"jkit-meta-date icon-position-before\"><svg aria-hidden=\"true\" class=\"e-font-icon-svg e-fas-clock\" viewBox=\"0 0 512 512\" xmlns=\"http:\/\/www.w3.org\/2000\/svg\"><path d=\"M256,8C119,8,8,119,8,256S119,504,256,504,504,393,504,256,393,8,256,8Zm92.49,313h0l-20,25a16,16,0,0,1-22.49,2.5h0l-67-49.72a40,40,0,0,1-15-31.23V112a16,16,0,0,1,16-16h32a16,16,0,0,1,16,16V256l58,42.5A16,16,0,0,1,348.49,321Z\"><\/path><\/svg>Temmuz 30, 2025<\/div><\/div><div class=\"jkit-post-meta-bottom\">\n\t\t\t\t\t\t\t\n\t\t\t\t\t\t<\/div><\/div>\n                <\/article><article class=\"jkit-post post-81 post type-post status-publish format-standard has-post-thumbnail hentry category-uncategorized\">\n                    <div class=\"jkit-thumb\"><a aria-label=\"Tavaf Nedir Nas\u0131l Yap\u0131l\u0131r?\" href=\"https:\/\/demo.webbankasi.com\/123\/tavaf-nedir-nasil-yapilir\/\"><div class=\"thumbnail-container \">\n            <img loading=\"lazy\" decoding=\"async\" width=\"864\" height=\"487\" src=\"https:\/\/demo.webbankasi.com\/123\/wp-content\/uploads\/2025\/07\/hac-1.jpeg\" class=\"attachment-full size-full wp-post-image\" alt=\"\" loading=\"lazy\" srcset=\"https:\/\/demo.webbankasi.com\/123\/wp-content\/uploads\/2025\/07\/hac-1.jpeg 864w, https:\/\/demo.webbankasi.com\/123\/wp-content\/uploads\/2025\/07\/hac-1-300x169.jpeg 300w, https:\/\/demo.webbankasi.com\/123\/wp-content\/uploads\/2025\/07\/hac-1-768x433.jpeg 768w\" sizes=\"auto, (max-width: 864px) 100vw, 864px\" \/>\n        <\/div><\/a><div class=\"jkit-post-category position-left\"><span><a href=\"https:\/\/demo.webbankasi.com\/123\/category\/uncategorized\/\" class=\"category-uncategorized\">Uncategorized<\/a><\/span><\/div><\/div>\n                    <div class=\"jkit-postblock-content\"><h3 class=\"jkit-post-title\">\n\t\t\t\t\t\t\t<a href=\"https:\/\/demo.webbankasi.com\/123\/tavaf-nedir-nasil-yapilir\/\">Tavaf Nedir Nas\u0131l Yap\u0131l\u0131r?<\/a>\n\t\t\t\t\t\t<\/h3><div class=\"jkit-post-meta\"><div class=\"jkit-meta-date icon-position-before\"><svg aria-hidden=\"true\" class=\"e-font-icon-svg e-fas-clock\" viewBox=\"0 0 512 512\" xmlns=\"http:\/\/www.w3.org\/2000\/svg\"><path d=\"M256,8C119,8,8,119,8,256S119,504,256,504,504,393,504,256,393,8,256,8Zm92.49,313h0l-20,25a16,16,0,0,1-22.49,2.5h0l-67-49.72a40,40,0,0,1-15-31.23V112a16,16,0,0,1,16-16h32a16,16,0,0,1,16,16V256l58,42.5A16,16,0,0,1,348.49,321Z\"><\/path><\/svg>Temmuz 30, 2025<\/div><\/div><div class=\"jkit-post-meta-bottom\">\n\t\t\t\t\t\t\t\n\t\t\t\t\t\t<\/div><\/div>\n                <\/article><article class=\"jkit-post post-76 post type-post status-publish format-standard has-post-thumbnail hentry category-uncategorized\">\n                    <div class=\"jkit-thumb\"><a aria-label=\"Sa\u2019y Nas\u0131l Yap\u0131l\u0131r? Safa ile Merve Aras\u0131ndaki Manevi Ko\u015fu\" href=\"https:\/\/demo.webbankasi.com\/123\/say-nasil-yapilir-safa-ile-merve-arasindaki-manevi-kosu\/\"><div class=\"thumbnail-container \">\n            <img loading=\"lazy\" decoding=\"async\" width=\"1024\" height=\"585\" src=\"https:\/\/demo.webbankasi.com\/123\/wp-content\/uploads\/2025\/07\/say.jpeg\" class=\"attachment-full size-full wp-post-image\" alt=\"\" loading=\"lazy\" srcset=\"https:\/\/demo.webbankasi.com\/123\/wp-content\/uploads\/2025\/07\/say.jpeg 1024w, https:\/\/demo.webbankasi.com\/123\/wp-content\/uploads\/2025\/07\/say-300x171.jpeg 300w, https:\/\/demo.webbankasi.com\/123\/wp-content\/uploads\/2025\/07\/say-768x439.jpeg 768w\" sizes=\"auto, (max-width: 1024px) 100vw, 1024px\" \/>\n        <\/div><\/a><div class=\"jkit-post-category position-left\"><span><a href=\"https:\/\/demo.webbankasi.com\/123\/category\/uncategorized\/\" class=\"category-uncategorized\">Uncategorized<\/a><\/span><\/div><\/div>\n                    <div class=\"jkit-postblock-content\"><h3 class=\"jkit-post-title\">\n\t\t\t\t\t\t\t<a href=\"https:\/\/demo.webbankasi.com\/123\/say-nasil-yapilir-safa-ile-merve-arasindaki-manevi-kosu\/\">Sa\u2019y Nas\u0131l Yap\u0131l\u0131r? Safa ile Merve Aras\u0131ndaki Manevi Ko\u015fu<\/a>\n\t\t\t\t\t\t<\/h3><div class=\"jkit-post-meta\"><div class=\"jkit-meta-date icon-position-before\"><svg aria-hidden=\"true\" class=\"e-font-icon-svg e-fas-clock\" viewBox=\"0 0 512 512\" xmlns=\"http:\/\/www.w3.org\/2000\/svg\"><path d=\"M256,8C119,8,8,119,8,256S119,504,256,504,504,393,504,256,393,8,256,8Zm92.49,313h0l-20,25a16,16,0,0,1-22.49,2.5h0l-67-49.72a40,40,0,0,1-15-31.23V112a16,16,0,0,1,16-16h32a16,16,0,0,1,16,16V256l58,42.5A16,16,0,0,1,348.49,321Z\"><\/path><\/svg>Temmuz 30, 2025<\/div><\/div><div class=\"jkit-post-meta-bottom\">\n\t\t\t\t\t\t\t\n\t\t\t\t\t\t<\/div><\/div>\n                <\/article>\n        <\/div><\/div><\/div>\t\t\t\t<\/div>\n\t\t\t\t\t<\/div>\n\t\t\t\t<\/div>\n\t\t\t\t<\/div>\n\t\t\t\t\t<\/div>\n\t\t\t\t<\/div>\n\t\t\t\t<\/div>\n\t\t","protected":false},"excerpt":{"rendered":"<p>Bilgilendirici \u0130\u00e7erikler Kutsal Yolculu\u011fa Dair Her \u015eey Hac ve Umre yolculu\u011funuz \u00f6ncesinde bilmeniz gerekenler, ibadet rehberleri, s\u0131k\u00e7a sorulan sorular, g\u00fcncel duyurular ve daha fazlas\u0131&#8230; Manevi yolculu\u011funuza \u0131\u015f\u0131k tutacak i\u00e7eriklere bu b\u00f6l\u00fcmden ula\u015fabilirsiniz. \u00a0 edit post Uncategorized Umre ve Hac Turlar\u0131 \u0130\u00e7in Haz\u0131r Web Sitesi: Turizm Firmalar\u0131 \u0130\u00e7in H\u0131zl\u0131 ve Etkili \u00c7\u00f6z\u00fcm Temmuz 30, 2025 edit [&hellip;]<\/p>\n","protected":false},"author":1,"featured_media":0,"parent":0,"menu_order":0,"comment_status":"closed","ping_status":"closed","template":"elementor_header_footer","meta":{"footnotes":""},"class_list":["post-108","page","type-page","status-publish","hentry"],"_links":{"self":[{"href":"https:\/\/demo.webbankasi.com\/123\/wp-json\/wp\/v2\/pages\/108","targetHints":{"allow":["GET"]}}],"collection":[{"href":"https:\/\/demo.webbankasi.com\/123\/wp-json\/wp\/v2\/pages"}],"about":[{"href":"https:\/\/demo.webbankasi.com\/123\/wp-json\/wp\/v2\/types\/page"}],"author":[{"embeddable":true,"href":"https:\/\/demo.webbankasi.com\/123\/wp-json\/wp\/v2\/users\/1"}],"replies":[{"embeddable":true,"href":"https:\/\/demo.webbankasi.com\/123\/wp-json\/wp\/v2\/comments?post=108"}],"version-history":[{"count":7,"href":"https:\/\/demo.webbankasi.com\/123\/wp-json\/wp\/v2\/pages\/108\/revisions"}],"predecessor-version":[{"id":188,"href":"https:\/\/demo.webbankasi.com\/123\/wp-json\/wp\/v2\/pages\/108\/revisions\/188"}],"wp:attachment":[{"href":"https:\/\/demo.webbankasi.com\/123\/wp-json\/wp\/v2\/media?parent=108"}],"curies":[{"name":"wp","href":"https:\/\/api.w.org\/{rel}","templated":true}]}}