{"id":131,"date":"2025-09-23T11:36:19","date_gmt":"2025-09-23T11:36:19","guid":{"rendered":"https:\/\/demo.webbankasi.com\/120\/?page_id=131"},"modified":"2025-09-23T14:20:00","modified_gmt":"2025-09-23T14:20:00","slug":"iletisim","status":"publish","type":"page","link":"https:\/\/demo.webbankasi.com\/120\/iletisim\/","title":{"rendered":"\u0130leti\u015fim"},"content":{"rendered":"\t\t<div data-elementor-type=\"wp-page\" data-elementor-id=\"131\" class=\"elementor elementor-131\" data-elementor-post-type=\"page\">\n\t\t\t\t<div class=\"elementor-element elementor-element-473d5bf3 e-flex e-con-boxed elementor-invisible e-con e-parent\" data-id=\"473d5bf3\" data-element_type=\"container\" data-settings=\"{&quot;background_background&quot;:&quot;classic&quot;,&quot;background_motion_fx_motion_fx_mouse&quot;:&quot;yes&quot;,&quot;animation&quot;:&quot;slideInUp&quot;}\">\n\t\t\t\t\t<div class=\"e-con-inner\">\n\t\t<div class=\"elementor-element elementor-element-3e1be6fb e-con-full e-flex e-con e-child\" data-id=\"3e1be6fb\" data-element_type=\"container\" data-settings=\"{&quot;background_background&quot;:&quot;slideshow&quot;,&quot;background_slideshow_ken_burns&quot;:&quot;yes&quot;,&quot;background_motion_fx_mouseTrack_effect&quot;:&quot;yes&quot;,&quot;background_motion_fx_mouseTrack_speed&quot;:{&quot;unit&quot;:&quot;px&quot;,&quot;size&quot;:0,&quot;sizes&quot;:[]},&quot;background_slideshow_gallery&quot;:[],&quot;background_slideshow_loop&quot;:&quot;yes&quot;,&quot;background_slideshow_slide_duration&quot;:5000,&quot;background_slideshow_slide_transition&quot;:&quot;fade&quot;,&quot;background_slideshow_transition_duration&quot;:500,&quot;background_slideshow_ken_burns_zoom_direction&quot;:&quot;in&quot;}\">\n\t\t\t\t<div class=\"elementor-element elementor-element-6936655c elementor-invisible elementor-widget elementor-widget-heading\" data-id=\"6936655c\" data-element_type=\"widget\" data-settings=\"{&quot;_animation&quot;:&quot;slideInLeft&quot;}\" data-widget_type=\"heading.default\">\n\t\t\t\t\t<h1 class=\"elementor-heading-title elementor-size-default\">\u0130leti\u015fim<\/h1>\t\t\t\t<\/div>\n\t\t\t\t<\/div>\n\t\t\t\t\t<\/div>\n\t\t\t\t<\/div>\n\t\t<div class=\"elementor-element elementor-element-1b46890f e-flex e-con-boxed e-con e-parent\" data-id=\"1b46890f\" data-element_type=\"container\">\n\t\t\t\t\t<div class=\"e-con-inner\">\n\t\t<div class=\"elementor-element elementor-element-32a2ba7b e-con-full e-flex e-con e-child\" data-id=\"32a2ba7b\" data-element_type=\"container\">\n\t\t<div class=\"elementor-element elementor-element-4f6605fe e-con-full e-flex e-con e-child\" data-id=\"4f6605fe\" data-element_type=\"container\">\n\t\t<div class=\"elementor-element elementor-element-37467695 e-con-full e-flex e-con e-child\" data-id=\"37467695\" data-element_type=\"container\">\n\t\t\t\t<div class=\"elementor-element elementor-element-8ee1bcc elementor-widget elementor-widget-heading\" data-id=\"8ee1bcc\" data-element_type=\"widget\" data-widget_type=\"heading.default\">\n\t\t\t\t\t<h4 class=\"elementor-heading-title elementor-size-default\">\nYasal tavsiyeye mi ihtiyac\u0131n\u0131z var?<\/h4>\t\t\t\t<\/div>\n\t\t\t\t<div class=\"elementor-element elementor-element-1ce368f8 elementor-widget elementor-widget-text-editor\" data-id=\"1ce368f8\" data-element_type=\"widget\" data-widget_type=\"text-editor.default\">\n\t\t\t\t\t\t\t\t\t<p>Hukuki s\u00fcre\u00e7ler karma\u015f\u0131k ve stresli olabilir. Size en uygun \u00e7\u00f6z\u00fcmleri sunmak, haklar\u0131n\u0131z\u0131 korumak ve olas\u0131 riskleri \u00f6nceden \u00f6nlemek i\u00e7in profesyonel yasal dan\u0131\u015fmanl\u0131k sa\u011fl\u0131yoruz. Sorular\u0131n\u0131z\u0131 yan\u0131tl\u0131yor, durumunuza \u00f6zel stratejiler geli\u015ftirerek g\u00fcvenle ilerlemenize yard\u0131mc\u0131 oluyoruz.<\/p>\t\t\t\t\t\t\t\t<\/div>\n\t\t\t\t<\/div>\n\t\t\t\t<\/div>\n\t\t\t\t<div class=\"elementor-element elementor-element-7159a9b4 elementor-button-align-start elementor-widget elementor-widget-form\" data-id=\"7159a9b4\" data-element_type=\"widget\" data-settings=\"{&quot;step_next_label&quot;:&quot;Next&quot;,&quot;step_previous_label&quot;:&quot;Previous&quot;,&quot;button_width&quot;:&quot;100&quot;,&quot;step_type&quot;:&quot;number_text&quot;,&quot;step_icon_shape&quot;:&quot;circle&quot;}\" data-widget_type=\"form.default\">\n\t\t\t\t<div class=\"elementor-widget-container\">\n\t\t\t\t\t\t\t<form class=\"elementor-form\" method=\"post\" name=\"New Form\">\n\t\t\t<input type=\"hidden\" name=\"post_id\" value=\"131\"\/>\n\t\t\t<input type=\"hidden\" name=\"form_id\" value=\"7159a9b4\"\/>\n\t\t\t<input type=\"hidden\" name=\"referer_title\" value=\"\u0130leti\u015fim\" \/>\n\n\t\t\t\t\t\t\t<input type=\"hidden\" name=\"queried_id\" value=\"131\"\/>\n\t\t\t\n\t\t\t<div class=\"elementor-form-fields-wrapper elementor-labels-above\">\n\t\t\t\t\t\t\t\t<div class=\"elementor-field-type-text elementor-field-group elementor-column elementor-field-group-name elementor-col-50\">\n\t\t\t\t\t\t\t\t\t\t\t\t<label for=\"form-field-name\" class=\"elementor-field-label\">\n\t\t\t\t\t\t\t\t\u0130sim\t\t\t\t\t\t\t<\/label>\n\t\t\t\t\t\t\t\t\t\t\t\t\t\t<input size=\"1\" type=\"text\" name=\"form_fields[name]\" id=\"form-field-name\" class=\"elementor-field elementor-size-sm  elementor-field-textual\">\n\t\t\t\t\t\t\t\t\t\t\t<\/div>\n\t\t\t\t\t\t\t\t<div class=\"elementor-field-type-email elementor-field-group elementor-column elementor-field-group-email elementor-col-50 elementor-field-required\">\n\t\t\t\t\t\t\t\t\t\t\t\t<label for=\"form-field-email\" class=\"elementor-field-label\">\n\t\t\t\t\t\t\t\tEmail\t\t\t\t\t\t\t<\/label>\n\t\t\t\t\t\t\t\t\t\t\t\t\t\t<input size=\"1\" type=\"email\" name=\"form_fields[email]\" id=\"form-field-email\" class=\"elementor-field elementor-size-sm  elementor-field-textual\" required=\"required\" aria-required=\"true\">\n\t\t\t\t\t\t\t\t\t\t\t<\/div>\n\t\t\t\t\t\t\t\t<div class=\"elementor-field-type-tel elementor-field-group elementor-column elementor-field-group-field_ef1f0b9 elementor-col-50 elementor-field-required\">\n\t\t\t\t\t\t\t\t\t\t\t\t<label for=\"form-field-field_ef1f0b9\" class=\"elementor-field-label\">\n\t\t\t\t\t\t\t\tTelefon\t\t\t\t\t\t\t<\/label>\n\t\t\t\t\t\t\t\t<input size=\"1\" type=\"tel\" name=\"form_fields[field_ef1f0b9]\" id=\"form-field-field_ef1f0b9\" class=\"elementor-field elementor-size-sm  elementor-field-textual\" required=\"required\" aria-required=\"true\" pattern=\"[0-9()#&amp;+*-=.]+\" title=\"Only numbers and phone characters (#, -, *, etc) are accepted.\">\n\n\t\t\t\t\t\t<\/div>\n\t\t\t\t\t\t\t\t<div class=\"elementor-field-type-select elementor-field-group elementor-column elementor-field-group-field_773482f elementor-col-50 elementor-field-required\">\n\t\t\t\t\t\t\t\t\t\t\t\t<label for=\"form-field-field_773482f\" class=\"elementor-field-label\">\n\t\t\t\t\t\t\t\tWhat field do you need help?\t\t\t\t\t\t\t<\/label>\n\t\t\t\t\t\t\t\t<div class=\"elementor-field elementor-select-wrapper remove-before \">\n\t\t\t<div class=\"select-caret-down-wrapper\">\n\t\t\t\t<svg aria-hidden=\"true\" class=\"e-font-icon-svg e-eicon-caret-down\" viewBox=\"0 0 571.4 571.4\" xmlns=\"http:\/\/www.w3.org\/2000\/svg\"><path d=\"M571 393Q571 407 561 418L311 668Q300 679 286 679T261 668L11 418Q0 407 0 393T11 368 36 357H536Q550 357 561 368T571 393Z\"><\/path><\/svg>\t\t\t<\/div>\n\t\t\t<select name=\"form_fields[field_773482f]\" id=\"form-field-field_773482f\" class=\"elementor-field-textual elementor-size-sm\" required=\"required\" aria-required=\"true\">\n\t\t\t\t\t\t\t\t\t<option value=\"Bir hizmet se\u00e7in\">Bir hizmet se\u00e7in<\/option>\n\t\t\t\t\t\t\t<\/select>\n\t\t<\/div>\n\t\t\t\t\t\t<\/div>\n\t\t\t\t\t\t\t\t<div class=\"elementor-field-type-textarea elementor-field-group elementor-column elementor-field-group-message elementor-col-100\">\n\t\t\t\t\t\t\t\t\t\t\t\t<label for=\"form-field-message\" class=\"elementor-field-label\">\n\t\t\t\t\t\t\t\t Ki\u015fisel mesaj\t\t\t\t\t\t\t<\/label>\n\t\t\t\t\t\t<textarea class=\"elementor-field-textual elementor-field  elementor-size-sm\" name=\"form_fields[message]\" id=\"form-field-message\" rows=\"3\"><\/textarea>\t\t\t\t<\/div>\n\t\t\t\t\t\t\t\t<div class=\"elementor-field-group elementor-column elementor-field-type-submit elementor-col-100 e-form__buttons\">\n\t\t\t\t\t<button class=\"elementor-button elementor-size-sm\" type=\"submit\">\n\t\t\t\t\t\t<span class=\"elementor-button-content-wrapper\">\n\t\t\t\t\t\t\t\t\t\t\t\t\t\t\t\t\t\t\t\t\t\t<span class=\"elementor-button-text\">Mesaj G\u00f6nder<\/span>\n\t\t\t\t\t\t\t\t\t\t\t\t\t<\/span>\n\t\t\t\t\t<\/button>\n\t\t\t\t<\/div>\n\t\t\t<\/div>\n\t\t<\/form>\n\t\t\t\t\t\t<\/div>\n\t\t\t\t<\/div>\n\t\t\t\t<\/div>\n\t\t<div class=\"elementor-element elementor-element-475ffc1d e-con-full e-flex e-con e-child\" data-id=\"475ffc1d\" data-element_type=\"container\">\n\t\t<div class=\"elementor-element elementor-element-1ef13a53 e-con-full e-flex e-con e-child\" data-id=\"1ef13a53\" data-element_type=\"container\">\n\t\t<div class=\"elementor-element elementor-element-10eaf048 e-con-full e-flex e-con e-child\" data-id=\"10eaf048\" data-element_type=\"container\">\n\t\t\t\t<div class=\"elementor-element elementor-element-40b9cf4d elementor-widget elementor-widget-image\" data-id=\"40b9cf4d\" data-element_type=\"widget\" data-widget_type=\"image.default\">\n\t\t\t\t\t\t\t\t\t\t\t\t\t\t\t<img fetchpriority=\"high\" decoding=\"async\" width=\"461\" height=\"500\" src=\"https:\/\/demo.webbankasi.com\/120\/wp-content\/uploads\/2025\/09\/nikeyjpg.jpg\" class=\"attachment-large size-large wp-image-30\" alt=\"\" srcset=\"https:\/\/demo.webbankasi.com\/120\/wp-content\/uploads\/2025\/09\/nikeyjpg.jpg 461w, https:\/\/demo.webbankasi.com\/120\/wp-content\/uploads\/2025\/09\/nikeyjpg-277x300.jpg 277w\" sizes=\"(max-width: 461px) 100vw, 461px\" \/>\t\t\t\t\t\t\t\t\t\t\t\t\t\t\t<\/div>\n\t\t\t\t<div class=\"elementor-element elementor-element-68e28f61 elementor-widget__width-initial elementor-absolute elementor-vertical-align-top elementor-widget elementor-widget-image-box\" data-id=\"68e28f61\" data-element_type=\"widget\" data-settings=\"{&quot;_position&quot;:&quot;absolute&quot;}\" data-widget_type=\"image-box.default\">\n\t\t\t\t\t<div class=\"elementor-image-box-wrapper\"><div class=\"elementor-image-box-content\"><h5 class=\"elementor-image-box-title\">Zehra ile G\u00f6r\u00fc\u015f\u00fcn<\/h5><p class=\"elementor-image-box-description\">Merhaba! Ben Zehra. Buraday\u0131m ki sorular\u0131n\u0131z\u0131 yan\u0131tlayay\u0131m, sizi do\u011fru hizmete y\u00f6nlendireyim ve hukuki s\u00fcre\u00e7lerinizi daha anla\u015f\u0131l\u0131r h\u00e2le getireyim. \u0130htiyac\u0131n\u0131z olan bilgiyi h\u0131zl\u0131 ve samimi bir \u015fekilde payla\u015fmak i\u00e7in buraday\u0131m, sadece bana neye ihtiyac\u0131n\u0131z oldu\u011funu s\u00f6ylemeniz yeterli.<\/p><\/div><\/div>\t\t\t\t<\/div>\n\t\t\t\t<\/div>\n\t\t\t\t<\/div>\n\t\t\t\t<\/div>\n\t\t\t\t\t<\/div>\n\t\t\t\t<\/div>\n\t\t<div class=\"elementor-element elementor-element-efbf8d4 e-flex e-con-boxed e-con e-parent\" data-id=\"efbf8d4\" data-element_type=\"container\">\n\t\t\t\t\t<div class=\"e-con-inner\">\n\t\t<div class=\"elementor-element elementor-element-1a15e8a6 e-con-full e-flex e-con e-child\" data-id=\"1a15e8a6\" data-element_type=\"container\">\n\t\t<div class=\"elementor-element elementor-element-64638579 e-con-full e-flex e-con e-child\" data-id=\"64638579\" data-element_type=\"container\">\n\t\t<div class=\"elementor-element elementor-element-59ee83e1 e-con-full e-flex e-con e-child\" data-id=\"59ee83e1\" data-element_type=\"container\">\n\t\t\t\t<div class=\"elementor-element elementor-element-6d2cd2ee elementor-widget elementor-widget-google_maps\" data-id=\"6d2cd2ee\" data-element_type=\"widget\" data-widget_type=\"google_maps.default\">\n\t\t\t\t\t\t\t<div class=\"elementor-custom-embed\">\n\t\t\t<iframe loading=\"lazy\"\n\t\t\t\t\tsrc=\"https:\/\/maps.google.com\/maps?q=London%20Eye%2C%20London%2C%20United%20Kingdom&#038;t=m&#038;z=17&#038;output=embed&#038;iwloc=near\"\n\t\t\t\t\ttitle=\"London Eye, London, United Kingdom\"\n\t\t\t\t\taria-label=\"London Eye, London, United Kingdom\"\n\t\t\t><\/iframe>\n\t\t<\/div>\n\t\t\t\t\t\t<\/div>\n\t\t\t\t<\/div>\n\t\t\t\t<\/div>\n\t\t\t\t<\/div>\n\t\t\t\t\t<\/div>\n\t\t\t\t<\/div>\n\t\t\t\t<\/div>\n\t\t","protected":false},"excerpt":{"rendered":"<p>\u0130leti\u015fim Yasal tavsiyeye mi ihtiyac\u0131n\u0131z var? Hukuki s\u00fcre\u00e7ler karma\u015f\u0131k ve stresli olabilir. Size en uygun \u00e7\u00f6z\u00fcmleri sunmak, haklar\u0131n\u0131z\u0131 korumak ve olas\u0131 riskleri \u00f6nceden \u00f6nlemek i\u00e7in profesyonel yasal dan\u0131\u015fmanl\u0131k sa\u011fl\u0131yoruz. Sorular\u0131n\u0131z\u0131 yan\u0131tl\u0131yor, durumunuza \u00f6zel stratejiler geli\u015ftirerek g\u00fcvenle ilerlemenize yard\u0131mc\u0131 oluyoruz. Zehra ile G\u00f6r\u00fc\u015f\u00fcn Merhaba! Ben Zehra. Buraday\u0131m ki sorular\u0131n\u0131z\u0131 yan\u0131tlayay\u0131m, sizi do\u011fru hizmete y\u00f6nlendireyim ve hukuki [&hellip;]<\/p>\n","protected":false},"author":2,"featured_media":0,"parent":0,"menu_order":0,"comment_status":"closed","ping_status":"closed","template":"elementor_header_footer","meta":{"footnotes":""},"class_list":["post-131","page","type-page","status-publish","hentry"],"_links":{"self":[{"href":"https:\/\/demo.webbankasi.com\/120\/wp-json\/wp\/v2\/pages\/131","targetHints":{"allow":["GET"]}}],"collection":[{"href":"https:\/\/demo.webbankasi.com\/120\/wp-json\/wp\/v2\/pages"}],"about":[{"href":"https:\/\/demo.webbankasi.com\/120\/wp-json\/wp\/v2\/types\/page"}],"author":[{"embeddable":true,"href":"https:\/\/demo.webbankasi.com\/120\/wp-json\/wp\/v2\/users\/2"}],"replies":[{"embeddable":true,"href":"https:\/\/demo.webbankasi.com\/120\/wp-json\/wp\/v2\/comments?post=131"}],"version-history":[{"count":16,"href":"https:\/\/demo.webbankasi.com\/120\/wp-json\/wp\/v2\/pages\/131\/revisions"}],"predecessor-version":[{"id":257,"href":"https:\/\/demo.webbankasi.com\/120\/wp-json\/wp\/v2\/pages\/131\/revisions\/257"}],"wp:attachment":[{"href":"https:\/\/demo.webbankasi.com\/120\/wp-json\/wp\/v2\/media?parent=131"}],"curies":[{"name":"wp","href":"https:\/\/api.w.org\/{rel}","templated":true}]}}