{"id":233,"date":"2025-09-25T06:39:51","date_gmt":"2025-09-25T06:39:51","guid":{"rendered":"https:\/\/demo.webbankasi.com\/117\/?page_id=233"},"modified":"2025-09-25T06:42:32","modified_gmt":"2025-09-25T06:42:32","slug":"blog","status":"publish","type":"page","link":"https:\/\/demo.webbankasi.com\/117\/blog\/","title":{"rendered":"Blog"},"content":{"rendered":"\t\t<div data-elementor-type=\"wp-page\" data-elementor-id=\"233\" class=\"elementor elementor-233\" data-elementor-post-type=\"page\">\n\t\t\t\t<div class=\"elementor-element elementor-element-36aae36b e-flex e-con-boxed e-con e-parent\" data-id=\"36aae36b\" data-element_type=\"container\" data-settings=\"{&quot;background_background&quot;:&quot;classic&quot;}\">\n\t\t\t\t\t<div class=\"e-con-inner\">\n\t\t\t\t<div class=\"elementor-element elementor-element-74487846 elementor-widget elementor-widget-heading\" data-id=\"74487846\" data-element_type=\"widget\" data-widget_type=\"heading.default\">\n\t\t\t\t\t<h2 class=\"elementor-heading-title elementor-size-default\">Blog<\/h2>\t\t\t\t<\/div>\n\t\t\t\t<div class=\"elementor-element elementor-element-60b0d0ab elementor-icon-list--layout-inline elementor-align-center elementor-list-item-link-full_width elementor-widget elementor-widget-icon-list\" data-id=\"60b0d0ab\" data-element_type=\"widget\" data-widget_type=\"icon-list.default\">\n\t\t\t\t\t\t\t<ul class=\"elementor-icon-list-items elementor-inline-items\">\n\t\t\t\t\t\t\t<li class=\"elementor-icon-list-item elementor-inline-item\">\n\t\t\t\t\t\t\t\t\t\t\t<a href=\"https:\/\/demo.webbankasi.com\/117\">\n\n\t\t\t\t\t\t\t\t\t\t\t<span class=\"elementor-icon-list-text\">Anasayfa<\/span>\n\t\t\t\t\t\t\t\t\t\t\t<\/a>\n\t\t\t\t\t\t\t\t\t<\/li>\n\t\t\t\t\t\t\t\t<li class=\"elementor-icon-list-item elementor-inline-item\">\n\t\t\t\t\t\t\t\t\t\t\t<span class=\"elementor-icon-list-icon\">\n\t\t\t\t\t\t\t<i aria-hidden=\"true\" class=\"icon icon-right-arrow\"><\/i>\t\t\t\t\t\t<\/span>\n\t\t\t\t\t\t\t\t\t\t<span class=\"elementor-icon-list-text\">Blog<\/span>\n\t\t\t\t\t\t\t\t\t<\/li>\n\t\t\t\t\t\t<\/ul>\n\t\t\t\t\t\t<\/div>\n\t\t\t\t\t<\/div>\n\t\t\t\t<\/div>\n\t\t<div class=\"elementor-element elementor-element-63056d8f e-flex e-con-boxed e-con e-parent\" data-id=\"63056d8f\" data-element_type=\"container\">\n\t\t\t\t\t<div class=\"e-con-inner\">\n\t\t<div class=\"elementor-element elementor-element-6227f0a1 e-con-full e-flex e-con e-child\" data-id=\"6227f0a1\" data-element_type=\"container\">\n\t\t\t\t<div class=\"elementor-element elementor-element-5a8c922c elementor-grid-3 elementor-grid-tablet-2 elementor-grid-mobile-1 elementor-posts--thumbnail-top elementor-widget elementor-widget-posts\" data-id=\"5a8c922c\" data-element_type=\"widget\" data-settings=\"{&quot;classic_columns&quot;:&quot;3&quot;,&quot;classic_columns_tablet&quot;:&quot;2&quot;,&quot;classic_columns_mobile&quot;:&quot;1&quot;,&quot;classic_row_gap&quot;:{&quot;unit&quot;:&quot;px&quot;,&quot;size&quot;:35,&quot;sizes&quot;:[]},&quot;classic_row_gap_tablet&quot;:{&quot;unit&quot;:&quot;px&quot;,&quot;size&quot;:&quot;&quot;,&quot;sizes&quot;:[]},&quot;classic_row_gap_mobile&quot;:{&quot;unit&quot;:&quot;px&quot;,&quot;size&quot;:&quot;&quot;,&quot;sizes&quot;:[]}}\" data-widget_type=\"posts.classic\">\n\t\t\t\t<div class=\"elementor-widget-container\">\n\t\t\t\t\t\t\t<div class=\"elementor-posts-container elementor-posts elementor-posts--skin-classic elementor-grid\" role=\"list\">\n\t\t\t\t<article class=\"elementor-post elementor-grid-item post-246 post type-post status-publish format-standard has-post-thumbnail hentry category-uncategorized\" role=\"listitem\">\n\t\t\t\t<a class=\"elementor-post__thumbnail__link\" href=\"https:\/\/demo.webbankasi.com\/117\/is-hukuku-alaninda-profesyonel-hukuki-destek-calisan-ve-isveren-iliskilerinin-guvencesi\/\" tabindex=\"-1\" >\n\t\t\t<div class=\"elementor-post__thumbnail\"><img fetchpriority=\"high\" decoding=\"async\" width=\"330\" height=\"305\" src=\"https:\/\/demo.webbankasi.com\/117\/wp-content\/uploads\/2025\/09\/admin-ajax-7.jpg\" class=\"attachment-full size-full wp-image-44\" alt=\"\" srcset=\"https:\/\/demo.webbankasi.com\/117\/wp-content\/uploads\/2025\/09\/admin-ajax-7.jpg 330w, https:\/\/demo.webbankasi.com\/117\/wp-content\/uploads\/2025\/09\/admin-ajax-7-300x277.jpg 300w\" sizes=\"(max-width: 330px) 100vw, 330px\" \/><\/div>\n\t\t<\/a>\n\t\t\t\t<div class=\"elementor-post__text\">\n\t\t\t\t<h3 class=\"elementor-post__title\">\n\t\t\t<a href=\"https:\/\/demo.webbankasi.com\/117\/is-hukuku-alaninda-profesyonel-hukuki-destek-calisan-ve-isveren-iliskilerinin-guvencesi\/\" >\n\t\t\t\t\u0130\u015f Hukuku Alan\u0131nda Profesyonel Hukuki Destek: \u00c7al\u0131\u015fan ve \u0130\u015fveren \u0130li\u015fkilerinin G\u00fcvencesi\t\t\t<\/a>\n\t\t<\/h3>\n\t\t\t\t<div class=\"elementor-post__meta-data\">\n\t\t\t\t\t<span class=\"elementor-post-date\">\n\t\t\tEyl\u00fcl 25, 2025\t\t<\/span>\n\t\t\t\t<\/div>\n\t\t\n\t\t<a class=\"elementor-post__read-more\" href=\"https:\/\/demo.webbankasi.com\/117\/is-hukuku-alaninda-profesyonel-hukuki-destek-calisan-ve-isveren-iliskilerinin-guvencesi\/\" aria-label=\"Read more about \u0130\u015f Hukuku Alan\u0131nda Profesyonel Hukuki Destek: \u00c7al\u0131\u015fan ve \u0130\u015fveren \u0130li\u015fkilerinin G\u00fcvencesi\" tabindex=\"-1\" >\n\t\t\tDaha fazla\t\t<\/a>\n\n\t\t\t\t<\/div>\n\t\t\t\t<\/article>\n\t\t\t\t<article class=\"elementor-post elementor-grid-item post-241 post type-post status-publish format-standard has-post-thumbnail hentry category-uncategorized\" role=\"listitem\">\n\t\t\t\t<a class=\"elementor-post__thumbnail__link\" href=\"https:\/\/demo.webbankasi.com\/117\/ceza-hukuku-alaninda-savunmanin-onemi\/\" tabindex=\"-1\" >\n\t\t\t<div class=\"elementor-post__thumbnail\"><img decoding=\"async\" width=\"856\" height=\"522\" src=\"https:\/\/demo.webbankasi.com\/117\/wp-content\/uploads\/2025\/09\/phone.jpg\" class=\"attachment-full size-full wp-image-30\" alt=\"\" srcset=\"https:\/\/demo.webbankasi.com\/117\/wp-content\/uploads\/2025\/09\/phone.jpg 856w, https:\/\/demo.webbankasi.com\/117\/wp-content\/uploads\/2025\/09\/phone-300x183.jpg 300w, https:\/\/demo.webbankasi.com\/117\/wp-content\/uploads\/2025\/09\/phone-768x468.jpg 768w\" sizes=\"(max-width: 856px) 100vw, 856px\" \/><\/div>\n\t\t<\/a>\n\t\t\t\t<div class=\"elementor-post__text\">\n\t\t\t\t<h3 class=\"elementor-post__title\">\n\t\t\t<a href=\"https:\/\/demo.webbankasi.com\/117\/ceza-hukuku-alaninda-savunmanin-onemi\/\" >\n\t\t\t\tCeza Hukuku Alan\u0131nda Savunman\u0131n \u00d6nemi\t\t\t<\/a>\n\t\t<\/h3>\n\t\t\t\t<div class=\"elementor-post__meta-data\">\n\t\t\t\t\t<span class=\"elementor-post-date\">\n\t\t\tEyl\u00fcl 25, 2025\t\t<\/span>\n\t\t\t\t<\/div>\n\t\t\n\t\t<a class=\"elementor-post__read-more\" href=\"https:\/\/demo.webbankasi.com\/117\/ceza-hukuku-alaninda-savunmanin-onemi\/\" aria-label=\"Read more about Ceza Hukuku Alan\u0131nda Savunman\u0131n \u00d6nemi\" tabindex=\"-1\" >\n\t\t\tDaha fazla\t\t<\/a>\n\n\t\t\t\t<\/div>\n\t\t\t\t<\/article>\n\t\t\t\t<\/div>\n\t\t\n\t\t\t\t\t\t<\/div>\n\t\t\t\t<\/div>\n\t\t\t\t<\/div>\n\t\t\t\t\t<\/div>\n\t\t\t\t<\/div>\n\t\t\t\t<\/div>\n\t\t","protected":false},"excerpt":{"rendered":"<p>Blog Anasayfa Blog<\/p>\n","protected":false},"author":2,"featured_media":0,"parent":0,"menu_order":0,"comment_status":"closed","ping_status":"closed","template":"elementor_header_footer","meta":{"footnotes":""},"class_list":["post-233","page","type-page","status-publish","hentry"],"_links":{"self":[{"href":"https:\/\/demo.webbankasi.com\/117\/wp-json\/wp\/v2\/pages\/233","targetHints":{"allow":["GET"]}}],"collection":[{"href":"https:\/\/demo.webbankasi.com\/117\/wp-json\/wp\/v2\/pages"}],"about":[{"href":"https:\/\/demo.webbankasi.com\/117\/wp-json\/wp\/v2\/types\/page"}],"author":[{"embeddable":true,"href":"https:\/\/demo.webbankasi.com\/117\/wp-json\/wp\/v2\/users\/2"}],"replies":[{"embeddable":true,"href":"https:\/\/demo.webbankasi.com\/117\/wp-json\/wp\/v2\/comments?post=233"}],"version-history":[{"count":5,"href":"https:\/\/demo.webbankasi.com\/117\/wp-json\/wp\/v2\/pages\/233\/revisions"}],"predecessor-version":[{"id":253,"href":"https:\/\/demo.webbankasi.com\/117\/wp-json\/wp\/v2\/pages\/233\/revisions\/253"}],"wp:attachment":[{"href":"https:\/\/demo.webbankasi.com\/117\/wp-json\/wp\/v2\/media?parent=233"}],"curies":[{"name":"wp","href":"https:\/\/api.w.org\/{rel}","templated":true}]}}