{"id":201,"date":"2025-09-24T11:41:19","date_gmt":"2025-09-24T11:41:19","guid":{"rendered":"https:\/\/demo.webbankasi.com\/116\/?page_id=201"},"modified":"2025-09-25T08:36:56","modified_gmt":"2025-09-25T08:36:56","slug":"hizmetlerimiz","status":"publish","type":"page","link":"https:\/\/demo.webbankasi.com\/116\/hizmetlerimiz\/","title":{"rendered":"Hizmetlerimiz"},"content":{"rendered":"\t\t<div data-elementor-type=\"wp-page\" data-elementor-id=\"201\" class=\"elementor elementor-201\" data-elementor-post-type=\"page\">\n\t\t\t\t\t\t<section class=\"elementor-section elementor-top-section elementor-element elementor-element-6d94ff5 elementor-section-height-min-height elementor-section-boxed elementor-section-height-default elementor-section-items-middle\" data-id=\"6d94ff5\" data-element_type=\"section\" data-settings=\"{&quot;background_background&quot;:&quot;classic&quot;}\">\n\t\t\t\t\t\t\t<div class=\"elementor-background-overlay\"><\/div>\n\t\t\t\t\t\t\t<div class=\"elementor-container elementor-column-gap-default\">\n\t\t\t\t\t<div class=\"elementor-column elementor-col-100 elementor-top-column elementor-element elementor-element-5a0e0dd\" data-id=\"5a0e0dd\" data-element_type=\"column\">\n\t\t\t<div class=\"elementor-widget-wrap elementor-element-populated\">\n\t\t\t\t\t\t<div class=\"elementor-element elementor-element-9dd4aa7 de_scroll_animation_no elementor-invisible elementor-widget elementor-widget-text-editor\" data-id=\"9dd4aa7\" data-element_type=\"widget\" data-settings=\"{&quot;_animation&quot;:&quot;fadeIn&quot;}\" data-widget_type=\"text-editor.default\">\n\t\t\t\t\t\t\t\t\t<p>Hizmetlerimiz<\/p>\t\t\t\t\t\t\t\t<\/div>\n\t\t\t\t<div class=\"elementor-element elementor-element-0365da6 de_scroll_animation_no elementor-widget elementor-widget-heading\" data-id=\"0365da6\" data-element_type=\"widget\" data-widget_type=\"heading.default\">\n\t\t\t\t\t<h2 class=\"elementor-heading-title elementor-size-default\">Hukuki Sorunlara Yarat\u0131c\u0131 \u00c7\u00f6z\u00fcmler<\/h2>\t\t\t\t<\/div>\n\t\t\t\t\t<\/div>\n\t\t<\/div>\n\t\t\t\t\t<\/div>\n\t\t<\/section>\n\t\t\t\t<section class=\"elementor-section elementor-top-section elementor-element elementor-element-127ce273 elementor-section-boxed elementor-section-height-default elementor-section-height-default\" data-id=\"127ce273\" data-element_type=\"section\" data-settings=\"{&quot;background_background&quot;:&quot;classic&quot;}\">\n\t\t\t\t\t\t<div class=\"elementor-container elementor-column-gap-default\">\n\t\t\t\t\t<div class=\"elementor-column elementor-col-100 elementor-top-column elementor-element elementor-element-e73a856\" data-id=\"e73a856\" data-element_type=\"column\">\n\t\t\t<div class=\"elementor-widget-wrap elementor-element-populated\">\n\t\t\t\t\t\t<section class=\"elementor-section elementor-inner-section elementor-element elementor-element-93b2b1a elementor-section-boxed elementor-section-height-default elementor-section-height-default\" data-id=\"93b2b1a\" data-element_type=\"section\">\n\t\t\t\t\t\t<div class=\"elementor-container elementor-column-gap-default\">\n\t\t\t\t\t<div class=\"elementor-column elementor-col-25 elementor-inner-column elementor-element elementor-element-40b988e elementor-invisible\" data-id=\"40b988e\" data-element_type=\"column\" data-settings=\"{&quot;animation&quot;:&quot;fadeIn&quot;,&quot;animation_delay&quot;:400}\">\n\t\t\t<div class=\"elementor-widget-wrap elementor-element-populated\">\n\t\t\t\t\t\t<div class=\"elementor-element elementor-element-e7ee4e6 de_scroll_animation_no elementor-widget elementor-widget-image\" data-id=\"e7ee4e6\" data-element_type=\"widget\" data-widget_type=\"image.default\">\n\t\t\t\t\t\t\t\t\t\t\t\t\t\t\t\t<a href=\"#\">\n\t\t\t\t\t\t\t<img fetchpriority=\"high\" decoding=\"async\" width=\"800\" height=\"800\" src=\"https:\/\/demo.webbankasi.com\/116\/wp-content\/uploads\/2025\/09\/services_1.png\" class=\"attachment-large size-large wp-image-99\" alt=\"\" srcset=\"https:\/\/demo.webbankasi.com\/116\/wp-content\/uploads\/2025\/09\/services_1.png 1000w, https:\/\/demo.webbankasi.com\/116\/wp-content\/uploads\/2025\/09\/services_1-300x300.png 300w, https:\/\/demo.webbankasi.com\/116\/wp-content\/uploads\/2025\/09\/services_1-150x150.png 150w, https:\/\/demo.webbankasi.com\/116\/wp-content\/uploads\/2025\/09\/services_1-768x768.png 768w\" sizes=\"(max-width: 800px) 100vw, 800px\" \/>\t\t\t\t\t\t\t\t<\/a>\n\t\t\t\t\t\t\t\t\t\t\t\t\t\t\t<\/div>\n\t\t\t\t<div class=\"elementor-element elementor-element-96a2b86 de_scroll_animation_no elementor-widget elementor-widget-heading\" data-id=\"96a2b86\" data-element_type=\"widget\" data-widget_type=\"heading.default\">\n\t\t\t\t\t<h3 class=\"elementor-heading-title elementor-size-default\"><a href=\"https:\/\/demo.webbankasi.com\/116\/?page_id=221\">Miras  Hukuku<\/a><\/h3>\t\t\t\t<\/div>\n\t\t\t\t<div class=\"elementor-element elementor-element-6844083 de_scroll_animation_no elementor-widget elementor-widget-text-editor\" data-id=\"6844083\" data-element_type=\"widget\" data-widget_type=\"text-editor.default\">\n\t\t\t\t\t\t\t\t\t<p>Haklar\u0131n\u0131z\u0131n Yan\u0131nda Biz<\/p>\t\t\t\t\t\t\t\t<\/div>\n\t\t\t\t\t<\/div>\n\t\t<\/div>\n\t\t\t\t<div class=\"elementor-column elementor-col-25 elementor-inner-column elementor-element elementor-element-145aabd elementor-invisible\" data-id=\"145aabd\" data-element_type=\"column\" data-settings=\"{&quot;animation&quot;:&quot;fadeIn&quot;,&quot;animation_delay&quot;:500}\">\n\t\t\t<div class=\"elementor-widget-wrap elementor-element-populated\">\n\t\t\t\t\t\t<div class=\"elementor-element elementor-element-baf7518 de_scroll_animation_no elementor-widget elementor-widget-image\" data-id=\"baf7518\" data-element_type=\"widget\" data-widget_type=\"image.default\">\n\t\t\t\t\t\t\t\t\t\t\t\t\t\t\t\t<a href=\"#\">\n\t\t\t\t\t\t\t<img decoding=\"async\" width=\"800\" height=\"800\" src=\"https:\/\/demo.webbankasi.com\/116\/wp-content\/uploads\/2025\/09\/services_2.png\" class=\"attachment-large size-large wp-image-101\" alt=\"\" srcset=\"https:\/\/demo.webbankasi.com\/116\/wp-content\/uploads\/2025\/09\/services_2.png 1000w, https:\/\/demo.webbankasi.com\/116\/wp-content\/uploads\/2025\/09\/services_2-300x300.png 300w, https:\/\/demo.webbankasi.com\/116\/wp-content\/uploads\/2025\/09\/services_2-150x150.png 150w, https:\/\/demo.webbankasi.com\/116\/wp-content\/uploads\/2025\/09\/services_2-768x768.png 768w\" sizes=\"(max-width: 800px) 100vw, 800px\" \/>\t\t\t\t\t\t\t\t<\/a>\n\t\t\t\t\t\t\t\t\t\t\t\t\t\t\t<\/div>\n\t\t\t\t<div class=\"elementor-element elementor-element-7899a7a de_scroll_animation_no elementor-widget elementor-widget-heading\" data-id=\"7899a7a\" data-element_type=\"widget\" data-widget_type=\"heading.default\">\n\t\t\t\t\t<h3 class=\"elementor-heading-title elementor-size-default\"><a href=\"https:\/\/demo.webbankasi.com\/116\/?page_id=311\">Ticaret Hukuku<\/a><\/h3>\t\t\t\t<\/div>\n\t\t\t\t<div class=\"elementor-element elementor-element-502a672 de_scroll_animation_no elementor-widget elementor-widget-text-editor\" data-id=\"502a672\" data-element_type=\"widget\" data-widget_type=\"text-editor.default\">\n\t\t\t\t\t\t\t\t\t<p data-start=\"130\" data-end=\"172\">Ticaretin Her Alan\u0131nda Hukuki Destek<\/p>\t\t\t\t\t\t\t\t<\/div>\n\t\t\t\t\t<\/div>\n\t\t<\/div>\n\t\t\t\t<div class=\"elementor-column elementor-col-25 elementor-inner-column elementor-element elementor-element-c821d3c elementor-invisible\" data-id=\"c821d3c\" data-element_type=\"column\" data-settings=\"{&quot;animation&quot;:&quot;fadeIn&quot;,&quot;animation_delay&quot;:600}\">\n\t\t\t<div class=\"elementor-widget-wrap elementor-element-populated\">\n\t\t\t\t\t\t<div class=\"elementor-element elementor-element-1236411 de_scroll_animation_no elementor-widget elementor-widget-image\" data-id=\"1236411\" data-element_type=\"widget\" data-widget_type=\"image.default\">\n\t\t\t\t\t\t\t\t\t\t\t\t\t\t\t\t<a href=\"#\">\n\t\t\t\t\t\t\t<img decoding=\"async\" width=\"800\" height=\"800\" src=\"https:\/\/demo.webbankasi.com\/116\/wp-content\/uploads\/2025\/09\/services_3.png\" class=\"attachment-large size-large wp-image-103\" alt=\"\" srcset=\"https:\/\/demo.webbankasi.com\/116\/wp-content\/uploads\/2025\/09\/services_3.png 1000w, https:\/\/demo.webbankasi.com\/116\/wp-content\/uploads\/2025\/09\/services_3-300x300.png 300w, https:\/\/demo.webbankasi.com\/116\/wp-content\/uploads\/2025\/09\/services_3-150x150.png 150w, https:\/\/demo.webbankasi.com\/116\/wp-content\/uploads\/2025\/09\/services_3-768x768.png 768w\" sizes=\"(max-width: 800px) 100vw, 800px\" \/>\t\t\t\t\t\t\t\t<\/a>\n\t\t\t\t\t\t\t\t\t\t\t\t\t\t\t<\/div>\n\t\t\t\t<div class=\"elementor-element elementor-element-02e53fb de_scroll_animation_no elementor-widget elementor-widget-heading\" data-id=\"02e53fb\" data-element_type=\"widget\" data-widget_type=\"heading.default\">\n\t\t\t\t\t<h3 class=\"elementor-heading-title elementor-size-default\"><a href=\"https:\/\/demo.webbankasi.com\/116\/?page_id=288\">Ceza Hukuku<\/a><\/h3>\t\t\t\t<\/div>\n\t\t\t\t<div class=\"elementor-element elementor-element-c8ed1bb de_scroll_animation_no elementor-widget elementor-widget-text-editor\" data-id=\"c8ed1bb\" data-element_type=\"widget\" data-widget_type=\"text-editor.default\">\n\t\t\t\t\t\t\t\t\t<p>Adalet Tek T\u0131k Uza\u011f\u0131n\u0131zda<\/p>\t\t\t\t\t\t\t\t<\/div>\n\t\t\t\t\t<\/div>\n\t\t<\/div>\n\t\t\t\t<div class=\"elementor-column elementor-col-25 elementor-inner-column elementor-element elementor-element-910a42b elementor-invisible\" data-id=\"910a42b\" data-element_type=\"column\" data-settings=\"{&quot;animation&quot;:&quot;fadeIn&quot;,&quot;animation_delay&quot;:700}\">\n\t\t\t<div class=\"elementor-widget-wrap elementor-element-populated\">\n\t\t\t\t\t\t<div class=\"elementor-element elementor-element-d4e0a71 de_scroll_animation_no elementor-widget elementor-widget-image\" data-id=\"d4e0a71\" data-element_type=\"widget\" data-widget_type=\"image.default\">\n\t\t\t\t\t\t\t\t\t\t\t\t\t\t\t\t<a href=\"#\">\n\t\t\t\t\t\t\t<img loading=\"lazy\" decoding=\"async\" width=\"800\" height=\"800\" src=\"https:\/\/demo.webbankasi.com\/116\/wp-content\/uploads\/2025\/09\/services_4.png\" class=\"attachment-large size-large wp-image-104\" alt=\"\" srcset=\"https:\/\/demo.webbankasi.com\/116\/wp-content\/uploads\/2025\/09\/services_4.png 1000w, https:\/\/demo.webbankasi.com\/116\/wp-content\/uploads\/2025\/09\/services_4-300x300.png 300w, https:\/\/demo.webbankasi.com\/116\/wp-content\/uploads\/2025\/09\/services_4-150x150.png 150w, https:\/\/demo.webbankasi.com\/116\/wp-content\/uploads\/2025\/09\/services_4-768x768.png 768w\" sizes=\"(max-width: 800px) 100vw, 800px\" \/>\t\t\t\t\t\t\t\t<\/a>\n\t\t\t\t\t\t\t\t\t\t\t\t\t\t\t<\/div>\n\t\t\t\t<div class=\"elementor-element elementor-element-ad6159d de_scroll_animation_no elementor-widget elementor-widget-heading\" data-id=\"ad6159d\" data-element_type=\"widget\" data-widget_type=\"heading.default\">\n\t\t\t\t\t<h3 class=\"elementor-heading-title elementor-size-default\"><a href=\"https:\/\/demo.webbankasi.com\/116\/?page_id=327\">\u0130\u015f Hukuku<\/a><\/h3>\t\t\t\t<\/div>\n\t\t\t\t<div class=\"elementor-element elementor-element-db9fad4 de_scroll_animation_no elementor-widget elementor-widget-text-editor\" data-id=\"db9fad4\" data-element_type=\"widget\" data-widget_type=\"text-editor.default\">\n\t\t\t\t\t\t\t\t\t<p>Bireysel Haklar\u0131n\u0131z\u0131n G\u00fcvencesi<\/p>\t\t\t\t\t\t\t\t<\/div>\n\t\t\t\t\t<\/div>\n\t\t<\/div>\n\t\t\t\t\t<\/div>\n\t\t<\/section>\n\t\t\t\t<section class=\"elementor-section elementor-inner-section elementor-element elementor-element-a9c6847 elementor-section-boxed elementor-section-height-default elementor-section-height-default\" data-id=\"a9c6847\" data-element_type=\"section\">\n\t\t\t\t\t\t<div class=\"elementor-container elementor-column-gap-default\">\n\t\t\t\t\t<div class=\"elementor-column elementor-col-25 elementor-inner-column elementor-element elementor-element-11f5f9b elementor-invisible\" data-id=\"11f5f9b\" data-element_type=\"column\" data-settings=\"{&quot;animation&quot;:&quot;fadeIn&quot;,&quot;animation_delay&quot;:400}\">\n\t\t\t<div class=\"elementor-widget-wrap elementor-element-populated\">\n\t\t\t\t\t\t<div class=\"elementor-element elementor-element-c2afc4f de_scroll_animation_no elementor-widget elementor-widget-image\" data-id=\"c2afc4f\" data-element_type=\"widget\" data-widget_type=\"image.default\">\n\t\t\t\t\t\t\t\t\t\t\t\t\t\t\t\t<a href=\"#\">\n\t\t\t\t\t\t\t<img loading=\"lazy\" decoding=\"async\" width=\"800\" height=\"800\" src=\"https:\/\/demo.webbankasi.com\/116\/wp-content\/uploads\/2025\/09\/services_5.png\" class=\"attachment-large size-large wp-image-105\" alt=\"\" srcset=\"https:\/\/demo.webbankasi.com\/116\/wp-content\/uploads\/2025\/09\/services_5.png 1000w, https:\/\/demo.webbankasi.com\/116\/wp-content\/uploads\/2025\/09\/services_5-300x300.png 300w, https:\/\/demo.webbankasi.com\/116\/wp-content\/uploads\/2025\/09\/services_5-150x150.png 150w, https:\/\/demo.webbankasi.com\/116\/wp-content\/uploads\/2025\/09\/services_5-768x768.png 768w\" sizes=\"(max-width: 800px) 100vw, 800px\" \/>\t\t\t\t\t\t\t\t<\/a>\n\t\t\t\t\t\t\t\t\t\t\t\t\t\t\t<\/div>\n\t\t\t\t<div class=\"elementor-element elementor-element-d05ef60 de_scroll_animation_no elementor-widget elementor-widget-heading\" data-id=\"d05ef60\" data-element_type=\"widget\" data-widget_type=\"heading.default\">\n\t\t\t\t\t<h3 class=\"elementor-heading-title elementor-size-default\"><a href=\"#\">Gayrimenkul Hukuku<\/a><\/h3>\t\t\t\t<\/div>\n\t\t\t\t<div class=\"elementor-element elementor-element-a75fcd6 de_scroll_animation_no elementor-widget elementor-widget-text-editor\" data-id=\"a75fcd6\" data-element_type=\"widget\" data-widget_type=\"text-editor.default\">\n\t\t\t\t\t\t\t\t\t<p data-start=\"194\" data-end=\"227\">Gayrimenkulde G\u00fcvenli \u00c7\u00f6z\u00fcm<\/p>\t\t\t\t\t\t\t\t<\/div>\n\t\t\t\t\t<\/div>\n\t\t<\/div>\n\t\t\t\t<div class=\"elementor-column elementor-col-25 elementor-inner-column elementor-element elementor-element-41871c6 elementor-invisible\" data-id=\"41871c6\" data-element_type=\"column\" data-settings=\"{&quot;animation&quot;:&quot;fadeIn&quot;,&quot;animation_delay&quot;:500}\">\n\t\t\t<div class=\"elementor-widget-wrap elementor-element-populated\">\n\t\t\t\t\t\t<div class=\"elementor-element elementor-element-6fe9351 de_scroll_animation_no elementor-widget elementor-widget-image\" data-id=\"6fe9351\" data-element_type=\"widget\" data-widget_type=\"image.default\">\n\t\t\t\t\t\t\t\t\t\t\t\t\t\t\t\t<a href=\"#\">\n\t\t\t\t\t\t\t<img loading=\"lazy\" decoding=\"async\" width=\"800\" height=\"800\" src=\"https:\/\/demo.webbankasi.com\/116\/wp-content\/uploads\/2025\/09\/services_6.png\" class=\"attachment-large size-large wp-image-107\" alt=\"\" srcset=\"https:\/\/demo.webbankasi.com\/116\/wp-content\/uploads\/2025\/09\/services_6.png 1000w, https:\/\/demo.webbankasi.com\/116\/wp-content\/uploads\/2025\/09\/services_6-300x300.png 300w, https:\/\/demo.webbankasi.com\/116\/wp-content\/uploads\/2025\/09\/services_6-150x150.png 150w, https:\/\/demo.webbankasi.com\/116\/wp-content\/uploads\/2025\/09\/services_6-768x768.png 768w\" sizes=\"(max-width: 800px) 100vw, 800px\" \/>\t\t\t\t\t\t\t\t<\/a>\n\t\t\t\t\t\t\t\t\t\t\t\t\t\t\t<\/div>\n\t\t\t\t<div class=\"elementor-element elementor-element-c745c7d de_scroll_animation_no elementor-widget elementor-widget-heading\" data-id=\"c745c7d\" data-element_type=\"widget\" data-widget_type=\"heading.default\">\n\t\t\t\t\t<h3 class=\"elementor-heading-title elementor-size-default\"><a href=\"#\">Aile  Haklar\u0131 Hukuku<\/a><\/h3>\t\t\t\t<\/div>\n\t\t\t\t<div class=\"elementor-element elementor-element-0462995 de_scroll_animation_no elementor-widget elementor-widget-text-editor\" data-id=\"0462995\" data-element_type=\"widget\" data-widget_type=\"text-editor.default\">\n\t\t\t\t\t\t\t\t\t<p>Hukuki Destek, Ailenizin Yan\u0131nda<\/p>\t\t\t\t\t\t\t\t<\/div>\n\t\t\t\t\t<\/div>\n\t\t<\/div>\n\t\t\t\t<div class=\"elementor-column elementor-col-25 elementor-inner-column elementor-element elementor-element-cc77ec1 elementor-invisible\" data-id=\"cc77ec1\" data-element_type=\"column\" data-settings=\"{&quot;animation&quot;:&quot;fadeIn&quot;,&quot;animation_delay&quot;:600}\">\n\t\t\t<div class=\"elementor-widget-wrap elementor-element-populated\">\n\t\t\t\t\t\t<div class=\"elementor-element elementor-element-1f5b1fa de_scroll_animation_no elementor-widget elementor-widget-image\" data-id=\"1f5b1fa\" data-element_type=\"widget\" data-widget_type=\"image.default\">\n\t\t\t\t\t\t\t\t\t\t\t\t\t\t\t\t<a href=\"#\">\n\t\t\t\t\t\t\t<img loading=\"lazy\" decoding=\"async\" width=\"800\" height=\"800\" src=\"https:\/\/demo.webbankasi.com\/116\/wp-content\/uploads\/2025\/09\/services_7.png\" class=\"attachment-large size-large wp-image-109\" alt=\"\" srcset=\"https:\/\/demo.webbankasi.com\/116\/wp-content\/uploads\/2025\/09\/services_7.png 1000w, https:\/\/demo.webbankasi.com\/116\/wp-content\/uploads\/2025\/09\/services_7-300x300.png 300w, https:\/\/demo.webbankasi.com\/116\/wp-content\/uploads\/2025\/09\/services_7-150x150.png 150w, https:\/\/demo.webbankasi.com\/116\/wp-content\/uploads\/2025\/09\/services_7-768x768.png 768w\" sizes=\"(max-width: 800px) 100vw, 800px\" \/>\t\t\t\t\t\t\t\t<\/a>\n\t\t\t\t\t\t\t\t\t\t\t\t\t\t\t<\/div>\n\t\t\t\t<div class=\"elementor-element elementor-element-e6372c6 de_scroll_animation_no elementor-widget elementor-widget-heading\" data-id=\"e6372c6\" data-element_type=\"widget\" data-widget_type=\"heading.default\">\n\t\t\t\t\t<h3 class=\"elementor-heading-title elementor-size-default\"><a href=\"#\">\u0130dare Ve Vergi Hukuku<\/a><\/h3>\t\t\t\t<\/div>\n\t\t\t\t<div class=\"elementor-element elementor-element-b7be809 de_scroll_animation_no elementor-widget elementor-widget-text-editor\" data-id=\"b7be809\" data-element_type=\"widget\" data-widget_type=\"text-editor.default\">\n\t\t\t\t\t\t\t\t\t<p>Resm\u00ee \u0130\u015flemlerde G\u00fcven<\/p>\t\t\t\t\t\t\t\t<\/div>\n\t\t\t\t\t<\/div>\n\t\t<\/div>\n\t\t\t\t<div class=\"elementor-column elementor-col-25 elementor-inner-column elementor-element elementor-element-4e7d2a3 elementor-invisible\" data-id=\"4e7d2a3\" data-element_type=\"column\" data-settings=\"{&quot;animation&quot;:&quot;fadeIn&quot;,&quot;animation_delay&quot;:700}\">\n\t\t\t<div class=\"elementor-widget-wrap elementor-element-populated\">\n\t\t\t\t\t\t<div class=\"elementor-element elementor-element-8ecc46e de_scroll_animation_no elementor-widget elementor-widget-image\" data-id=\"8ecc46e\" data-element_type=\"widget\" data-widget_type=\"image.default\">\n\t\t\t\t\t\t\t\t\t\t\t\t\t\t\t\t<a href=\"#\">\n\t\t\t\t\t\t\t<img loading=\"lazy\" decoding=\"async\" width=\"800\" height=\"800\" src=\"https:\/\/demo.webbankasi.com\/116\/wp-content\/uploads\/2025\/09\/services_8.png\" class=\"attachment-large size-large wp-image-111\" alt=\"\" srcset=\"https:\/\/demo.webbankasi.com\/116\/wp-content\/uploads\/2025\/09\/services_8.png 1000w, https:\/\/demo.webbankasi.com\/116\/wp-content\/uploads\/2025\/09\/services_8-300x300.png 300w, https:\/\/demo.webbankasi.com\/116\/wp-content\/uploads\/2025\/09\/services_8-150x150.png 150w, https:\/\/demo.webbankasi.com\/116\/wp-content\/uploads\/2025\/09\/services_8-768x768.png 768w\" sizes=\"(max-width: 800px) 100vw, 800px\" \/>\t\t\t\t\t\t\t\t<\/a>\n\t\t\t\t\t\t\t\t\t\t\t\t\t\t\t<\/div>\n\t\t\t\t<div class=\"elementor-element elementor-element-ecee905 de_scroll_animation_no elementor-widget elementor-widget-heading\" data-id=\"ecee905\" data-element_type=\"widget\" data-widget_type=\"heading.default\">\n\t\t\t\t\t<h3 class=\"elementor-heading-title elementor-size-default\"><a href=\"#\">Tapu ve M\u00fclkiyet<\/a><\/h3>\t\t\t\t<\/div>\n\t\t\t\t<div class=\"elementor-element elementor-element-12fe9ee de_scroll_animation_no elementor-widget elementor-widget-text-editor\" data-id=\"12fe9ee\" data-element_type=\"widget\" data-widget_type=\"text-editor.default\">\n\t\t\t\t\t\t\t\t\t<p>M\u00fclk Davalar\u0131nda Profesyonel Destek<\/p>\t\t\t\t\t\t\t\t<\/div>\n\t\t\t\t\t<\/div>\n\t\t<\/div>\n\t\t\t\t\t<\/div>\n\t\t<\/section>\n\t\t\t\t\t<\/div>\n\t\t<\/div>\n\t\t\t\t\t<\/div>\n\t\t<\/section>\n\t\t\t\t<\/div>\n\t\t","protected":false},"excerpt":{"rendered":"<p>Hizmetlerimiz Hukuki Sorunlara Yarat\u0131c\u0131 \u00c7\u00f6z\u00fcmler Miras Hukuku Haklar\u0131n\u0131z\u0131n Yan\u0131nda Biz Ticaret Hukuku Ticaretin Her Alan\u0131nda Hukuki Destek Ceza Hukuku Adalet Tek T\u0131k Uza\u011f\u0131n\u0131zda \u0130\u015f Hukuku Bireysel Haklar\u0131n\u0131z\u0131n G\u00fcvencesi Gayrimenkul Hukuku Gayrimenkulde G\u00fcvenli \u00c7\u00f6z\u00fcm Aile Haklar\u0131 Hukuku Hukuki Destek, Ailenizin Yan\u0131nda \u0130dare Ve Vergi Hukuku Resm\u00ee \u0130\u015flemlerde G\u00fcven Tapu ve M\u00fclkiyet M\u00fclk Davalar\u0131nda Profesyonel Destek<\/p>\n","protected":false},"author":1,"featured_media":0,"parent":0,"menu_order":0,"comment_status":"closed","ping_status":"closed","template":"","meta":{"footnotes":""},"class_list":["post-201","page","type-page","status-publish","hentry"],"_links":{"self":[{"href":"https:\/\/demo.webbankasi.com\/116\/wp-json\/wp\/v2\/pages\/201","targetHints":{"allow":["GET"]}}],"collection":[{"href":"https:\/\/demo.webbankasi.com\/116\/wp-json\/wp\/v2\/pages"}],"about":[{"href":"https:\/\/demo.webbankasi.com\/116\/wp-json\/wp\/v2\/types\/page"}],"author":[{"embeddable":true,"href":"https:\/\/demo.webbankasi.com\/116\/wp-json\/wp\/v2\/users\/1"}],"replies":[{"embeddable":true,"href":"https:\/\/demo.webbankasi.com\/116\/wp-json\/wp\/v2\/comments?post=201"}],"version-history":[{"count":25,"href":"https:\/\/demo.webbankasi.com\/116\/wp-json\/wp\/v2\/pages\/201\/revisions"}],"predecessor-version":[{"id":396,"href":"https:\/\/demo.webbankasi.com\/116\/wp-json\/wp\/v2\/pages\/201\/revisions\/396"}],"wp:attachment":[{"href":"https:\/\/demo.webbankasi.com\/116\/wp-json\/wp\/v2\/media?parent=201"}],"curies":[{"name":"wp","href":"https:\/\/api.w.org\/{rel}","templated":true}]}}