{"id":251,"date":"2025-09-25T12:48:37","date_gmt":"2025-09-25T12:48:37","guid":{"rendered":"https:\/\/demo.webbankasi.com\/114\/?page_id=251"},"modified":"2025-09-25T12:59:01","modified_gmt":"2025-09-25T12:59:01","slug":"blog","status":"publish","type":"page","link":"https:\/\/demo.webbankasi.com\/114\/blog\/","title":{"rendered":"Blog"},"content":{"rendered":"\t\t<div data-elementor-type=\"wp-page\" data-elementor-id=\"251\" class=\"elementor elementor-251\" data-elementor-post-type=\"page\">\n\t\t\t\t<div class=\"elementor-element elementor-element-2bffb457 e-flex e-con-boxed e-con e-parent\" data-id=\"2bffb457\" data-element_type=\"container\" data-settings=\"{&quot;background_background&quot;:&quot;classic&quot;}\">\n\t\t\t\t\t<div class=\"e-con-inner\">\n\t\t\t\t<div class=\"elementor-element elementor-element-763fe1ae elementor-widget elementor-widget-heading\" data-id=\"763fe1ae\" data-element_type=\"widget\" data-widget_type=\"heading.default\">\n\t\t\t\t\t<h1 class=\"elementor-heading-title elementor-size-default\">Blog<\/h1>\t\t\t\t<\/div>\n\t\t\t\t\t<\/div>\n\t\t\t\t<\/div>\n\t\t<div class=\"elementor-element elementor-element-52376f48 e-flex e-con-boxed e-con e-parent\" data-id=\"52376f48\" data-element_type=\"container\">\n\t\t\t\t\t<div class=\"e-con-inner\">\n\t\t\t\t<div class=\"elementor-element elementor-element-6f0e0e2a elementor-widget__width-initial animated-fast elementor-invisible elementor-widget elementor-widget-heading\" data-id=\"6f0e0e2a\" data-element_type=\"widget\" data-settings=\"{&quot;_animation&quot;:&quot;fadeInLeft&quot;}\" data-widget_type=\"heading.default\">\n\t\t\t\t\t<h2 class=\"elementor-heading-title elementor-size-default\">Blog Yaz\u0131lar\u0131m\u0131z <\/h2>\t\t\t\t<\/div>\n\t\t\t\t<div class=\"elementor-element elementor-element-22a6eca3 animated-fast elementor-hidden-tablet elementor-hidden-mobile elementor-invisible elementor-widget elementor-widget-elementskit-blog-posts\" data-id=\"22a6eca3\" data-element_type=\"widget\" data-settings=\"{&quot;_animation&quot;:&quot;fadeInLeft&quot;}\" data-widget_type=\"elementskit-blog-posts.default\">\n\t\t\t\t\t<div class=\"ekit-wid-con\" >        <div id=\"post-items--22a6eca3\" class=\"row post-items\">\n                <\/div>\n       <\/div>\t\t\t\t<\/div>\n\t\t\t\t<div class=\"elementor-element elementor-element-b6185c5 animated-fast elementor-hidden-desktop elementor-invisible elementor-widget elementor-widget-elementskit-blog-posts\" data-id=\"b6185c5\" data-element_type=\"widget\" data-settings=\"{&quot;_animation&quot;:&quot;fadeInLeft&quot;}\" data-widget_type=\"elementskit-blog-posts.default\">\n\t\t\t\t\t<div class=\"ekit-wid-con\" >        <div id=\"post-items--b6185c5\" class=\"row post-items\">\n                <\/div>\n       <\/div>\t\t\t\t<\/div>\n\t\t\t\t<div class=\"elementor-element elementor-element-a18413a animated-fast elementor-invisible elementor-widget elementor-widget-elementskit-blog-posts\" data-id=\"a18413a\" data-element_type=\"widget\" data-settings=\"{&quot;_animation&quot;:&quot;fadeInLeft&quot;}\" data-widget_type=\"elementskit-blog-posts.default\">\n\t\t\t\t\t<div class=\"ekit-wid-con\" >        <div id=\"post-items--a18413a\" class=\"row post-items\">\n                    <div class=\"col-md-12\">\n\n                                    <div class=\"elementskit-blog-block-post\">\n                        <div class=\"row no-gutters\">\n                            \n                            <div class=\"col-md-12 order-2\">\n                                <div class=\"elementskit-post-body \">\n                                    <div class=\"elementskit-entry-header\">\n                                        \n                                                                                            \t\t\t\t\t                                            \n                                            \n                                                                                            \t\t\t\t<h2 class=\"entry-title\">\n\t\t\t\t\t<a href=\"https:\/\/demo.webbankasi.com\/114\/ceza-hukuku-alaninda-savunmanin-onemi\/\">\n\t\t\t\t\t\tCeza Hukuku Alan\u0131nda Savunman\u0131n \u00d6nemi\t\t\t\t\t<\/a>\n\t\t\t\t<\/h2>\n\t\t\t                                                                                <\/div><!-- .elementskit-entry-header END -->\n\n                                                                            <div class=\"elementskit-post-footer\">\n                                                                                            <p>Ceza hukuku, bireylerin \u00f6zg\u00fcrl\u00fck ve g\u00fcvenlik gibi temel haklar\u0131n\u0131 do\u011frudan ilgilendiren, devletin cezaland\u0131rma yetkisini kulland\u0131\u011f\u0131 bir hukuk dal\u0131d\u0131r. Bu alan, soru\u015fturma, kovu\u015fturma ve infaz s\u00fcre\u00e7lerini kapsayan karma\u015f\u0131k ve hassas bir yap\u0131ya sahiptir. Ceza muhakemesinin herhangi bir a\u015famas\u0131nda hukuki destek almak, ki\u015finin haklar\u0131n\u0131n korunmas\u0131 ve adil bir yarg\u0131lanma s\u00fcrecinin teminat\u0131 a\u00e7\u0131s\u0131ndan hayati \u00f6neme sahiptir. Bir ceza [&hellip;]<\/p>\n                                                                                                                                <\/div><!-- .elementskit-post-footer END -->\n                                                                    <\/div><!-- .elementskit-post-body END -->\n                            <\/div>\n                        <\/div>\n                    <\/div><!-- .elementskit-blog-block-post .radius .gradient-bg END -->\n                \n            <\/div>\n                    <div class=\"col-md-12\">\n\n                                    <div class=\"elementskit-blog-block-post\">\n                        <div class=\"row no-gutters\">\n                            \n                            <div class=\"col-md-12 order-2\">\n                                <div class=\"elementskit-post-body \">\n                                    <div class=\"elementskit-entry-header\">\n                                        \n                                                                                            \t\t\t\t\t                                            \n                                            \n                                                                                            \t\t\t\t<h2 class=\"entry-title\">\n\t\t\t\t\t<a href=\"https:\/\/demo.webbankasi.com\/114\/is-hukuku-alaninda-profesyonel-hukuki-destek-calisan-ve-isveren-iliskilerinin-guvencesi\/\">\n\t\t\t\t\t\t\u0130\u015f Hukuku Alan\u0131nda Profesyonel Hukuki Destek: \u00c7al\u0131\u015fan ve \u0130\u015fveren \u0130li\u015fkilerinin G\u00fcvencesi\t\t\t\t\t<\/a>\n\t\t\t\t<\/h2>\n\t\t\t                                                                                <\/div><!-- .elementskit-entry-header END -->\n\n                                                                            <div class=\"elementskit-post-footer\">\n                                                                                            <p>\u0130\u015f hukuku, i\u015f\u00e7i ile i\u015fveren aras\u0131ndaki ili\u015fkileri, \u00e7al\u0131\u015fma \u015fartlar\u0131n\u0131 ve sosyal g\u00fcvenlik haklar\u0131n\u0131 d\u00fczenleyen, dinamik ve karma\u015f\u0131k bir hukuk dal\u0131d\u0131r. Bu alan, 4857 say\u0131l\u0131 \u0130\u015f Kanunu, Bor\u00e7lar Kanunu&#8217;nun ilgili h\u00fck\u00fcmleri, sendikal mevzuat ve sosyal g\u00fcvenlik mevzuat\u0131 gibi \u00e7ok say\u0131da yasal d\u00fczenleme ile \u015fekillenir. \u0130\u015f ili\u015fkisinin ba\u015flang\u0131c\u0131ndan sona ermesine kadar her a\u015famada ortaya \u00e7\u0131kabilecek uyu\u015fmazl\u0131klar\u0131n do\u011fru [&hellip;]<\/p>\n                                                                                                                                <\/div><!-- .elementskit-post-footer END -->\n                                                                    <\/div><!-- .elementskit-post-body END -->\n                            <\/div>\n                        <\/div>\n                    <\/div><!-- .elementskit-blog-block-post .radius .gradient-bg END -->\n                \n            <\/div>\n                <\/div>\n       <\/div>\t\t\t\t<\/div>\n\t\t\t\t\t<\/div>\n\t\t\t\t<\/div>\n\t\t\t\t<\/div>\n\t\t","protected":false},"excerpt":{"rendered":"<p>Blog Blog Yaz\u0131lar\u0131m\u0131z Ceza Hukuku Alan\u0131nda Savunman\u0131n \u00d6nemi Ceza hukuku, bireylerin \u00f6zg\u00fcrl\u00fck ve g\u00fcvenlik gibi temel haklar\u0131n\u0131 do\u011frudan ilgilendiren, devletin cezaland\u0131rma yetkisini kulland\u0131\u011f\u0131 bir hukuk dal\u0131d\u0131r. Bu alan, soru\u015fturma, kovu\u015fturma ve infaz s\u00fcre\u00e7lerini kapsayan karma\u015f\u0131k ve hassas bir yap\u0131ya sahiptir. Ceza muhakemesinin herhangi bir a\u015famas\u0131nda hukuki destek almak, ki\u015finin haklar\u0131n\u0131n korunmas\u0131 ve adil bir yarg\u0131lanma [&hellip;]<\/p>\n","protected":false},"author":2,"featured_media":0,"parent":0,"menu_order":0,"comment_status":"closed","ping_status":"closed","template":"elementor_header_footer","meta":{"footnotes":""},"class_list":["post-251","page","type-page","status-publish","hentry"],"_links":{"self":[{"href":"https:\/\/demo.webbankasi.com\/114\/wp-json\/wp\/v2\/pages\/251","targetHints":{"allow":["GET"]}}],"collection":[{"href":"https:\/\/demo.webbankasi.com\/114\/wp-json\/wp\/v2\/pages"}],"about":[{"href":"https:\/\/demo.webbankasi.com\/114\/wp-json\/wp\/v2\/types\/page"}],"author":[{"embeddable":true,"href":"https:\/\/demo.webbankasi.com\/114\/wp-json\/wp\/v2\/users\/2"}],"replies":[{"embeddable":true,"href":"https:\/\/demo.webbankasi.com\/114\/wp-json\/wp\/v2\/comments?post=251"}],"version-history":[{"count":5,"href":"https:\/\/demo.webbankasi.com\/114\/wp-json\/wp\/v2\/pages\/251\/revisions"}],"predecessor-version":[{"id":263,"href":"https:\/\/demo.webbankasi.com\/114\/wp-json\/wp\/v2\/pages\/251\/revisions\/263"}],"wp:attachment":[{"href":"https:\/\/demo.webbankasi.com\/114\/wp-json\/wp\/v2\/media?parent=251"}],"curies":[{"name":"wp","href":"https:\/\/api.w.org\/{rel}","templated":true}]}}