{"id":209,"date":"2025-09-25T10:53:19","date_gmt":"2025-09-25T10:53:19","guid":{"rendered":"https:\/\/demo.webbankasi.com\/114\/?page_id=209"},"modified":"2025-09-25T11:03:59","modified_gmt":"2025-09-25T11:03:59","slug":"avukatlarimiz","status":"publish","type":"page","link":"https:\/\/demo.webbankasi.com\/114\/avukatlarimiz\/","title":{"rendered":"Avukatlar\u0131m\u0131z"},"content":{"rendered":"\t\t<div data-elementor-type=\"wp-page\" data-elementor-id=\"209\" class=\"elementor elementor-209\" data-elementor-post-type=\"page\">\n\t\t\t\t<div class=\"elementor-element elementor-element-2a52de72 e-flex e-con-boxed e-con e-parent\" data-id=\"2a52de72\" data-element_type=\"container\" data-settings=\"{&quot;background_background&quot;:&quot;classic&quot;}\">\n\t\t\t\t\t<div class=\"e-con-inner\">\n\t\t\t\t<div class=\"elementor-element elementor-element-1040f99e elementor-widget elementor-widget-heading\" data-id=\"1040f99e\" data-element_type=\"widget\" data-widget_type=\"heading.default\">\n\t\t\t\t\t<h1 class=\"elementor-heading-title elementor-size-default\">AVukatlar\u0131m\u0131z<\/h1>\t\t\t\t<\/div>\n\t\t\t\t\t<\/div>\n\t\t\t\t<\/div>\n\t\t<div class=\"elementor-element elementor-element-7641108a e-flex e-con-boxed e-con e-parent\" data-id=\"7641108a\" data-element_type=\"container\">\n\t\t\t\t\t<div class=\"e-con-inner\">\n\t\t\t\t<div class=\"elementor-element elementor-element-5f70c350 elementor-widget__width-initial animated-fast elementor-invisible elementor-widget elementor-widget-heading\" data-id=\"5f70c350\" data-element_type=\"widget\" data-settings=\"{&quot;_animation&quot;:&quot;fadeInLeft&quot;}\" data-widget_type=\"heading.default\">\n\t\t\t\t\t<h2 class=\"elementor-heading-title elementor-size-default\">Avukatlar\u0131m\u0131zla tan\u0131\u015f\u0131n<\/h2>\t\t\t\t<\/div>\n\t\t\t\t<div class=\"elementor-element elementor-element-6981f9b9 elementor-widget__width-initial animated-fast elementor-invisible elementor-widget elementor-widget-text-editor\" data-id=\"6981f9b9\" data-element_type=\"widget\" data-settings=\"{&quot;_animation&quot;:&quot;fadeInLeft&quot;}\" data-widget_type=\"text-editor.default\">\n\t\t\t\t\t\t\t\t\t<p>Alan\u0131nda Uzman Avukatlar\u0131m\u0131z T\u00fcm hukuki S\u00fcre\u00e7lerde Yan\u0131n\u0131zdad\u0131r<\/p>\t\t\t\t\t\t\t\t<\/div>\n\t\t<div class=\"elementor-element elementor-element-3f6a7d83 e-con-full e-flex e-con e-child\" data-id=\"3f6a7d83\" data-element_type=\"container\" data-settings=\"{&quot;background_background&quot;:&quot;classic&quot;}\">\n\t\t\t\t<div class=\"elementor-element elementor-element-5be1dd2e elementor-widget__width-initial elementor-widget-mobile__width-inherit elementor-widget elementor-widget-elementskit-team\" data-id=\"5be1dd2e\" data-element_type=\"widget\" data-widget_type=\"elementskit-team.default\">\n\t\t\t\t<div class=\"elementor-widget-container\">\n\t\t\t\t\t<div class=\"ekit-wid-con\">\n\t\t\t\t\t\t\t\t\t\t\t\t\t\t\t\t\t\t\t\t\t\t\t\t<div class=\"profile-image-card elementor-animation- ekit-team-img ekit-team-style-overlay text-center\">\n\n\t\t\t\t\t\t\t\t\t\t\t\t\t<img fetchpriority=\"high\" decoding=\"async\" width=\"265\" height=\"340\" src=\"https:\/\/demo.webbankasi.com\/114\/wp-content\/uploads\/2025\/09\/senior-judge-asian-man-in-a-gown-carrying-a-law-bo-2023-11-27-04-54-57-utc.png\" class=\"attachment-large size-large wp-image-99\" alt=\"\" srcset=\"https:\/\/demo.webbankasi.com\/114\/wp-content\/uploads\/2025\/09\/senior-judge-asian-man-in-a-gown-carrying-a-law-bo-2023-11-27-04-54-57-utc.png 265w, https:\/\/demo.webbankasi.com\/114\/wp-content\/uploads\/2025\/09\/senior-judge-asian-man-in-a-gown-carrying-a-law-bo-2023-11-27-04-54-57-utc-234x300.png 234w\" sizes=\"(max-width: 265px) 100vw, 265px\" \/>\t\t\t\t\t\t\t\t\t\t\t\t<div class=\"hover-area\">\n\t\t\t\t\t\t\t<div class=\"profile-body\">\n\t\t\t\t\t\t\t\t<h2 class=\"profile-title\">\n\t\t\t\t\t\t\t\t\t\t\t\t\t\t\t\t\tAd Soyad\t\t\t\t\t\t\t\t\t\t\t\t\t\t\t\t<\/h2>\n\t\t\t\t\t\t\t\t<p class=\"profile-designation\">Ceza Hukuku<\/p>\n\t\t\t\t\t\t\t\t\t\t\t\t\t\t\t<\/div>\n\t\t\t\t\t\t\t\t\t\t\t\t\t<\/div>\n\t\t\t\t\t<\/div>\n\t\t\t\t\t\n\t\t\t\t\n\t\t\t\t<\/div>\t\t\t\t<\/div>\n\t\t\t\t<\/div>\n\t\t\t\t<div class=\"elementor-element elementor-element-37139d51 elementor-widget__width-initial elementor-widget-mobile__width-inherit elementor-widget elementor-widget-elementskit-team\" data-id=\"37139d51\" data-element_type=\"widget\" data-widget_type=\"elementskit-team.default\">\n\t\t\t\t<div class=\"elementor-widget-container\">\n\t\t\t\t\t<div class=\"ekit-wid-con\">\n\t\t\t\t\t\t\t\t\t\t\t\t\t\t\t\t\t\t\t\t\t\t\t\t<div class=\"profile-image-card elementor-animation- ekit-team-img ekit-team-style-overlay text-center\">\n\n\t\t\t\t\t\t\t\t\t\t\t\t\t<img decoding=\"async\" width=\"265\" height=\"340\" src=\"https:\/\/demo.webbankasi.com\/114\/wp-content\/uploads\/2025\/09\/full-length-view-of-serious-judge-in-judicial-robe-2023-11-27-05-34-47-utc.png\" class=\"attachment-large size-large wp-image-100\" alt=\"\" srcset=\"https:\/\/demo.webbankasi.com\/114\/wp-content\/uploads\/2025\/09\/full-length-view-of-serious-judge-in-judicial-robe-2023-11-27-05-34-47-utc.png 265w, https:\/\/demo.webbankasi.com\/114\/wp-content\/uploads\/2025\/09\/full-length-view-of-serious-judge-in-judicial-robe-2023-11-27-05-34-47-utc-234x300.png 234w\" sizes=\"(max-width: 265px) 100vw, 265px\" \/>\t\t\t\t\t\t\t\t\t\t\t\t<div class=\"hover-area\">\n\t\t\t\t\t\t\t<div class=\"profile-body\">\n\t\t\t\t\t\t\t\t<h2 class=\"profile-title\">\n\t\t\t\t\t\t\t\t\t\t\t\t\t\t\t\t\tAd Soyad\t\t\t\t\t\t\t\t\t\t\t\t\t\t\t\t<\/h2>\n\t\t\t\t\t\t\t\t<p class=\"profile-designation\">Aile Hukuku<\/p>\n\t\t\t\t\t\t\t\t\t\t\t\t\t\t\t<\/div>\n\t\t\t\t\t\t\t\t\t\t\t\t\t<\/div>\n\t\t\t\t\t<\/div>\n\t\t\t\t\t\n\t\t\t\t\n\t\t\t\t<\/div>\t\t\t\t<\/div>\n\t\t\t\t<\/div>\n\t\t\t\t<div class=\"elementor-element elementor-element-515797a6 elementor-widget__width-initial elementor-widget-mobile__width-inherit elementor-widget elementor-widget-elementskit-team\" data-id=\"515797a6\" data-element_type=\"widget\" data-widget_type=\"elementskit-team.default\">\n\t\t\t\t<div class=\"elementor-widget-container\">\n\t\t\t\t\t<div class=\"ekit-wid-con\">\n\t\t\t\t\t\t\t\t\t\t\t\t\t\t\t\t\t\t\t\t\t\t\t\t<div class=\"profile-image-card elementor-animation- ekit-team-img ekit-team-style-overlay text-center\">\n\n\t\t\t\t\t\t\t\t\t\t\t\t\t<img decoding=\"async\" width=\"265\" height=\"340\" src=\"https:\/\/demo.webbankasi.com\/114\/wp-content\/uploads\/2025\/09\/serious-african-american-judge-with-gavel-isolated-2023-11-27-05-11-45-utc.png\" class=\"attachment-large size-large wp-image-101\" alt=\"\" srcset=\"https:\/\/demo.webbankasi.com\/114\/wp-content\/uploads\/2025\/09\/serious-african-american-judge-with-gavel-isolated-2023-11-27-05-11-45-utc.png 265w, https:\/\/demo.webbankasi.com\/114\/wp-content\/uploads\/2025\/09\/serious-african-american-judge-with-gavel-isolated-2023-11-27-05-11-45-utc-234x300.png 234w\" sizes=\"(max-width: 265px) 100vw, 265px\" \/>\t\t\t\t\t\t\t\t\t\t\t\t<div class=\"hover-area\">\n\t\t\t\t\t\t\t<div class=\"profile-body\">\n\t\t\t\t\t\t\t\t<h2 class=\"profile-title\">\n\t\t\t\t\t\t\t\t\t\t\t\t\t\t\t\t\tAd Soyad\t\t\t\t\t\t\t\t\t\t\t\t\t\t\t\t<\/h2>\n\t\t\t\t\t\t\t\t<p class=\"profile-designation\">Gayrimenkul hukuku<\/p>\n\t\t\t\t\t\t\t\t\t\t\t\t\t\t\t<\/div>\n\t\t\t\t\t\t\t\t\t\t\t\t\t<\/div>\n\t\t\t\t\t<\/div>\n\t\t\t\t\t\n\t\t\t\t\n\t\t\t\t<\/div>\t\t\t\t<\/div>\n\t\t\t\t<\/div>\n\t\t\t\t<div class=\"elementor-element elementor-element-49f4341f elementor-widget__width-initial elementor-widget-mobile__width-inherit elementor-widget elementor-widget-elementskit-team\" data-id=\"49f4341f\" data-element_type=\"widget\" data-widget_type=\"elementskit-team.default\">\n\t\t\t\t<div class=\"elementor-widget-container\">\n\t\t\t\t\t<div class=\"ekit-wid-con\">\n\t\t\t\t\t\t\t\t\t\t\t\t\t\t\t\t\t\t\t\t\t\t\t\t<div class=\"profile-image-card elementor-animation- ekit-team-img ekit-team-style-overlay text-center\">\n\n\t\t\t\t\t\t\t\t\t\t\t\t\t<img loading=\"lazy\" decoding=\"async\" width=\"265\" height=\"340\" src=\"https:\/\/demo.webbankasi.com\/114\/wp-content\/uploads\/2025\/09\/educational-theme-graduating-student-girl-in-an-a-2024-02-27-21-31-10-utc.png\" class=\"attachment-large size-large wp-image-102\" alt=\"\" srcset=\"https:\/\/demo.webbankasi.com\/114\/wp-content\/uploads\/2025\/09\/educational-theme-graduating-student-girl-in-an-a-2024-02-27-21-31-10-utc.png 265w, https:\/\/demo.webbankasi.com\/114\/wp-content\/uploads\/2025\/09\/educational-theme-graduating-student-girl-in-an-a-2024-02-27-21-31-10-utc-234x300.png 234w\" sizes=\"(max-width: 265px) 100vw, 265px\" \/>\t\t\t\t\t\t\t\t\t\t\t\t<div class=\"hover-area\">\n\t\t\t\t\t\t\t<div class=\"profile-body\">\n\t\t\t\t\t\t\t\t<h2 class=\"profile-title\">\n\t\t\t\t\t\t\t\t\t\t\t\t\t\t\t\t\tAd Soyad\t\t\t\t\t\t\t\t\t\t\t\t\t\t\t\t<\/h2>\n\t\t\t\t\t\t\t\t<p class=\"profile-designation\">\u0130\u015f Hukuku<\/p>\n\t\t\t\t\t\t\t\t\t\t\t\t\t\t\t<\/div>\n\t\t\t\t\t\t\t\t\t\t\t\t\t<\/div>\n\t\t\t\t\t<\/div>\n\t\t\t\t\t\n\t\t\t\t\n\t\t\t\t<\/div>\t\t\t\t<\/div>\n\t\t\t\t<\/div>\n\t\t\t\t<\/div>\n\t\t\t\t\t<\/div>\n\t\t\t\t<\/div>\n\t\t<div class=\"elementor-element elementor-element-0e43790 e-flex e-con-boxed e-con e-parent\" data-id=\"0e43790\" data-element_type=\"container\" data-settings=\"{&quot;background_background&quot;:&quot;classic&quot;}\">\n\t\t\t\t\t<div class=\"e-con-inner\">\n\t\t<div class=\"elementor-element elementor-element-d711678 e-con-full e-flex e-con e-child\" data-id=\"d711678\" data-element_type=\"container\">\n\t\t\t\t<div class=\"elementor-element elementor-element-574afc4 elementor-widget__width-initial animated-fast elementor-invisible elementor-widget elementor-widget-heading\" data-id=\"574afc4\" data-element_type=\"widget\" data-settings=\"{&quot;_animation&quot;:&quot;fadeInLeft&quot;}\" data-widget_type=\"heading.default\">\n\t\t\t\t\t<h2 class=\"elementor-heading-title elementor-size-default\">Bir Avukat size Ne Sa\u011flar<\/h2>\t\t\t\t<\/div>\n\t\t\t\t<div class=\"elementor-element elementor-element-4dc8964 elementor-widget__width-initial animated-fast elementor-invisible elementor-widget elementor-widget-text-editor\" data-id=\"4dc8964\" data-element_type=\"widget\" data-settings=\"{&quot;_animation&quot;:&quot;fadeInLeft&quot;}\" data-widget_type=\"text-editor.default\">\n\t\t\t\t\t\t\t\t\t<p>Bir avukat tutmak, hukuki s\u00fcre\u00e7lerde haklar\u0131n\u0131z\u0131n korunmas\u0131n\u0131 ve i\u015flemlerin usul\u00fcne uygun, en do\u011fru \u015fekilde y\u00fcr\u00fct\u00fclmesini sa\u011flar.<\/p>\t\t\t\t\t\t\t\t<\/div>\n\t\t\t\t<div class=\"elementor-element elementor-element-d9b4f37 elementor-mobile-align-center animated-fast elementor-invisible elementor-widget elementor-widget-button\" data-id=\"d9b4f37\" data-element_type=\"widget\" data-settings=\"{&quot;_animation&quot;:&quot;fadeInLeft&quot;}\" data-widget_type=\"button.default\">\n\t\t\t\t\t\t\t\t\t\t<a class=\"elementor-button elementor-button-link elementor-size-sm elementor-animation-bob\" href=\"https:\/\/demo.webbankasi.com\/114\/avukatlarimiz\">\n\t\t\t\t\t\t<span class=\"elementor-button-content-wrapper\">\n\t\t\t\t\t\t<span class=\"elementor-button-icon\">\n\t\t\t\t<i aria-hidden=\"true\" class=\"icon icon-arrow-right-circle\"><\/i>\t\t\t<\/span>\n\t\t\t\t\t\t\t\t\t<span class=\"elementor-button-text\">Avukatlar\u0131m\u0131z<\/span>\n\t\t\t\t\t<\/span>\n\t\t\t\t\t<\/a>\n\t\t\t\t\t\t\t\t<\/div>\n\t\t\t\t<\/div>\n\t\t<div class=\"elementor-element elementor-element-aedcbd9 e-con-full animated-fast e-flex elementor-invisible e-con e-child\" data-id=\"aedcbd9\" data-element_type=\"container\" data-settings=\"{&quot;animation&quot;:&quot;fadeIn&quot;}\">\n\t\t\t\t<div class=\"elementor-element elementor-element-a0a3f60 elementor-widget elementor-widget-image\" data-id=\"a0a3f60\" data-element_type=\"widget\" data-widget_type=\"image.default\">\n\t\t\t\t\t\t\t\t\t\t\t\t\t\t\t<img loading=\"lazy\" decoding=\"async\" width=\"453\" height=\"728\" src=\"https:\/\/demo.webbankasi.com\/114\/wp-content\/uploads\/2025\/09\/happy-man-and-portrait-with-a-book-on-the-law-ru-2023-11-27-05-33-31-utc1.png\" class=\"attachment-large size-large wp-image-55\" alt=\"\" srcset=\"https:\/\/demo.webbankasi.com\/114\/wp-content\/uploads\/2025\/09\/happy-man-and-portrait-with-a-book-on-the-law-ru-2023-11-27-05-33-31-utc1.png 453w, https:\/\/demo.webbankasi.com\/114\/wp-content\/uploads\/2025\/09\/happy-man-and-portrait-with-a-book-on-the-law-ru-2023-11-27-05-33-31-utc1-187x300.png 187w\" sizes=\"(max-width: 453px) 100vw, 453px\" \/>\t\t\t\t\t\t\t\t\t\t\t\t\t\t\t<\/div>\n\t\t\t\t<\/div>\n\t\t<div class=\"elementor-element elementor-element-221b77f e-con-full e-flex e-con e-child\" data-id=\"221b77f\" data-element_type=\"container\">\n\t\t<div class=\"elementor-element elementor-element-7c5ba8d e-con-full e-flex e-con e-child\" data-id=\"7c5ba8d\" data-element_type=\"container\">\n\t\t\t\t<div class=\"elementor-element elementor-element-7688ed6 elementor-widget__width-initial animated-fast elementor-invisible elementor-widget elementor-widget-heading\" data-id=\"7688ed6\" data-element_type=\"widget\" data-settings=\"{&quot;_animation&quot;:&quot;fadeInRight&quot;}\" data-widget_type=\"heading.default\">\n\t\t\t\t\t<h4 class=\"elementor-heading-title elementor-size-default\">hukuki Temsilciniz<\/h4>\t\t\t\t<\/div>\n\t\t\t\t<div class=\"elementor-element elementor-element-d25b316 elementor-widget__width-initial animated-fast elementor-invisible elementor-widget elementor-widget-text-editor\" data-id=\"d25b316\" data-element_type=\"widget\" data-settings=\"{&quot;_animation&quot;:&quot;fadeInRight&quot;}\" data-widget_type=\"text-editor.default\">\n\t\t\t\t\t\t\t\t\t<p>Haklar\u0131n\u0131z\u0131 en iyi \u015fekilde savunmak i\u00e7in mahkeme ve resmi mercilerde sizin ad\u0131n\u0131za t\u00fcm hukuki s\u00fcreci titizlikle y\u00fcr\u00fct\u00fcyoruz.<\/p>\t\t\t\t\t\t\t\t<\/div>\n\t\t\t\t<\/div>\n\t\t<div class=\"elementor-element elementor-element-c935a15 e-con-full e-flex e-con e-child\" data-id=\"c935a15\" data-element_type=\"container\">\n\t\t\t\t<div class=\"elementor-element elementor-element-73796eb elementor-widget__width-initial animated-fast elementor-invisible elementor-widget elementor-widget-heading\" data-id=\"73796eb\" data-element_type=\"widget\" data-settings=\"{&quot;_animation&quot;:&quot;fadeInRight&quot;}\" data-widget_type=\"heading.default\">\n\t\t\t\t\t<h4 class=\"elementor-heading-title elementor-size-default\">Savunmac\u0131n\u0131z<\/h4>\t\t\t\t<\/div>\n\t\t\t\t<div class=\"elementor-element elementor-element-5811923 elementor-widget__width-initial animated-fast elementor-invisible elementor-widget elementor-widget-text-editor\" data-id=\"5811923\" data-element_type=\"widget\" data-settings=\"{&quot;_animation&quot;:&quot;fadeInRight&quot;}\" data-widget_type=\"text-editor.default\">\n\t\t\t\t\t\t\t\t\t<p>Su\u00e7 isnatlar\u0131 ve iddialar kar\u015f\u0131s\u0131nda, adil yarg\u0131lanma hakk\u0131n\u0131z\u0131 g\u00fcvence alt\u0131na alarak g\u00fc\u00e7l\u00fc ve stratejik bir savunma sa\u011fl\u0131yoruz.<\/p>\t\t\t\t\t\t\t\t<\/div>\n\t\t\t\t<\/div>\n\t\t<div class=\"elementor-element elementor-element-0a61033 e-con-full e-flex e-con e-child\" data-id=\"0a61033\" data-element_type=\"container\">\n\t\t\t\t<div class=\"elementor-element elementor-element-9478264 elementor-widget__width-initial animated-fast elementor-invisible elementor-widget elementor-widget-heading\" data-id=\"9478264\" data-element_type=\"widget\" data-settings=\"{&quot;_animation&quot;:&quot;fadeInRight&quot;}\" data-widget_type=\"heading.default\">\n\t\t\t\t\t<h4 class=\"elementor-heading-title elementor-size-default\">Destek\u00e7iniz<\/h4>\t\t\t\t<\/div>\n\t\t\t\t<div class=\"elementor-element elementor-element-2668438 elementor-widget__width-initial animated-fast elementor-invisible elementor-widget elementor-widget-text-editor\" data-id=\"2668438\" data-element_type=\"widget\" data-settings=\"{&quot;_animation&quot;:&quot;fadeInRight&quot;}\" data-widget_type=\"text-editor.default\">\n\t\t\t\t\t\t\t\t\t<p>T\u00fcm hukuki i\u015flemlerinizde dan\u0131\u015fmanl\u0131k ve rehberlik hizmeti sunarak, s\u00fcrecin sorunsuz ve mevzuata uygun ilerlemesini sa\u011fl\u0131yoruz.<\/p>\t\t\t\t\t\t\t\t<\/div>\n\t\t\t\t<\/div>\n\t\t\t\t<\/div>\n\t\t\t\t\t<\/div>\n\t\t\t\t<\/div>\n\t\t<div class=\"elementor-element elementor-element-31f2d5d3 e-flex e-con-boxed e-con e-parent\" data-id=\"31f2d5d3\" data-element_type=\"container\" data-settings=\"{&quot;background_background&quot;:&quot;classic&quot;}\">\n\t\t\t\t\t<div class=\"e-con-inner\">\n\t\t<div class=\"elementor-element elementor-element-5dec42fa e-con-full e-flex e-con e-child\" data-id=\"5dec42fa\" data-element_type=\"container\" data-settings=\"{&quot;background_background&quot;:&quot;classic&quot;}\">\n\t\t\t\t<div class=\"elementor-element elementor-element-25a592e4 animated-fast elementor-invisible elementor-widget elementor-widget-heading\" data-id=\"25a592e4\" data-element_type=\"widget\" data-settings=\"{&quot;_animation&quot;:&quot;fadeInLeft&quot;}\" data-widget_type=\"heading.default\">\n\t\t\t\t\t<p class=\"elementor-heading-title elementor-size-default\">Referanslar\u0131m\u0131z<\/p>\t\t\t\t<\/div>\n\t\t\t\t<div class=\"elementor-element elementor-element-7a8d2f42 animated-fast elementor-invisible elementor-widget elementor-widget-elementskit-client-logo\" data-id=\"7a8d2f42\" data-element_type=\"widget\" data-settings=\"{&quot;_animation&quot;:&quot;fadeInLeft&quot;}\" data-widget_type=\"elementskit-client-logo.default\">\n\t\t\t\t\t<div class=\"ekit-wid-con\" >\t\t<div class=\"elementskit-clients-slider  simple_logo_image\" data-config=\"{&quot;rtl&quot;:false,&quot;arrows&quot;:false,&quot;dots&quot;:false,&quot;autoplay&quot;:true,&quot;speed&quot;:1000,&quot;slidesPerView&quot;:6,&quot;slidesPerGroup&quot;:1,&quot;pauseOnHover&quot;:true,&quot;loop&quot;:false,&quot;breakpoints&quot;:{&quot;320&quot;:{&quot;slidesPerView&quot;:3,&quot;slidesPerGroup&quot;:1,&quot;spaceBetween&quot;:10},&quot;768&quot;:{&quot;slidesPerView&quot;:4,&quot;slidesPerGroup&quot;:1,&quot;spaceBetween&quot;:10},&quot;1024&quot;:{&quot;slidesPerView&quot;:6,&quot;slidesPerGroup&quot;:1,&quot;spaceBetween&quot;:15}}}\" data-direction=\"\">\n\t\t\t<div class=\"ekit-main-swiper swiper\">\n\t\t\t\t<div class=\"swiper-wrapper\">\n\t\t\t\t\t\t\t\t\t\t\t<div class=\"elementskit-client-slider-item swiper-slide \">\n\t\t\t\t\t\t\t<div class=\"swiper-slide-inner\">\n\t\t\t\t\t\t\t\t<div class=\"single-client image-switcher\" title=\"Partner 1\">\n\t\t\t\t\t\t\t\t\t\t\t\t\t\t\t\t\t\t\t<a href=\"#\">\n\t\t\t\t\t\t\t\t\t\t\t<span class=\"content-image\">\n\t\t\t\t\t\t\t\t\t\t\t\t<img loading=\"lazy\" decoding=\"async\" width=\"512\" height=\"398\" src=\"https:\/\/demo.webbankasi.com\/114\/wp-content\/uploads\/2025\/09\/Clients-1.png\" class=\"\" alt=\"\" srcset=\"https:\/\/demo.webbankasi.com\/114\/wp-content\/uploads\/2025\/09\/Clients-1.png 512w, https:\/\/demo.webbankasi.com\/114\/wp-content\/uploads\/2025\/09\/Clients-1-300x233.png 300w\" sizes=\"(max-width: 512px) 100vw, 512px\" \/>\t\t\t\t\t\t\t\t\t\t\t<\/span>\n\t\t\t\t\t\t\t\t\t\t<\/a>\n\t\t\t\t\t\t\t\t\t\t\t\t\t\t\t\t\t<\/div>\n\t\t\t\t\t\t\t<\/div>\n\t\t\t\t\t\t<\/div>\n\t\t\t\t\t\t\t\t\t\t\t<div class=\"elementskit-client-slider-item swiper-slide \">\n\t\t\t\t\t\t\t<div class=\"swiper-slide-inner\">\n\t\t\t\t\t\t\t\t<div class=\"single-client image-switcher\" title=\"Partner 2\">\n\t\t\t\t\t\t\t\t\t\t\t\t\t\t\t\t\t\t\t<a href=\"#\">\n\t\t\t\t\t\t\t\t\t\t\t<span class=\"content-image\">\n\t\t\t\t\t\t\t\t\t\t\t\t<img loading=\"lazy\" decoding=\"async\" width=\"512\" height=\"398\" src=\"https:\/\/demo.webbankasi.com\/114\/wp-content\/uploads\/2025\/09\/Clients-2.png\" class=\"\" alt=\"\" srcset=\"https:\/\/demo.webbankasi.com\/114\/wp-content\/uploads\/2025\/09\/Clients-2.png 512w, https:\/\/demo.webbankasi.com\/114\/wp-content\/uploads\/2025\/09\/Clients-2-300x233.png 300w\" sizes=\"(max-width: 512px) 100vw, 512px\" \/>\t\t\t\t\t\t\t\t\t\t\t<\/span>\n\t\t\t\t\t\t\t\t\t\t<\/a>\n\t\t\t\t\t\t\t\t\t\t\t\t\t\t\t\t\t<\/div>\n\t\t\t\t\t\t\t<\/div>\n\t\t\t\t\t\t<\/div>\n\t\t\t\t\t\t\t\t\t\t\t<div class=\"elementskit-client-slider-item swiper-slide \">\n\t\t\t\t\t\t\t<div class=\"swiper-slide-inner\">\n\t\t\t\t\t\t\t\t<div class=\"single-client image-switcher\" title=\"Partner 3\">\n\t\t\t\t\t\t\t\t\t\t\t\t\t\t\t\t\t\t\t<a href=\"#\">\n\t\t\t\t\t\t\t\t\t\t\t<span class=\"content-image\">\n\t\t\t\t\t\t\t\t\t\t\t\t<img loading=\"lazy\" decoding=\"async\" width=\"512\" height=\"398\" src=\"https:\/\/demo.webbankasi.com\/114\/wp-content\/uploads\/2025\/09\/Clients-3.png\" class=\"\" alt=\"\" srcset=\"https:\/\/demo.webbankasi.com\/114\/wp-content\/uploads\/2025\/09\/Clients-3.png 512w, https:\/\/demo.webbankasi.com\/114\/wp-content\/uploads\/2025\/09\/Clients-3-300x233.png 300w\" sizes=\"(max-width: 512px) 100vw, 512px\" \/>\t\t\t\t\t\t\t\t\t\t\t<\/span>\n\t\t\t\t\t\t\t\t\t\t<\/a>\n\t\t\t\t\t\t\t\t\t\t\t\t\t\t\t\t\t<\/div>\n\t\t\t\t\t\t\t<\/div>\n\t\t\t\t\t\t<\/div>\n\t\t\t\t\t\t\t\t\t\t\t<div class=\"elementskit-client-slider-item swiper-slide \">\n\t\t\t\t\t\t\t<div class=\"swiper-slide-inner\">\n\t\t\t\t\t\t\t\t<div class=\"single-client image-switcher\" title=\"Partner 4\">\n\t\t\t\t\t\t\t\t\t\t\t\t\t\t\t\t\t\t\t<a href=\"#\">\n\t\t\t\t\t\t\t\t\t\t\t<span class=\"content-image\">\n\t\t\t\t\t\t\t\t\t\t\t\t<img loading=\"lazy\" decoding=\"async\" width=\"512\" height=\"398\" src=\"https:\/\/demo.webbankasi.com\/114\/wp-content\/uploads\/2025\/09\/Clients-4.png\" class=\"\" alt=\"\" srcset=\"https:\/\/demo.webbankasi.com\/114\/wp-content\/uploads\/2025\/09\/Clients-4.png 512w, https:\/\/demo.webbankasi.com\/114\/wp-content\/uploads\/2025\/09\/Clients-4-300x233.png 300w\" sizes=\"(max-width: 512px) 100vw, 512px\" \/>\t\t\t\t\t\t\t\t\t\t\t<\/span>\n\t\t\t\t\t\t\t\t\t\t<\/a>\n\t\t\t\t\t\t\t\t\t\t\t\t\t\t\t\t\t<\/div>\n\t\t\t\t\t\t\t<\/div>\n\t\t\t\t\t\t<\/div>\n\t\t\t\t\t\t\t\t\t\t\t<div class=\"elementskit-client-slider-item swiper-slide \">\n\t\t\t\t\t\t\t<div class=\"swiper-slide-inner\">\n\t\t\t\t\t\t\t\t<div class=\"single-client image-switcher\" title=\"Partner 5\">\n\t\t\t\t\t\t\t\t\t\t\t\t\t\t\t\t\t\t\t<a href=\"#\">\n\t\t\t\t\t\t\t\t\t\t\t<span class=\"content-image\">\n\t\t\t\t\t\t\t\t\t\t\t\t<img loading=\"lazy\" decoding=\"async\" width=\"512\" height=\"398\" src=\"https:\/\/demo.webbankasi.com\/114\/wp-content\/uploads\/2025\/09\/Clients-5.png\" class=\"\" alt=\"\" srcset=\"https:\/\/demo.webbankasi.com\/114\/wp-content\/uploads\/2025\/09\/Clients-5.png 512w, https:\/\/demo.webbankasi.com\/114\/wp-content\/uploads\/2025\/09\/Clients-5-300x233.png 300w\" sizes=\"(max-width: 512px) 100vw, 512px\" \/>\t\t\t\t\t\t\t\t\t\t\t<\/span>\n\t\t\t\t\t\t\t\t\t\t<\/a>\n\t\t\t\t\t\t\t\t\t\t\t\t\t\t\t\t\t<\/div>\n\t\t\t\t\t\t\t<\/div>\n\t\t\t\t\t\t<\/div>\n\t\t\t\t\t\t\t\t\t\t\t<div class=\"elementskit-client-slider-item swiper-slide \">\n\t\t\t\t\t\t\t<div class=\"swiper-slide-inner\">\n\t\t\t\t\t\t\t\t<div class=\"single-client image-switcher\" title=\"Partner 6\">\n\t\t\t\t\t\t\t\t\t\t\t\t\t\t\t\t\t\t\t<a href=\"#\">\n\t\t\t\t\t\t\t\t\t\t\t<span class=\"content-image\">\n\t\t\t\t\t\t\t\t\t\t\t\t<img loading=\"lazy\" decoding=\"async\" width=\"512\" height=\"398\" src=\"https:\/\/demo.webbankasi.com\/114\/wp-content\/uploads\/2025\/09\/Clients-6.png\" class=\"\" alt=\"\" srcset=\"https:\/\/demo.webbankasi.com\/114\/wp-content\/uploads\/2025\/09\/Clients-6.png 512w, https:\/\/demo.webbankasi.com\/114\/wp-content\/uploads\/2025\/09\/Clients-6-300x233.png 300w\" sizes=\"(max-width: 512px) 100vw, 512px\" \/>\t\t\t\t\t\t\t\t\t\t\t<\/span>\n\t\t\t\t\t\t\t\t\t\t<\/a>\n\t\t\t\t\t\t\t\t\t\t\t\t\t\t\t\t\t<\/div>\n\t\t\t\t\t\t\t<\/div>\n\t\t\t\t\t\t<\/div>\n\t\t\t\t\t\t\t\t\t\t\t<div class=\"elementskit-client-slider-item swiper-slide \">\n\t\t\t\t\t\t\t<div class=\"swiper-slide-inner\">\n\t\t\t\t\t\t\t\t<div class=\"single-client image-switcher\" title=\"Partner 7\">\n\t\t\t\t\t\t\t\t\t\t\t\t\t\t\t\t\t\t\t<a href=\"#\">\n\t\t\t\t\t\t\t\t\t\t\t<span class=\"content-image\">\n\t\t\t\t\t\t\t\t\t\t\t\t<img loading=\"lazy\" decoding=\"async\" width=\"512\" height=\"398\" src=\"https:\/\/demo.webbankasi.com\/114\/wp-content\/uploads\/2025\/09\/Clients-7.png\" class=\"\" alt=\"\" srcset=\"https:\/\/demo.webbankasi.com\/114\/wp-content\/uploads\/2025\/09\/Clients-7.png 512w, https:\/\/demo.webbankasi.com\/114\/wp-content\/uploads\/2025\/09\/Clients-7-300x233.png 300w\" sizes=\"(max-width: 512px) 100vw, 512px\" \/>\t\t\t\t\t\t\t\t\t\t\t<\/span>\n\t\t\t\t\t\t\t\t\t\t<\/a>\n\t\t\t\t\t\t\t\t\t\t\t\t\t\t\t\t\t<\/div>\n\t\t\t\t\t\t\t<\/div>\n\t\t\t\t\t\t<\/div>\n\t\t\t\t\t\t\t\t\t\t\t<div class=\"elementskit-client-slider-item swiper-slide \">\n\t\t\t\t\t\t\t<div class=\"swiper-slide-inner\">\n\t\t\t\t\t\t\t\t<div class=\"single-client image-switcher\" title=\"Partner 8\">\n\t\t\t\t\t\t\t\t\t\t\t\t\t\t\t\t\t\t\t<a href=\"#\">\n\t\t\t\t\t\t\t\t\t\t\t<span class=\"content-image\">\n\t\t\t\t\t\t\t\t\t\t\t\t<img loading=\"lazy\" decoding=\"async\" width=\"512\" height=\"398\" src=\"https:\/\/demo.webbankasi.com\/114\/wp-content\/uploads\/2025\/09\/Clients-8.png\" class=\"\" alt=\"\" srcset=\"https:\/\/demo.webbankasi.com\/114\/wp-content\/uploads\/2025\/09\/Clients-8.png 512w, https:\/\/demo.webbankasi.com\/114\/wp-content\/uploads\/2025\/09\/Clients-8-300x233.png 300w\" sizes=\"(max-width: 512px) 100vw, 512px\" \/>\t\t\t\t\t\t\t\t\t\t\t<\/span>\n\t\t\t\t\t\t\t\t\t\t<\/a>\n\t\t\t\t\t\t\t\t\t\t\t\t\t\t\t\t\t<\/div>\n\t\t\t\t\t\t\t<\/div>\n\t\t\t\t\t\t<\/div>\n\t\t\t\t\t\t\t\t\t<\/div>\n\n\t\t\t\t\n\t\t\t\t\t\t\t<\/div><!-- .elementskit-clients-slider END -->\n\t\t<\/div>\n\t\t<\/div>\t\t\t\t<\/div>\n\t\t\t\t<\/div>\n\t\t\t\t\t<\/div>\n\t\t\t\t<\/div>\n\t\t\t\t<\/div>\n\t\t","protected":false},"excerpt":{"rendered":"<p>AVukatlar\u0131m\u0131z Avukatlar\u0131m\u0131zla tan\u0131\u015f\u0131n Alan\u0131nda Uzman Avukatlar\u0131m\u0131z T\u00fcm hukuki S\u00fcre\u00e7lerde Yan\u0131n\u0131zdad\u0131r Ad Soyad Ceza Hukuku Ad Soyad Aile Hukuku Ad Soyad Gayrimenkul hukuku Ad Soyad \u0130\u015f Hukuku Bir Avukat size Ne Sa\u011flar Bir avukat tutmak, hukuki s\u00fcre\u00e7lerde haklar\u0131n\u0131z\u0131n korunmas\u0131n\u0131 ve i\u015flemlerin usul\u00fcne uygun, en do\u011fru \u015fekilde y\u00fcr\u00fct\u00fclmesini sa\u011flar. Avukatlar\u0131m\u0131z hukuki Temsilciniz Haklar\u0131n\u0131z\u0131 en iyi \u015fekilde savunmak [&hellip;]<\/p>\n","protected":false},"author":2,"featured_media":0,"parent":0,"menu_order":0,"comment_status":"closed","ping_status":"closed","template":"elementor_header_footer","meta":{"footnotes":""},"class_list":["post-209","page","type-page","status-publish","hentry"],"_links":{"self":[{"href":"https:\/\/demo.webbankasi.com\/114\/wp-json\/wp\/v2\/pages\/209","targetHints":{"allow":["GET"]}}],"collection":[{"href":"https:\/\/demo.webbankasi.com\/114\/wp-json\/wp\/v2\/pages"}],"about":[{"href":"https:\/\/demo.webbankasi.com\/114\/wp-json\/wp\/v2\/types\/page"}],"author":[{"embeddable":true,"href":"https:\/\/demo.webbankasi.com\/114\/wp-json\/wp\/v2\/users\/2"}],"replies":[{"embeddable":true,"href":"https:\/\/demo.webbankasi.com\/114\/wp-json\/wp\/v2\/comments?post=209"}],"version-history":[{"count":5,"href":"https:\/\/demo.webbankasi.com\/114\/wp-json\/wp\/v2\/pages\/209\/revisions"}],"predecessor-version":[{"id":214,"href":"https:\/\/demo.webbankasi.com\/114\/wp-json\/wp\/v2\/pages\/209\/revisions\/214"}],"wp:attachment":[{"href":"https:\/\/demo.webbankasi.com\/114\/wp-json\/wp\/v2\/media?parent=209"}],"curies":[{"name":"wp","href":"https:\/\/api.w.org\/{rel}","templated":true}]}}