{"id":240,"date":"2025-09-26T12:10:01","date_gmt":"2025-09-26T12:10:01","guid":{"rendered":"https:\/\/demo.webbankasi.com\/113\/?page_id=240"},"modified":"2025-09-26T14:00:54","modified_gmt":"2025-09-26T14:00:54","slug":"ceza-hukuku","status":"publish","type":"page","link":"https:\/\/demo.webbankasi.com\/113\/ceza-hukuku\/","title":{"rendered":"Ceza Hukuku"},"content":{"rendered":"\t\t<div data-elementor-type=\"wp-page\" data-elementor-id=\"240\" class=\"elementor elementor-240\" data-elementor-post-type=\"page\">\n\t\t\t\t<div class=\"elementor-element elementor-element-1148e18 e-flex e-con-boxed e-con e-parent\" data-id=\"1148e18\" data-element_type=\"container\" data-settings=\"{&quot;background_background&quot;:&quot;classic&quot;}\">\n\t\t\t\t\t<div class=\"e-con-inner\">\n\t\t<div class=\"elementor-element elementor-element-9d89ab0 e-con-full e-flex e-con e-child\" data-id=\"9d89ab0\" data-element_type=\"container\">\n\t\t\t\t<div class=\"elementor-element elementor-element-cff0a3d elementor-widget__width-initial elementor-widget elementor-widget-elementskit-heading\" data-id=\"cff0a3d\" data-element_type=\"widget\" data-widget_type=\"elementskit-heading.default\">\n\t\t\t\t\t<div class=\"ekit-wid-con\" ><div class=\"ekit-heading elementskit-section-title-wraper text_center   ekit_heading_tablet-text_center   ekit_heading_mobile-\"><\/div><\/div>\t\t\t\t<\/div>\n\t\t\t\t<\/div>\n\t\t\t\t\t<\/div>\n\t\t\t\t<\/div>\n\t\t<div class=\"elementor-element elementor-element-ced8768 e-flex e-con-boxed e-con e-parent\" data-id=\"ced8768\" data-element_type=\"container\" data-settings=\"{&quot;background_background&quot;:&quot;classic&quot;}\">\n\t\t\t\t\t<div class=\"e-con-inner\">\n\t\t<div class=\"elementor-element elementor-element-ae33472 e-con-full e-flex e-con e-child\" data-id=\"ae33472\" data-element_type=\"container\">\n\t\t\t\t<div class=\"elementor-element elementor-element-2110dbb elementor-widget elementor-widget-image\" data-id=\"2110dbb\" data-element_type=\"widget\" data-widget_type=\"image.default\">\n\t\t\t\t\t\t\t\t\t\t\t\t\t\t\t<img fetchpriority=\"high\" decoding=\"async\" width=\"571\" height=\"533\" src=\"https:\/\/demo.webbankasi.com\/113\/wp-content\/uploads\/2025\/09\/ailehukuk.jpg\" class=\"attachment-full size-full wp-image-202\" alt=\"\" srcset=\"https:\/\/demo.webbankasi.com\/113\/wp-content\/uploads\/2025\/09\/ailehukuk.jpg 571w, https:\/\/demo.webbankasi.com\/113\/wp-content\/uploads\/2025\/09\/ailehukuk-300x280.jpg 300w\" sizes=\"(max-width: 571px) 100vw, 571px\" \/>\t\t\t\t\t\t\t\t\t\t\t\t\t\t\t<\/div>\n\t\t\t\t<\/div>\n\t\t<div class=\"elementor-element elementor-element-9adcacc e-con-full e-flex e-con e-child\" data-id=\"9adcacc\" data-element_type=\"container\" data-settings=\"{&quot;background_background&quot;:&quot;classic&quot;}\">\n\t\t\t\t<div class=\"elementor-element elementor-element-9cd5a2d CHeader elementor-widget elementor-widget-heading\" data-id=\"9cd5a2d\" data-element_type=\"widget\" data-widget_type=\"heading.default\">\n\t\t\t\t\t<h1 class=\"elementor-heading-title elementor-size-default\">Ceza Hukuku <\/h1>\t\t\t\t<\/div>\n\t\t<div class=\"elementor-element elementor-element-a6c859f e-con-full e-flex e-con e-child\" data-id=\"a6c859f\" data-element_type=\"container\">\n\t\t\t\t<div class=\"elementor-element elementor-element-7237275 elementor-widget elementor-widget-elementskit-funfact\" data-id=\"7237275\" data-element_type=\"widget\" data-widget_type=\"elementskit-funfact.default\">\n\t\t\t\t\t<div class=\"ekit-wid-con\" >\n\t\t<div class=\"elementskit-funfact text-left     \">\n\t\t\t\n\t\t\t<div class=\"elementskit-funfact-inner \">\n\t\t\t\t\t\t\t\t\n\t\t\t\t<div class=\"funfact-content\">\n\t\t\t\t\t<div class=\"number-percentage-wraper\">\n\t\t\t\t\t\t\t\t\t\t\t\t<span class=\"number-percentage\"\n\t\t\t\t\t\t      data-value=\"8\"\n\t\t\t\t\t\t      data-animation-duration=\"3500\"\n\t\t\t\t\t\t\t  data-style=\"static\">0<\/span>\n\t\t\t\t\t\t+\t\t\t\t\t\t\t\t\t\t\t<\/div>\n\n\t\t\t\t\t<div class=\"funfact-title\">Sertifikal\u0131 Avukat<\/div>\t\t\t\t\t\t\t\t<\/div>\n\t\t<\/div>\n\t\t<\/div>\n\n\n\t\t<\/div>\t\t\t\t<\/div>\n\t\t\t\t<div class=\"elementor-element elementor-element-019cdf9 elementor-widget elementor-widget-elementskit-funfact\" data-id=\"019cdf9\" data-element_type=\"widget\" data-widget_type=\"elementskit-funfact.default\">\n\t\t\t\t\t<div class=\"ekit-wid-con\" >\n\t\t<div class=\"elementskit-funfact text-left     \">\n\t\t\t\n\t\t\t<div class=\"elementskit-funfact-inner \">\n\t\t\t\t\t\t\t\t\n\t\t\t\t<div class=\"funfact-content\">\n\t\t\t\t\t<div class=\"number-percentage-wraper\">\n\t\t\t\t\t\t\t\t\t\t\t\t<span class=\"number-percentage\"\n\t\t\t\t\t\t      data-value=\"250\"\n\t\t\t\t\t\t      data-animation-duration=\"3500\"\n\t\t\t\t\t\t\t  data-style=\"static\">0<\/span>\n\t\t\t\t\t\t+\t\t\t\t\t\t\t\t\t\t\t<\/div>\n\n\t\t\t\t\t<div class=\"funfact-title\">Dava<\/div>\t\t\t\t\t\t\t\t<\/div>\n\t\t<\/div>\n\t\t<\/div>\n\n\n\t\t<\/div>\t\t\t\t<\/div>\n\t\t\t\t<\/div>\n\t\t\t\t<\/div>\n\t\t<div class=\"elementor-element elementor-element-f86a497 e-con-full e-flex e-con e-child\" data-id=\"f86a497\" data-element_type=\"container\">\n\t\t\t\t<div class=\"elementor-element elementor-element-c6bf863 elementor-widget elementor-widget-heading\" data-id=\"c6bf863\" data-element_type=\"widget\" data-widget_type=\"heading.default\">\n\t\t\t\t\t<h2 class=\"elementor-heading-title elementor-size-default\">Ceza Hukuku Nedir ?<\/h2>\t\t\t\t<\/div>\n\t\t\t\t<div class=\"elementor-element elementor-element-8dfb150 elementor-widget__width-initial elementor-widget elementor-widget-text-editor\" data-id=\"8dfb150\" data-element_type=\"widget\" data-widget_type=\"text-editor.default\">\n\t\t\t\t\t\t\t\t\t<p>Ceza hukuku; bireylerin su\u00e7 isnad\u0131yla kar\u015f\u0131la\u015fmas\u0131 veya ma\u011fdur olmalar\u0131 halinde devreye girer ve haklar\u0131n etkin bi\u00e7imde korunmas\u0131n\u0131 gerektirir. Bu alan, ciddi sonu\u00e7lar do\u011furabilece\u011fi i\u00e7in deneyimli bir avukat deste\u011fiyle y\u00fcr\u00fct\u00fclmelidir. B\u00fcromuz, ceza davalar\u0131nda m\u00fcvekkillerinin haklar\u0131n\u0131 savunmak ve adil bir yarg\u0131lama s\u00fcreci sa\u011flamak i\u00e7in titizlikle \u00e7al\u0131\u015f\u0131r.<\/p>\t\t\t\t\t\t\t\t<\/div>\n\t\t\t\t<div class=\"elementor-element elementor-element-e17d6ea elementor-widget__width-initial elementor-widget elementor-widget-text-editor\" data-id=\"e17d6ea\" data-element_type=\"widget\" data-widget_type=\"text-editor.default\">\n\t\t\t\t\t\t\t\t\t<div class=\"elementor-element elementor-element-d4cbe75 elementor-widget elementor-widget-text-editor\" data-id=\"d4cbe75\" data-element_type=\"widget\" data-widget_type=\"text-editor.default\"><p>Soru\u015fturma a\u015famas\u0131ndan kovu\u015fturma ve yarg\u0131lamaya kadar t\u00fcm s\u00fcre\u00e7leri takip ederek, savunma stratejinizi en g\u00fc\u00e7l\u00fc \u015fekilde olu\u015ftururuz. Ma\u011fduriyet veya isnat durumlar\u0131nda, haklar\u0131n\u0131z\u0131n zedelenmemesi i\u00e7in s\u00fcreci ba\u015ftan sona y\u00f6netiriz.<\/p><p>Bu kapsaml\u0131 hizmet anlay\u0131\u015f\u0131yla Ceza Hukuku i\u015flemlerinizin her a\u015famas\u0131nda yan\u0131n\u0131zda olarak, s\u00fcreci g\u00fcvenli ve yasal \u00e7er\u00e7evede ilerletiyoruz.<\/p><\/div>\t\t\t\t\t\t\t\t<\/div>\n\t\t\t\t<\/div>\n\t\t<div class=\"elementor-element elementor-element-d3a9ee8 e-con-full e-flex e-con e-child\" data-id=\"d3a9ee8\" data-element_type=\"container\">\n\t\t\t\t<div class=\"elementor-element elementor-element-065de7a elementor-widget elementor-widget-heading\" data-id=\"065de7a\" data-element_type=\"widget\" data-widget_type=\"heading.default\">\n\t\t\t\t\t<h2 class=\"elementor-heading-title elementor-size-default\">\u00c7\u00f6z\u00fcm ve Yakla\u015f\u0131m\u0131m\u0131z<\/h2>\t\t\t\t<\/div>\n\t\t\t\t<div class=\"elementor-element elementor-element-f3ed167 elementor-widget__width-initial elementor-widget elementor-widget-text-editor\" data-id=\"f3ed167\" data-element_type=\"widget\" data-widget_type=\"text-editor.default\">\n\t\t\t\t\t\t\t\t\t<p>Her dava i\u00e7in m\u00fcvekkil odakl\u0131 ve \u00e7\u00f6z\u00fcm aray\u0131\u015f\u0131n\u0131 \u00f6nceleyen bir yakla\u015f\u0131m benimseriz. Uzla\u015fma ve arabuluculuk se\u00e7eneklerini de\u011ferlendirerek s\u00fcre\u00e7leri gereksiz \u015fekilde uzatmadan, gerekti\u011finde mahkemede g\u00fc\u00e7l\u00fc bir temsil ile haklar\u0131n\u0131z\u0131 savunuruz.<\/p>\t\t\t\t\t\t\t\t<\/div>\n\t\t\t\t<\/div>\n\t\t\t\t\t<\/div>\n\t\t\t\t<\/div>\n\t\t<div class=\"elementor-element elementor-element-da38874 e-flex e-con-boxed e-con e-parent\" data-id=\"da38874\" data-element_type=\"container\">\n\t\t\t\t\t<div class=\"e-con-inner\">\n\t\t<div class=\"elementor-element elementor-element-9ebd349 e-con-full e-flex e-con e-child\" data-id=\"9ebd349\" data-element_type=\"container\">\n\t\t\t\t<div class=\"elementor-element elementor-element-5ff978c elementor-widget__width-initial elementor-widget elementor-widget-elementskit-team\" data-id=\"5ff978c\" data-element_type=\"widget\" data-widget_type=\"elementskit-team.default\">\n\t\t\t\t<div class=\"elementor-widget-container\">\n\t\t\t\t\t<div class=\"ekit-wid-con\">\t\t\t\t\t\t\t\t\n\t\t<div class=\"profile-card elementor-animation- text-center ekit-team-style-default\">\n\t\t\t\n\t\t\t\t<div class=\"profile-header ekit-team-img ekit-img-overlay ekit-team-img-block\" >\n\t\t\t\t\t<img decoding=\"async\" width=\"277\" height=\"277\" src=\"https:\/\/demo.webbankasi.com\/113\/wp-content\/uploads\/2025\/09\/adam.jpg\" class=\"attachment-full size-full wp-image-184\" alt=\"\" srcset=\"https:\/\/demo.webbankasi.com\/113\/wp-content\/uploads\/2025\/09\/adam.jpg 277w, https:\/\/demo.webbankasi.com\/113\/wp-content\/uploads\/2025\/09\/adam-150x150.jpg 150w\" sizes=\"(max-width: 277px) 100vw, 277px\" \/>\t\t\t\t<\/div><!-- .profile-header END -->\n\t\t\t\n\n\t\t\t\t<div class=\"profile-body\">\n\t\t\t\t\t\n\t\t\t\t\t<h2 class=\"profile-title\">\n\t\t\t\t\t\t\t\t\t\t\tAv. Ad Soyad\t\t\t\t\t\t\t\t\t\t<\/h2>\n\t\t\t\t\t<p class=\"profile-designation\">Ceza Hukuku<\/p>\n\t\t\t\t\t\t\t\t\t<\/div><!-- .profile-body END -->\n\n\t\t\t\t\t\t\t\t\t<div class=\"profile-footer\">\n\t\t\t\t\t\t<ul class=\"ekit-team-social-list\">\n\t\t\t<li class=\"elementor-repeater-item-7413e96\">\n\t\t\t<a href=\"#\" aria-label=\"Facebook\">\n\t\t\t\t<svg aria-hidden=\"true\" class=\"e-font-icon-svg e-fab-instagram\" viewBox=\"0 0 448 512\" xmlns=\"http:\/\/www.w3.org\/2000\/svg\"><path d=\"M224.1 141c-63.6 0-114.9 51.3-114.9 114.9s51.3 114.9 114.9 114.9S339 319.5 339 255.9 287.7 141 224.1 141zm0 189.6c-41.1 0-74.7-33.5-74.7-74.7s33.5-74.7 74.7-74.7 74.7 33.5 74.7 74.7-33.6 74.7-74.7 74.7zm146.4-194.3c0 14.9-12 26.8-26.8 26.8-14.9 0-26.8-12-26.8-26.8s12-26.8 26.8-26.8 26.8 12 26.8 26.8zm76.1 27.2c-1.7-35.9-9.9-67.7-36.2-93.9-26.2-26.2-58-34.4-93.9-36.2-37-2.1-147.9-2.1-184.9 0-35.8 1.7-67.6 9.9-93.9 36.1s-34.4 58-36.2 93.9c-2.1 37-2.1 147.9 0 184.9 1.7 35.9 9.9 67.7 36.2 93.9s58 34.4 93.9 36.2c37 2.1 147.9 2.1 184.9 0 35.9-1.7 67.7-9.9 93.9-36.2 26.2-26.2 34.4-58 36.2-93.9 2.1-37 2.1-147.8 0-184.8zM398.8 388c-7.8 19.6-22.9 34.7-42.6 42.6-29.5 11.7-99.5 9-132.1 9s-102.7 2.6-132.1-9c-19.6-7.8-34.7-22.9-42.6-42.6-11.7-29.5-9-99.5-9-132.1s-2.6-102.7 9-132.1c7.8-19.6 22.9-34.7 42.6-42.6 29.5-11.7 99.5-9 132.1-9s102.7-2.6 132.1 9c19.6 7.8 34.7 22.9 42.6 42.6 11.7 29.5 9 99.5 9 132.1s2.7 102.7-9 132.1z\"><\/path><\/svg>\t\t\t<\/a>\n\t\t<\/li>\n\t\t\t<li class=\"elementor-repeater-item-9fe7a2e\">\n\t\t\t<a href=\"#\" aria-label=\"Linkedin\">\n\t\t\t\t<svg aria-hidden=\"true\" class=\"e-font-icon-svg e-fab-linkedin-in\" viewBox=\"0 0 448 512\" xmlns=\"http:\/\/www.w3.org\/2000\/svg\"><path d=\"M100.28 448H7.4V148.9h92.88zM53.79 108.1C24.09 108.1 0 83.5 0 53.8a53.79 53.79 0 0 1 107.58 0c0 29.7-24.1 54.3-53.79 54.3zM447.9 448h-92.68V302.4c0-34.7-.7-79.2-48.29-79.2-48.29 0-55.69 37.7-55.69 76.7V448h-92.78V148.9h89.08v40.8h1.3c12.4-23.5 42.69-48.3 87.88-48.3 94 0 111.28 61.9 111.28 142.3V448z\"><\/path><\/svg>\t\t\t<\/a>\n\t\t<\/li>\n\t\t\t<li class=\"elementor-repeater-item-f8d8f12\">\n\t\t\t<a href=\"#\" aria-label=\"X\">\n\t\t\t\t<svg aria-hidden=\"true\" class=\"e-font-icon-svg e-fab-x-twitter\" viewBox=\"0 0 512 512\" xmlns=\"http:\/\/www.w3.org\/2000\/svg\"><path d=\"M389.2 48h70.6L305.6 224.2 487 464H345L233.7 318.6 106.5 464H35.8L200.7 275.5 26.8 48H172.4L272.9 180.9 389.2 48zM364.4 421.8h39.1L151.1 88h-42L364.4 421.8z\"><\/path><\/svg>\t\t\t<\/a>\n\t\t<\/li>\n\t<\/ul>\n\t\t\t\t\t<\/div>\n\t\t\t\t\t\t\t\t\t<\/div>\n\t\t\t\t\t\t\t\n\t\t\t\n\t\t\t\t<\/div>\t\t\t\t<\/div>\n\t\t\t\t<\/div>\n\t\t\t\t<div class=\"elementor-element elementor-element-f96e2a1 elementor-widget__width-initial elementor-widget elementor-widget-elementskit-team\" data-id=\"f96e2a1\" data-element_type=\"widget\" data-widget_type=\"elementskit-team.default\">\n\t\t\t\t<div class=\"elementor-widget-container\">\n\t\t\t\t\t<div class=\"ekit-wid-con\">\t\t\t\t\t\t\t\t\n\t\t<div class=\"profile-card elementor-animation- text-center ekit-team-style-default\">\n\t\t\t\n\t\t\t\t<div class=\"profile-header ekit-team-img ekit-img-overlay ekit-team-img-block\" >\n\t\t\t\t\t<img decoding=\"async\" width=\"277\" height=\"277\" src=\"https:\/\/demo.webbankasi.com\/113\/wp-content\/uploads\/2025\/09\/kadin3.jpg\" class=\"attachment-full size-full wp-image-183\" alt=\"\" srcset=\"https:\/\/demo.webbankasi.com\/113\/wp-content\/uploads\/2025\/09\/kadin3.jpg 277w, https:\/\/demo.webbankasi.com\/113\/wp-content\/uploads\/2025\/09\/kadin3-150x150.jpg 150w\" sizes=\"(max-width: 277px) 100vw, 277px\" \/>\t\t\t\t<\/div><!-- .profile-header END -->\n\t\t\t\n\n\t\t\t\t<div class=\"profile-body\">\n\t\t\t\t\t\n\t\t\t\t\t<h2 class=\"profile-title\">\n\t\t\t\t\t\t\t\t\t\t\tAv. Ad Soyad\t\t\t\t\t\t\t\t\t\t<\/h2>\n\t\t\t\t\t<p class=\"profile-designation\">Ceza Hukuku<\/p>\n\t\t\t\t\t\t\t\t\t<\/div><!-- .profile-body END -->\n\n\t\t\t\t\t\t\t\t\t<div class=\"profile-footer\">\n\t\t\t\t\t\t<ul class=\"ekit-team-social-list\">\n\t\t\t<li class=\"elementor-repeater-item-7413e96\">\n\t\t\t<a href=\"#\" aria-label=\"Facebook\">\n\t\t\t\t<svg aria-hidden=\"true\" class=\"e-font-icon-svg e-fab-instagram\" viewBox=\"0 0 448 512\" xmlns=\"http:\/\/www.w3.org\/2000\/svg\"><path d=\"M224.1 141c-63.6 0-114.9 51.3-114.9 114.9s51.3 114.9 114.9 114.9S339 319.5 339 255.9 287.7 141 224.1 141zm0 189.6c-41.1 0-74.7-33.5-74.7-74.7s33.5-74.7 74.7-74.7 74.7 33.5 74.7 74.7-33.6 74.7-74.7 74.7zm146.4-194.3c0 14.9-12 26.8-26.8 26.8-14.9 0-26.8-12-26.8-26.8s12-26.8 26.8-26.8 26.8 12 26.8 26.8zm76.1 27.2c-1.7-35.9-9.9-67.7-36.2-93.9-26.2-26.2-58-34.4-93.9-36.2-37-2.1-147.9-2.1-184.9 0-35.8 1.7-67.6 9.9-93.9 36.1s-34.4 58-36.2 93.9c-2.1 37-2.1 147.9 0 184.9 1.7 35.9 9.9 67.7 36.2 93.9s58 34.4 93.9 36.2c37 2.1 147.9 2.1 184.9 0 35.9-1.7 67.7-9.9 93.9-36.2 26.2-26.2 34.4-58 36.2-93.9 2.1-37 2.1-147.8 0-184.8zM398.8 388c-7.8 19.6-22.9 34.7-42.6 42.6-29.5 11.7-99.5 9-132.1 9s-102.7 2.6-132.1-9c-19.6-7.8-34.7-22.9-42.6-42.6-11.7-29.5-9-99.5-9-132.1s-2.6-102.7 9-132.1c7.8-19.6 22.9-34.7 42.6-42.6 29.5-11.7 99.5-9 132.1-9s102.7-2.6 132.1 9c19.6 7.8 34.7 22.9 42.6 42.6 11.7 29.5 9 99.5 9 132.1s2.7 102.7-9 132.1z\"><\/path><\/svg>\t\t\t<\/a>\n\t\t<\/li>\n\t\t\t<li class=\"elementor-repeater-item-9fe7a2e\">\n\t\t\t<a href=\"#\" aria-label=\"Linkedin\">\n\t\t\t\t<svg aria-hidden=\"true\" class=\"e-font-icon-svg e-fab-linkedin-in\" viewBox=\"0 0 448 512\" xmlns=\"http:\/\/www.w3.org\/2000\/svg\"><path d=\"M100.28 448H7.4V148.9h92.88zM53.79 108.1C24.09 108.1 0 83.5 0 53.8a53.79 53.79 0 0 1 107.58 0c0 29.7-24.1 54.3-53.79 54.3zM447.9 448h-92.68V302.4c0-34.7-.7-79.2-48.29-79.2-48.29 0-55.69 37.7-55.69 76.7V448h-92.78V148.9h89.08v40.8h1.3c12.4-23.5 42.69-48.3 87.88-48.3 94 0 111.28 61.9 111.28 142.3V448z\"><\/path><\/svg>\t\t\t<\/a>\n\t\t<\/li>\n\t\t\t<li class=\"elementor-repeater-item-f8d8f12\">\n\t\t\t<a href=\"#\" aria-label=\"X\">\n\t\t\t\t<svg aria-hidden=\"true\" class=\"e-font-icon-svg e-fab-x-twitter\" viewBox=\"0 0 512 512\" xmlns=\"http:\/\/www.w3.org\/2000\/svg\"><path d=\"M389.2 48h70.6L305.6 224.2 487 464H345L233.7 318.6 106.5 464H35.8L200.7 275.5 26.8 48H172.4L272.9 180.9 389.2 48zM364.4 421.8h39.1L151.1 88h-42L364.4 421.8z\"><\/path><\/svg>\t\t\t<\/a>\n\t\t<\/li>\n\t<\/ul>\n\t\t\t\t\t<\/div>\n\t\t\t\t\t\t\t\t\t<\/div>\n\t\t\t\t\t\t\t\n\t\t\t\n\t\t\t\t<\/div>\t\t\t\t<\/div>\n\t\t\t\t<\/div>\n\t\t\t\t<div class=\"elementor-element elementor-element-46fdb41 elementor-widget__width-initial elementor-widget elementor-widget-elementskit-team\" data-id=\"46fdb41\" data-element_type=\"widget\" data-widget_type=\"elementskit-team.default\">\n\t\t\t\t<div class=\"elementor-widget-container\">\n\t\t\t\t\t<div class=\"ekit-wid-con\">\t\t\t\t\t\t\t\t\n\t\t<div class=\"profile-card elementor-animation- text-center ekit-team-style-default\">\n\t\t\t\n\t\t\t\t<div class=\"profile-header ekit-team-img ekit-img-overlay ekit-team-img-block\" >\n\t\t\t\t\t<img loading=\"lazy\" decoding=\"async\" width=\"277\" height=\"277\" src=\"https:\/\/demo.webbankasi.com\/113\/wp-content\/uploads\/2025\/09\/adam1.jpg\" class=\"attachment-full size-full wp-image-182\" alt=\"\" srcset=\"https:\/\/demo.webbankasi.com\/113\/wp-content\/uploads\/2025\/09\/adam1.jpg 277w, https:\/\/demo.webbankasi.com\/113\/wp-content\/uploads\/2025\/09\/adam1-150x150.jpg 150w\" sizes=\"(max-width: 277px) 100vw, 277px\" \/>\t\t\t\t<\/div><!-- .profile-header END -->\n\t\t\t\n\n\t\t\t\t<div class=\"profile-body\">\n\t\t\t\t\t\n\t\t\t\t\t<h2 class=\"profile-title\">\n\t\t\t\t\t\t\t\t\t\t\tAv. Ad Soyad\t\t\t\t\t\t\t\t\t\t<\/h2>\n\t\t\t\t\t<p class=\"profile-designation\">Ceza Hukuku<\/p>\n\t\t\t\t\t\t\t\t\t<\/div><!-- .profile-body END -->\n\n\t\t\t\t\t\t\t\t\t<div class=\"profile-footer\">\n\t\t\t\t\t\t<ul class=\"ekit-team-social-list\">\n\t\t\t<li class=\"elementor-repeater-item-7413e96\">\n\t\t\t<a href=\"#\" aria-label=\"Facebook\">\n\t\t\t\t<svg aria-hidden=\"true\" class=\"e-font-icon-svg e-fab-instagram\" viewBox=\"0 0 448 512\" xmlns=\"http:\/\/www.w3.org\/2000\/svg\"><path d=\"M224.1 141c-63.6 0-114.9 51.3-114.9 114.9s51.3 114.9 114.9 114.9S339 319.5 339 255.9 287.7 141 224.1 141zm0 189.6c-41.1 0-74.7-33.5-74.7-74.7s33.5-74.7 74.7-74.7 74.7 33.5 74.7 74.7-33.6 74.7-74.7 74.7zm146.4-194.3c0 14.9-12 26.8-26.8 26.8-14.9 0-26.8-12-26.8-26.8s12-26.8 26.8-26.8 26.8 12 26.8 26.8zm76.1 27.2c-1.7-35.9-9.9-67.7-36.2-93.9-26.2-26.2-58-34.4-93.9-36.2-37-2.1-147.9-2.1-184.9 0-35.8 1.7-67.6 9.9-93.9 36.1s-34.4 58-36.2 93.9c-2.1 37-2.1 147.9 0 184.9 1.7 35.9 9.9 67.7 36.2 93.9s58 34.4 93.9 36.2c37 2.1 147.9 2.1 184.9 0 35.9-1.7 67.7-9.9 93.9-36.2 26.2-26.2 34.4-58 36.2-93.9 2.1-37 2.1-147.8 0-184.8zM398.8 388c-7.8 19.6-22.9 34.7-42.6 42.6-29.5 11.7-99.5 9-132.1 9s-102.7 2.6-132.1-9c-19.6-7.8-34.7-22.9-42.6-42.6-11.7-29.5-9-99.5-9-132.1s-2.6-102.7 9-132.1c7.8-19.6 22.9-34.7 42.6-42.6 29.5-11.7 99.5-9 132.1-9s102.7-2.6 132.1 9c19.6 7.8 34.7 22.9 42.6 42.6 11.7 29.5 9 99.5 9 132.1s2.7 102.7-9 132.1z\"><\/path><\/svg>\t\t\t<\/a>\n\t\t<\/li>\n\t\t\t<li class=\"elementor-repeater-item-9fe7a2e\">\n\t\t\t<a href=\"#\" aria-label=\"Linkedin\">\n\t\t\t\t<svg aria-hidden=\"true\" class=\"e-font-icon-svg e-fab-linkedin-in\" viewBox=\"0 0 448 512\" xmlns=\"http:\/\/www.w3.org\/2000\/svg\"><path d=\"M100.28 448H7.4V148.9h92.88zM53.79 108.1C24.09 108.1 0 83.5 0 53.8a53.79 53.79 0 0 1 107.58 0c0 29.7-24.1 54.3-53.79 54.3zM447.9 448h-92.68V302.4c0-34.7-.7-79.2-48.29-79.2-48.29 0-55.69 37.7-55.69 76.7V448h-92.78V148.9h89.08v40.8h1.3c12.4-23.5 42.69-48.3 87.88-48.3 94 0 111.28 61.9 111.28 142.3V448z\"><\/path><\/svg>\t\t\t<\/a>\n\t\t<\/li>\n\t\t\t<li class=\"elementor-repeater-item-f8d8f12\">\n\t\t\t<a href=\"#\" aria-label=\"X\">\n\t\t\t\t<svg aria-hidden=\"true\" class=\"e-font-icon-svg e-fab-x-twitter\" viewBox=\"0 0 512 512\" xmlns=\"http:\/\/www.w3.org\/2000\/svg\"><path d=\"M389.2 48h70.6L305.6 224.2 487 464H345L233.7 318.6 106.5 464H35.8L200.7 275.5 26.8 48H172.4L272.9 180.9 389.2 48zM364.4 421.8h39.1L151.1 88h-42L364.4 421.8z\"><\/path><\/svg>\t\t\t<\/a>\n\t\t<\/li>\n\t<\/ul>\n\t\t\t\t\t<\/div>\n\t\t\t\t\t\t\t\t\t<\/div>\n\t\t\t\t\t\t\t\n\t\t\t\n\t\t\t\t<\/div>\t\t\t\t<\/div>\n\t\t\t\t<\/div>\n\t\t\t\t<\/div>\n\t\t\t\t\t<\/div>\n\t\t\t\t<\/div>\n\t\t<div class=\"elementor-element elementor-element-ee9c44e e-flex e-con-boxed e-con e-parent\" data-id=\"ee9c44e\" data-element_type=\"container\">\n\t\t\t\t\t<div class=\"e-con-inner\">\n\t\t<div class=\"elementor-element elementor-element-989242e e-con-full e-flex e-con e-child\" data-id=\"989242e\" data-element_type=\"container\">\n\t\t\t\t<div class=\"elementor-element elementor-element-1a83e8b elementor-widget__width-initial elementor-widget elementor-widget-elementskit-heading\" data-id=\"1a83e8b\" data-element_type=\"widget\" data-widget_type=\"elementskit-heading.default\">\n\t\t\t\t\t<div class=\"ekit-wid-con\" ><div class=\"ekit-heading elementskit-section-title-wraper text_left   ekit_heading_tablet-text_center   ekit_heading_mobile-\"><h2 class=\"ekit-heading--title elementskit-section-title \"><span><span>\u00dccretsiz<\/span><\/span> \u00d6n Dan\u0131\u015fma<\/h2>\t\t\t\t<div class='ekit-heading__description'>\n\t\t\t\t\t<p>\u00d6n dan\u0131\u015fma almak i\u00e7in ileti\u015fime ge\u00e7in<\/p>\n\t\t\t\t<\/div>\n\t\t\t<\/div><\/div>\t\t\t\t<\/div>\n\t\t\t\t<div class=\"elementor-element elementor-element-ecf0ea5 elementor-align-left elementor-align--tabletcenter elementor-widget elementor-widget-elementskit-button\" data-id=\"ecf0ea5\" data-element_type=\"widget\" data-widget_type=\"elementskit-button.default\">\n\t\t\t\t\t<div class=\"ekit-wid-con\" >\t\t<div class=\"ekit-btn-wraper\">\n\t\t\t\t\t\t\t<a href=\"#\" class=\"elementskit-btn  whitespace--normal\" id=\"\">\n\t\t\t\t\t\u0130leti\u015fim\t\t\t\t<\/a>\n\t\t\t\t\t<\/div>\n        <\/div>\t\t\t\t<\/div>\n\t\t\t\t<\/div>\n\t\t\t\t\t<\/div>\n\t\t\t\t<\/div>\n\t\t\t\t<\/div>\n\t\t","protected":false},"excerpt":{"rendered":"<p>Ceza Hukuku 0 + Sertifikal\u0131 Avukat 0 + Dava Ceza Hukuku Nedir ? Ceza hukuku; bireylerin su\u00e7 isnad\u0131yla kar\u015f\u0131la\u015fmas\u0131 veya ma\u011fdur olmalar\u0131 halinde devreye girer ve haklar\u0131n etkin bi\u00e7imde korunmas\u0131n\u0131 gerektirir. Bu alan, ciddi sonu\u00e7lar do\u011furabilece\u011fi i\u00e7in deneyimli bir avukat deste\u011fiyle y\u00fcr\u00fct\u00fclmelidir. B\u00fcromuz, ceza davalar\u0131nda m\u00fcvekkillerinin haklar\u0131n\u0131 savunmak ve adil bir yarg\u0131lama s\u00fcreci sa\u011flamak i\u00e7in [&hellip;]<\/p>\n","protected":false},"author":2,"featured_media":0,"parent":0,"menu_order":0,"comment_status":"closed","ping_status":"closed","template":"elementor_header_footer","meta":{"footnotes":""},"class_list":["post-240","page","type-page","status-publish","hentry"],"_links":{"self":[{"href":"https:\/\/demo.webbankasi.com\/113\/wp-json\/wp\/v2\/pages\/240","targetHints":{"allow":["GET"]}}],"collection":[{"href":"https:\/\/demo.webbankasi.com\/113\/wp-json\/wp\/v2\/pages"}],"about":[{"href":"https:\/\/demo.webbankasi.com\/113\/wp-json\/wp\/v2\/types\/page"}],"author":[{"embeddable":true,"href":"https:\/\/demo.webbankasi.com\/113\/wp-json\/wp\/v2\/users\/2"}],"replies":[{"embeddable":true,"href":"https:\/\/demo.webbankasi.com\/113\/wp-json\/wp\/v2\/comments?post=240"}],"version-history":[{"count":8,"href":"https:\/\/demo.webbankasi.com\/113\/wp-json\/wp\/v2\/pages\/240\/revisions"}],"predecessor-version":[{"id":305,"href":"https:\/\/demo.webbankasi.com\/113\/wp-json\/wp\/v2\/pages\/240\/revisions\/305"}],"wp:attachment":[{"href":"https:\/\/demo.webbankasi.com\/113\/wp-json\/wp\/v2\/media?parent=240"}],"curies":[{"name":"wp","href":"https:\/\/api.w.org\/{rel}","templated":true}]}}